{"id":669,"date":"2026-01-26T13:43:41","date_gmt":"2026-01-26T13:43:41","guid":{"rendered":"https:\/\/www.monaandco.ch\/?post_type=product&#038;p=669"},"modified":"2026-01-26T15:07:32","modified_gmt":"2026-01-26T15:07:32","slug":"antike-osterreichische-uhr","status":"publish","type":"product","link":"https:\/\/www.monaandco.ch\/de\/product\/antique-austrian-clock\/","title":{"rendered":"Antike \u00f6sterreichische Uhr"},"content":{"rendered":"<p>Eine antike Holzuhr \u00f6sterreichischer Herkunft. Die polychrome Detail ist in sehr gutem Zustand f\u00fcr sein Alter. Der Mechanismus der Uhr fehlt jedoch, kann dies (zu den Kosten) in Z\u00fcrich auf Kundenwunsch restauriert werden.<\/p>\n<p>&nbsp;<\/p>\n<p>&nbsp;<\/p>","protected":false},"excerpt":{"rendered":"<p>Alle Produkte werden so verkauft, wie sie sind, das hei\u00dft, sie werden in dem Zustand angeboten, in dem sie sich zum Zeitpunkt des Kaufs befinden. Unvollkommenheiten und Patina sind nat\u00fcrliche Merkmale gealterter Gegenst\u00e4nde und stellen keine M\u00e4ngel dar. Jegliche Gew\u00e4hrleistungsanspr\u00fcche sind daher ausdr\u00fccklich ausgeschlossen.<\/p>","protected":false},"featured_media":806,"comment_status":"closed","ping_status":"closed","template":"","meta":{"_acf_changed":false},"product_brand":[],"product_cat":[43],"product_tag":[],"class_list":{"0":"post-669","1":"product","2":"type-product","3":"status-publish","4":"has-post-thumbnail","6":"product_cat-the-trunk","8":"first","9":"instock","10":"taxable","11":"shipping-taxable","12":"purchasable","13":"product-type-simple"},"acf":[],"yoast_head":"<!-- This site is optimized with the Yoast SEO plugin v27.2 - https:\/\/yoast.com\/product\/yoast-seo-wordpress\/ -->\n<title>Antique Austrian Clock - MONA &amp; Co.<\/title>\n<meta name=\"description\" content=\"A stunning wood and polychrome antique clock of Austrian origin. A wonderful collectible from MONA &amp; CO.. Zurich.\" \/>\n<meta name=\"robots\" content=\"index, follow, max-snippet:-1, max-image-preview:large, max-video-preview:-1\" \/>\n<link rel=\"canonical\" href=\"https:\/\/www.monaandco.ch\/de\/produkt\/antike-osterreichische-uhr\/\" \/>\n<meta property=\"og:locale\" content=\"de_DE\" \/>\n<meta property=\"og:type\" content=\"article\" \/>\n<meta property=\"og:title\" content=\"Antique Austrian Clock - MONA &amp; Co.\" \/>\n<meta property=\"og:description\" content=\"A stunning wood and polychrome antique clock of Austrian origin. A wonderful collectible from MONA &amp; CO.. Zurich.\" \/>\n<meta property=\"og:url\" content=\"https:\/\/www.monaandco.ch\/de\/produkt\/antike-osterreichische-uhr\/\" \/>\n<meta property=\"og:site_name\" content=\"MONA &amp; Co.\" \/>\n<meta property=\"article:modified_time\" content=\"2026-01-26T15:07:32+00:00\" \/>\n<meta property=\"og:image\" content=\"https:\/\/www.monaandco.ch\/wp-content\/uploads\/2026\/01\/Austrian-clock-Main.jpg\" \/>\n\t<meta property=\"og:image:width\" content=\"2236\" \/>\n\t<meta property=\"og:image:height\" content=\"2236\" \/>\n\t<meta property=\"og:image:type\" content=\"image\/jpeg\" \/>\n<meta name=\"twitter:card\" content=\"summary_large_image\" \/>\n<meta name=\"twitter:label1\" content=\"Gesch\u00e4tzte Lesezeit\" \/>\n\t<meta name=\"twitter:data1\" content=\"1\u00a0Minute\" \/>\n<script type=\"application\/ld+json\" class=\"yoast-schema-graph\">{\"@context\":\"https:\/\/schema.org\",\"@graph\":[{\"@type\":\"WebPage\",\"@id\":\"https:\/\/www.monaandco.ch\/product\/antique-austrian-clock\/\",\"url\":\"https:\/\/www.monaandco.ch\/product\/antique-austrian-clock\/\",\"name\":\"Antique Austrian Clock - MONA &amp; Co.\",\"isPartOf\":{\"@id\":\"https:\/\/www.monaandco.ch\/#website\"},\"primaryImageOfPage\":{\"@id\":\"https:\/\/www.monaandco.ch\/product\/antique-austrian-clock\/#primaryimage\"},\"image\":{\"@id\":\"https:\/\/www.monaandco.ch\/product\/antique-austrian-clock\/#primaryimage\"},\"thumbnailUrl\":\"https:\/\/www.monaandco.ch\/wp-content\/uploads\/2026\/01\/Austrian-clock-Main.jpg\",\"datePublished\":\"2026-01-26T13:43:41+00:00\",\"dateModified\":\"2026-01-26T15:07:32+00:00\",\"description\":\"A stunning wood and polychrome antique clock of Austrian origin. A wonderful collectible from MONA & CO.. Zurich.\",\"breadcrumb\":{\"@id\":\"https:\/\/www.monaandco.ch\/product\/antique-austrian-clock\/#breadcrumb\"},\"inLanguage\":\"de-CH\",\"potentialAction\":[{\"@type\":\"ReadAction\",\"target\":[\"https:\/\/www.monaandco.ch\/product\/antique-austrian-clock\/\"]}]},{\"@type\":\"ImageObject\",\"inLanguage\":\"de-CH\",\"@id\":\"https:\/\/www.monaandco.ch\/product\/antique-austrian-clock\/#primaryimage\",\"url\":\"https:\/\/www.monaandco.ch\/wp-content\/uploads\/2026\/01\/Austrian-clock-Main.jpg\",\"contentUrl\":\"https:\/\/www.monaandco.ch\/wp-content\/uploads\/2026\/01\/Austrian-clock-Main.jpg\",\"width\":2236,\"height\":2236},{\"@type\":\"BreadcrumbList\",\"@id\":\"https:\/\/www.monaandco.ch\/product\/antique-austrian-clock\/#breadcrumb\",\"itemListElement\":[{\"@type\":\"ListItem\",\"position\":1,\"name\":\"Home\",\"item\":\"https:\/\/www.monaandco.ch\/\"},{\"@type\":\"ListItem\",\"position\":2,\"name\":\"Products\",\"item\":\"https:\/\/www.monaandco.ch\/yellowdotcollection\/8-revision-v1\/\"},{\"@type\":\"ListItem\",\"position\":3,\"name\":\"Antique Austrian Clock\"}]},{\"@type\":\"WebSite\",\"@id\":\"https:\/\/www.monaandco.ch\/#website\",\"url\":\"https:\/\/www.monaandco.ch\/\",\"name\":\"MONA &amp; Co.\",\"description\":\"\",\"publisher\":{\"@id\":\"https:\/\/www.monaandco.ch\/#organization\"},\"potentialAction\":[{\"@type\":\"SearchAction\",\"target\":{\"@type\":\"EntryPoint\",\"urlTemplate\":\"https:\/\/www.monaandco.ch\/?s={search_term_string}\"},\"query-input\":{\"@type\":\"PropertyValueSpecification\",\"valueRequired\":true,\"valueName\":\"search_term_string\"}}],\"inLanguage\":\"de-CH\"},{\"@type\":\"Organization\",\"@id\":\"https:\/\/www.monaandco.ch\/#organization\",\"name\":\"MONA &amp; Co.\",\"url\":\"https:\/\/www.monaandco.ch\/\",\"logo\":{\"@type\":\"ImageObject\",\"inLanguage\":\"de-CH\",\"@id\":\"https:\/\/www.monaandco.ch\/#\/schema\/logo\/image\/\",\"url\":\"https:\/\/www.monaandco.ch\/wp-content\/uploads\/2026\/01\/MONA-CO.-Zurich-black-1.png\",\"contentUrl\":\"https:\/\/www.monaandco.ch\/wp-content\/uploads\/2026\/01\/MONA-CO.-Zurich-black-1.png\",\"width\":1032,\"height\":272,\"caption\":\"MONA &amp; Co.\"},\"image\":{\"@id\":\"https:\/\/www.monaandco.ch\/#\/schema\/logo\/image\/\"}}]}<\/script>\n<!-- \/ Yoast SEO plugin. -->","yoast_head_json":{"title":"Antike \u00f6sterreichische Uhr - MONA &amp; Co.","description":"Eine herrliche antike Uhr aus Holz und Polychromie \u00f6sterreichischer Herkunft. Ein wunderbares Sammlerst\u00fcck von MONA &amp; CO. Z\u00fcrich.","robots":{"index":"index","follow":"follow","max-snippet":"max-snippet:-1","max-image-preview":"max-image-preview:large","max-video-preview":"max-video-preview:-1"},"canonical":"https:\/\/www.monaandco.ch\/de\/produkt\/antike-osterreichische-uhr\/","og_locale":"de_DE","og_type":"article","og_title":"Antique Austrian Clock - MONA &amp; Co.","og_description":"A stunning wood and polychrome antique clock of Austrian origin. A wonderful collectible from MONA & CO.. Zurich.","og_url":"https:\/\/www.monaandco.ch\/de\/produkt\/antike-osterreichische-uhr\/","og_site_name":"MONA &amp; Co.","article_modified_time":"2026-01-26T15:07:32+00:00","og_image":[{"width":2236,"height":2236,"url":"https:\/\/www.monaandco.ch\/wp-content\/uploads\/2026\/01\/Austrian-clock-Main.jpg","type":"image\/jpeg"}],"twitter_card":"summary_large_image","twitter_misc":{"Gesch\u00e4tzte Lesezeit":"1\u00a0Minute"},"schema":{"@context":"https:\/\/schema.org","@graph":[{"@type":"WebPage","@id":"https:\/\/www.monaandco.ch\/product\/antique-austrian-clock\/","url":"https:\/\/www.monaandco.ch\/product\/antique-austrian-clock\/","name":"Antike \u00f6sterreichische Uhr - MONA &amp; Co.","isPartOf":{"@id":"https:\/\/www.monaandco.ch\/#website"},"primaryImageOfPage":{"@id":"https:\/\/www.monaandco.ch\/product\/antique-austrian-clock\/#primaryimage"},"image":{"@id":"https:\/\/www.monaandco.ch\/product\/antique-austrian-clock\/#primaryimage"},"thumbnailUrl":"https:\/\/www.monaandco.ch\/wp-content\/uploads\/2026\/01\/Austrian-clock-Main.jpg","datePublished":"2026-01-26T13:43:41+00:00","dateModified":"2026-01-26T15:07:32+00:00","description":"Eine herrliche antike Uhr aus Holz und Polychromie \u00f6sterreichischer Herkunft. Ein wunderbares Sammlerst\u00fcck von MONA &amp; CO. Z\u00fcrich.","breadcrumb":{"@id":"https:\/\/www.monaandco.ch\/product\/antique-austrian-clock\/#breadcrumb"},"inLanguage":"de-CH","potentialAction":[{"@type":"ReadAction","target":["https:\/\/www.monaandco.ch\/product\/antique-austrian-clock\/"]}]},{"@type":"ImageObject","inLanguage":"de-CH","@id":"https:\/\/www.monaandco.ch\/product\/antique-austrian-clock\/#primaryimage","url":"https:\/\/www.monaandco.ch\/wp-content\/uploads\/2026\/01\/Austrian-clock-Main.jpg","contentUrl":"https:\/\/www.monaandco.ch\/wp-content\/uploads\/2026\/01\/Austrian-clock-Main.jpg","width":2236,"height":2236},{"@type":"BreadcrumbList","@id":"https:\/\/www.monaandco.ch\/product\/antique-austrian-clock\/#breadcrumb","itemListElement":[{"@type":"ListItem","position":1,"name":"Home","item":"https:\/\/www.monaandco.ch\/"},{"@type":"ListItem","position":2,"name":"Products","item":"https:\/\/www.monaandco.ch\/yellowdotcollection\/8-revision-v1\/"},{"@type":"ListItem","position":3,"name":"Antique Austrian Clock"}]},{"@type":"WebSite","@id":"https:\/\/www.monaandco.ch\/#website","url":"https:\/\/www.monaandco.ch\/","name":"MONA &amp; Co.","description":"","publisher":{"@id":"https:\/\/www.monaandco.ch\/#organization"},"potentialAction":[{"@type":"SearchAction","target":{"@type":"EntryPoint","urlTemplate":"https:\/\/www.monaandco.ch\/?s={search_term_string}"},"query-input":{"@type":"PropertyValueSpecification","valueRequired":true,"valueName":"search_term_string"}}],"inLanguage":"de-CH"},{"@type":"Organization","@id":"https:\/\/www.monaandco.ch\/#organization","name":"MONA &amp; Co.","url":"https:\/\/www.monaandco.ch\/","logo":{"@type":"ImageObject","inLanguage":"de-CH","@id":"https:\/\/www.monaandco.ch\/#\/schema\/logo\/image\/","url":"https:\/\/www.monaandco.ch\/wp-content\/uploads\/2026\/01\/MONA-CO.-Zurich-black-1.png","contentUrl":"https:\/\/www.monaandco.ch\/wp-content\/uploads\/2026\/01\/MONA-CO.-Zurich-black-1.png","width":1032,"height":272,"caption":"MONA &amp; Co."},"image":{"@id":"https:\/\/www.monaandco.ch\/#\/schema\/logo\/image\/"}}]}},"_links":{"self":[{"href":"https:\/\/www.monaandco.ch\/de\/wp-json\/wp\/v2\/product\/669","targetHints":{"allow":["GET"]}}],"collection":[{"href":"https:\/\/www.monaandco.ch\/de\/wp-json\/wp\/v2\/product"}],"about":[{"href":"https:\/\/www.monaandco.ch\/de\/wp-json\/wp\/v2\/types\/product"}],"replies":[{"embeddable":true,"href":"https:\/\/www.monaandco.ch\/de\/wp-json\/wp\/v2\/comments?post=669"}],"wp:featuredmedia":[{"embeddable":true,"href":"https:\/\/www.monaandco.ch\/de\/wp-json\/wp\/v2\/media\/806"}],"wp:attachment":[{"href":"https:\/\/www.monaandco.ch\/de\/wp-json\/wp\/v2\/media?parent=669"}],"wp:term":[{"taxonomy":"product_brand","embeddable":true,"href":"https:\/\/www.monaandco.ch\/de\/wp-json\/wp\/v2\/product_brand?post=669"},{"taxonomy":"product_cat","embeddable":true,"href":"https:\/\/www.monaandco.ch\/de\/wp-json\/wp\/v2\/product_cat?post=669"},{"taxonomy":"product_tag","embeddable":true,"href":"https:\/\/www.monaandco.ch\/de\/wp-json\/wp\/v2\/product_tag?post=669"}],"curies":[{"name":"wp","href":"https:\/\/api.w.org\/{rel}","templated":true}]}}