{"id":657,"date":"2026-01-26T13:43:11","date_gmt":"2026-01-26T13:43:11","guid":{"rendered":"https:\/\/www.monaandco.ch\/?post_type=product&#038;p=657"},"modified":"2026-01-26T16:06:44","modified_gmt":"2026-01-26T16:06:44","slug":"franzosische-stehlampe-aus-giltwood","status":"publish","type":"product","link":"https:\/\/www.monaandco.ch\/de\/product\/giltwood-french-floor-lamp\/","title":{"rendered":"Stehleuchte Giltwood French"},"content":{"rendered":"<p>Eine sehr gro\u00dfe und imposante Stehlampe aus vergoldetem Holz. Wir glauben, dass dies eine Antiquit\u00e4t franz\u00f6sischer Herkunft ist. Der Stamm der Lampe hat gr\u00fcne Farbe in den Rillen und der Gesamtzustand ist gut angesichts seines Alters. Der Lampenschirm hat die Zeit nicht \u00fcberlebt, aber wir haben den Rahmen (in brauchbarem Zustand), wenn ein Kunde es m\u00f6chte.<\/p>","protected":false},"excerpt":{"rendered":"<p>Alle Produkte werden so verkauft, wie sie sind, das hei\u00dft, sie werden in dem Zustand angeboten, in dem sie sich zum Zeitpunkt des Kaufs befinden. Unvollkommenheiten und Patina sind nat\u00fcrliche Merkmale gealterter Gegenst\u00e4nde und stellen keine M\u00e4ngel dar. Jegliche Gew\u00e4hrleistungsanspr\u00fcche sind daher ausdr\u00fccklich ausgeschlossen.<\/p>","protected":false},"featured_media":800,"comment_status":"closed","ping_status":"closed","template":"","meta":{"_acf_changed":false},"product_brand":[],"product_cat":[41],"product_tag":[],"class_list":{"0":"post-657","1":"product","2":"type-product","3":"status-publish","4":"has-post-thumbnail","6":"product_cat-lights","8":"first","9":"instock","10":"taxable","11":"shipping-taxable","12":"purchasable","13":"product-type-simple"},"acf":[],"yoast_head":"<!-- This site is optimized with the Yoast SEO plugin v27.2 - https:\/\/yoast.com\/product\/yoast-seo-wordpress\/ -->\n<title>Giltwood French Floor Lamp - MONA &amp; Co.<\/title>\n<meta name=\"description\" content=\"A very tall French giltwood antique lamp. Will make an imposing and elegant feature in a room or even an entrance. Collectibles from MONA &amp; CO..\" \/>\n<meta name=\"robots\" content=\"index, follow, max-snippet:-1, max-image-preview:large, max-video-preview:-1\" \/>\n<link rel=\"canonical\" href=\"https:\/\/www.monaandco.ch\/de\/produkt\/franzosische-stehlampe-aus-giltwood\/\" \/>\n<meta property=\"og:locale\" content=\"de_DE\" \/>\n<meta property=\"og:type\" content=\"article\" \/>\n<meta property=\"og:title\" content=\"Giltwood French Floor Lamp - MONA &amp; Co.\" \/>\n<meta property=\"og:description\" content=\"A very tall French giltwood antique lamp. Will make an imposing and elegant feature in a room or even an entrance. Collectibles from MONA &amp; CO..\" \/>\n<meta property=\"og:url\" content=\"https:\/\/www.monaandco.ch\/de\/produkt\/franzosische-stehlampe-aus-giltwood\/\" \/>\n<meta property=\"og:site_name\" content=\"MONA &amp; Co.\" \/>\n<meta property=\"article:modified_time\" content=\"2026-01-26T16:06:44+00:00\" \/>\n<meta property=\"og:image\" content=\"https:\/\/www.monaandco.ch\/wp-content\/uploads\/2026\/01\/Giltwood-Floor-Lamp.jpg\" \/>\n\t<meta property=\"og:image:width\" content=\"2236\" \/>\n\t<meta property=\"og:image:height\" content=\"2236\" \/>\n\t<meta property=\"og:image:type\" content=\"image\/jpeg\" \/>\n<meta name=\"twitter:card\" content=\"summary_large_image\" \/>\n<meta name=\"twitter:label1\" content=\"Gesch\u00e4tzte Lesezeit\" \/>\n\t<meta name=\"twitter:data1\" content=\"1\u00a0Minute\" \/>\n<script type=\"application\/ld+json\" class=\"yoast-schema-graph\">{\"@context\":\"https:\/\/schema.org\",\"@graph\":[{\"@type\":\"WebPage\",\"@id\":\"https:\/\/www.monaandco.ch\/product\/giltwood-french-floor-lamp\/\",\"url\":\"https:\/\/www.monaandco.ch\/product\/giltwood-french-floor-lamp\/\",\"name\":\"Giltwood French Floor Lamp - MONA &amp; Co.\",\"isPartOf\":{\"@id\":\"https:\/\/www.monaandco.ch\/#website\"},\"primaryImageOfPage\":{\"@id\":\"https:\/\/www.monaandco.ch\/product\/giltwood-french-floor-lamp\/#primaryimage\"},\"image\":{\"@id\":\"https:\/\/www.monaandco.ch\/product\/giltwood-french-floor-lamp\/#primaryimage\"},\"thumbnailUrl\":\"https:\/\/www.monaandco.ch\/wp-content\/uploads\/2026\/01\/Giltwood-Floor-Lamp.jpg\",\"datePublished\":\"2026-01-26T13:43:11+00:00\",\"dateModified\":\"2026-01-26T16:06:44+00:00\",\"description\":\"A very tall French giltwood antique lamp. Will make an imposing and elegant feature in a room or even an entrance. Collectibles from MONA & CO..\",\"breadcrumb\":{\"@id\":\"https:\/\/www.monaandco.ch\/product\/giltwood-french-floor-lamp\/#breadcrumb\"},\"inLanguage\":\"de-CH\",\"potentialAction\":[{\"@type\":\"ReadAction\",\"target\":[\"https:\/\/www.monaandco.ch\/product\/giltwood-french-floor-lamp\/\"]}]},{\"@type\":\"ImageObject\",\"inLanguage\":\"de-CH\",\"@id\":\"https:\/\/www.monaandco.ch\/product\/giltwood-french-floor-lamp\/#primaryimage\",\"url\":\"https:\/\/www.monaandco.ch\/wp-content\/uploads\/2026\/01\/Giltwood-Floor-Lamp.jpg\",\"contentUrl\":\"https:\/\/www.monaandco.ch\/wp-content\/uploads\/2026\/01\/Giltwood-Floor-Lamp.jpg\",\"width\":2236,\"height\":2236},{\"@type\":\"BreadcrumbList\",\"@id\":\"https:\/\/www.monaandco.ch\/product\/giltwood-french-floor-lamp\/#breadcrumb\",\"itemListElement\":[{\"@type\":\"ListItem\",\"position\":1,\"name\":\"Home\",\"item\":\"https:\/\/www.monaandco.ch\/\"},{\"@type\":\"ListItem\",\"position\":2,\"name\":\"Products\",\"item\":\"https:\/\/www.monaandco.ch\/yellowdotcollection\/8-revision-v1\/\"},{\"@type\":\"ListItem\",\"position\":3,\"name\":\"Giltwood French Floor Lamp\"}]},{\"@type\":\"WebSite\",\"@id\":\"https:\/\/www.monaandco.ch\/#website\",\"url\":\"https:\/\/www.monaandco.ch\/\",\"name\":\"MONA &amp; Co.\",\"description\":\"\",\"publisher\":{\"@id\":\"https:\/\/www.monaandco.ch\/#organization\"},\"potentialAction\":[{\"@type\":\"SearchAction\",\"target\":{\"@type\":\"EntryPoint\",\"urlTemplate\":\"https:\/\/www.monaandco.ch\/?s={search_term_string}\"},\"query-input\":{\"@type\":\"PropertyValueSpecification\",\"valueRequired\":true,\"valueName\":\"search_term_string\"}}],\"inLanguage\":\"de-CH\"},{\"@type\":\"Organization\",\"@id\":\"https:\/\/www.monaandco.ch\/#organization\",\"name\":\"MONA &amp; Co.\",\"url\":\"https:\/\/www.monaandco.ch\/\",\"logo\":{\"@type\":\"ImageObject\",\"inLanguage\":\"de-CH\",\"@id\":\"https:\/\/www.monaandco.ch\/#\/schema\/logo\/image\/\",\"url\":\"https:\/\/www.monaandco.ch\/wp-content\/uploads\/2026\/01\/MONA-CO.-Zurich-black-1.png\",\"contentUrl\":\"https:\/\/www.monaandco.ch\/wp-content\/uploads\/2026\/01\/MONA-CO.-Zurich-black-1.png\",\"width\":1032,\"height\":272,\"caption\":\"MONA &amp; Co.\"},\"image\":{\"@id\":\"https:\/\/www.monaandco.ch\/#\/schema\/logo\/image\/\"}}]}<\/script>\n<!-- \/ Yoast SEO plugin. -->","yoast_head_json":{"title":"Franz\u00f6sische Stehlampe aus Giltwood - MONA &amp; Co.","description":"Eine sehr hohe antike Lampe aus franz\u00f6sischem Vergoldungsholz. Sie ist ein imposantes und elegantes Element in einem Raum oder sogar in einem Eingangsbereich. Sammlerst\u00fccke von MONA &amp; CO..","robots":{"index":"index","follow":"follow","max-snippet":"max-snippet:-1","max-image-preview":"max-image-preview:large","max-video-preview":"max-video-preview:-1"},"canonical":"https:\/\/www.monaandco.ch\/de\/produkt\/franzosische-stehlampe-aus-giltwood\/","og_locale":"de_DE","og_type":"article","og_title":"Giltwood French Floor Lamp - MONA &amp; Co.","og_description":"A very tall French giltwood antique lamp. Will make an imposing and elegant feature in a room or even an entrance. Collectibles from MONA & CO..","og_url":"https:\/\/www.monaandco.ch\/de\/produkt\/franzosische-stehlampe-aus-giltwood\/","og_site_name":"MONA &amp; Co.","article_modified_time":"2026-01-26T16:06:44+00:00","og_image":[{"width":2236,"height":2236,"url":"https:\/\/www.monaandco.ch\/wp-content\/uploads\/2026\/01\/Giltwood-Floor-Lamp.jpg","type":"image\/jpeg"}],"twitter_card":"summary_large_image","twitter_misc":{"Gesch\u00e4tzte Lesezeit":"1\u00a0Minute"},"schema":{"@context":"https:\/\/schema.org","@graph":[{"@type":"WebPage","@id":"https:\/\/www.monaandco.ch\/product\/giltwood-french-floor-lamp\/","url":"https:\/\/www.monaandco.ch\/product\/giltwood-french-floor-lamp\/","name":"Franz\u00f6sische Stehlampe aus Giltwood - MONA &amp; Co.","isPartOf":{"@id":"https:\/\/www.monaandco.ch\/#website"},"primaryImageOfPage":{"@id":"https:\/\/www.monaandco.ch\/product\/giltwood-french-floor-lamp\/#primaryimage"},"image":{"@id":"https:\/\/www.monaandco.ch\/product\/giltwood-french-floor-lamp\/#primaryimage"},"thumbnailUrl":"https:\/\/www.monaandco.ch\/wp-content\/uploads\/2026\/01\/Giltwood-Floor-Lamp.jpg","datePublished":"2026-01-26T13:43:11+00:00","dateModified":"2026-01-26T16:06:44+00:00","description":"Eine sehr hohe antike Lampe aus franz\u00f6sischem Vergoldungsholz. Sie ist ein imposantes und elegantes Element in einem Raum oder sogar in einem Eingangsbereich. Sammlerst\u00fccke von MONA &amp; CO..","breadcrumb":{"@id":"https:\/\/www.monaandco.ch\/product\/giltwood-french-floor-lamp\/#breadcrumb"},"inLanguage":"de-CH","potentialAction":[{"@type":"ReadAction","target":["https:\/\/www.monaandco.ch\/product\/giltwood-french-floor-lamp\/"]}]},{"@type":"ImageObject","inLanguage":"de-CH","@id":"https:\/\/www.monaandco.ch\/product\/giltwood-french-floor-lamp\/#primaryimage","url":"https:\/\/www.monaandco.ch\/wp-content\/uploads\/2026\/01\/Giltwood-Floor-Lamp.jpg","contentUrl":"https:\/\/www.monaandco.ch\/wp-content\/uploads\/2026\/01\/Giltwood-Floor-Lamp.jpg","width":2236,"height":2236},{"@type":"BreadcrumbList","@id":"https:\/\/www.monaandco.ch\/product\/giltwood-french-floor-lamp\/#breadcrumb","itemListElement":[{"@type":"ListItem","position":1,"name":"Home","item":"https:\/\/www.monaandco.ch\/"},{"@type":"ListItem","position":2,"name":"Products","item":"https:\/\/www.monaandco.ch\/yellowdotcollection\/8-revision-v1\/"},{"@type":"ListItem","position":3,"name":"Giltwood French Floor Lamp"}]},{"@type":"WebSite","@id":"https:\/\/www.monaandco.ch\/#website","url":"https:\/\/www.monaandco.ch\/","name":"MONA &amp; Co.","description":"","publisher":{"@id":"https:\/\/www.monaandco.ch\/#organization"},"potentialAction":[{"@type":"SearchAction","target":{"@type":"EntryPoint","urlTemplate":"https:\/\/www.monaandco.ch\/?s={search_term_string}"},"query-input":{"@type":"PropertyValueSpecification","valueRequired":true,"valueName":"search_term_string"}}],"inLanguage":"de-CH"},{"@type":"Organization","@id":"https:\/\/www.monaandco.ch\/#organization","name":"MONA &amp; Co.","url":"https:\/\/www.monaandco.ch\/","logo":{"@type":"ImageObject","inLanguage":"de-CH","@id":"https:\/\/www.monaandco.ch\/#\/schema\/logo\/image\/","url":"https:\/\/www.monaandco.ch\/wp-content\/uploads\/2026\/01\/MONA-CO.-Zurich-black-1.png","contentUrl":"https:\/\/www.monaandco.ch\/wp-content\/uploads\/2026\/01\/MONA-CO.-Zurich-black-1.png","width":1032,"height":272,"caption":"MONA &amp; Co."},"image":{"@id":"https:\/\/www.monaandco.ch\/#\/schema\/logo\/image\/"}}]}},"_links":{"self":[{"href":"https:\/\/www.monaandco.ch\/de\/wp-json\/wp\/v2\/product\/657","targetHints":{"allow":["GET"]}}],"collection":[{"href":"https:\/\/www.monaandco.ch\/de\/wp-json\/wp\/v2\/product"}],"about":[{"href":"https:\/\/www.monaandco.ch\/de\/wp-json\/wp\/v2\/types\/product"}],"replies":[{"embeddable":true,"href":"https:\/\/www.monaandco.ch\/de\/wp-json\/wp\/v2\/comments?post=657"}],"wp:featuredmedia":[{"embeddable":true,"href":"https:\/\/www.monaandco.ch\/de\/wp-json\/wp\/v2\/media\/800"}],"wp:attachment":[{"href":"https:\/\/www.monaandco.ch\/de\/wp-json\/wp\/v2\/media?parent=657"}],"wp:term":[{"taxonomy":"product_brand","embeddable":true,"href":"https:\/\/www.monaandco.ch\/de\/wp-json\/wp\/v2\/product_brand?post=657"},{"taxonomy":"product_cat","embeddable":true,"href":"https:\/\/www.monaandco.ch\/de\/wp-json\/wp\/v2\/product_cat?post=657"},{"taxonomy":"product_tag","embeddable":true,"href":"https:\/\/www.monaandco.ch\/de\/wp-json\/wp\/v2\/product_tag?post=657"}],"curies":[{"name":"wp","href":"https:\/\/api.w.org\/{rel}","templated":true}]}}