{"id":629,"date":"2026-01-26T13:42:17","date_gmt":"2026-01-26T13:42:17","guid":{"rendered":"https:\/\/www.monaandco.ch\/?post_type=product&#038;p=629"},"modified":"2026-01-26T15:58:28","modified_gmt":"2026-01-26T15:58:28","slug":"restaurierungszeit-bronze-und-marmor-hohe-kerzenleuchter","status":"publish","type":"product","link":"https:\/\/www.monaandco.ch\/de\/product\/restoration-period-bronze-and-marble-tall-candlesticks\/","title":{"rendered":"Gro\u00dfer Kerzenleuchter aus Bronze und Marmor aus der Restaurationszeit"},"content":{"rendered":"<p>Ein raffiniertes Paar Kerzenleuchter aus Bronze und Siena-Marmor aus der franz\u00f6sischen Restaurationszeit. Ein auff\u00e4lliges Paar Kerzenst\u00e4nder. Ein Sammlerst\u00fcck, von dem wir glauben, dass es jeden Einrichtungsstil aufwerten wird.  Wunderbar auf einer Konsole, einem Esstisch oder einem gro\u00dfen Kaminsims.  Das tiefe Gelb des Marmors hebt sich wunderbar von der tiefen, fast schwarzen Bronze ab.<\/p>","protected":false},"excerpt":{"rendered":"<p>Alle Produkte werden so verkauft, wie sie sind, das hei\u00dft, sie werden in dem Zustand angeboten, in dem sie sich zum Zeitpunkt des Kaufs befinden. Unvollkommenheiten und Patina sind nat\u00fcrliche Merkmale gealterter Gegenst\u00e4nde und stellen keine M\u00e4ngel dar. Jegliche Gew\u00e4hrleistungsanspr\u00fcche sind daher ausdr\u00fccklich ausgeschlossen.<\/p>","protected":false},"featured_media":768,"comment_status":"closed","ping_status":"closed","template":"","meta":{"_acf_changed":false},"product_brand":[],"product_cat":[40],"product_tag":[],"class_list":{"0":"post-629","1":"product","2":"type-product","3":"status-publish","4":"has-post-thumbnail","6":"product_cat-accessories","8":"first","9":"instock","10":"taxable","11":"shipping-taxable","12":"purchasable","13":"product-type-simple"},"acf":[],"yoast_head":"<!-- This site is optimized with the Yoast SEO plugin v27.2 - https:\/\/yoast.com\/product\/yoast-seo-wordpress\/ -->\n<title>Restoration Period Bronze and Marble Tall Candlesticks - MONA &amp; Co.<\/title>\n<meta name=\"description\" content=\"Sophisticated pair of antique Bronze and Sienna marble candlesticks from the French Restoration Period. Beautiful Things for interiors. Zurich to the world.\" \/>\n<meta name=\"robots\" content=\"index, follow, max-snippet:-1, max-image-preview:large, max-video-preview:-1\" \/>\n<link rel=\"canonical\" href=\"https:\/\/www.monaandco.ch\/de\/produkt\/restaurierungszeit-bronze-und-marmor-hohe-kerzenleuchter\/\" \/>\n<meta property=\"og:locale\" content=\"de_DE\" \/>\n<meta property=\"og:type\" content=\"article\" \/>\n<meta property=\"og:title\" content=\"Restoration Period Bronze and Marble Tall Candlesticks - MONA &amp; Co.\" \/>\n<meta property=\"og:description\" content=\"Sophisticated pair of antique Bronze and Sienna marble candlesticks from the French Restoration Period. Beautiful Things for interiors. Zurich to the world.\" \/>\n<meta property=\"og:url\" content=\"https:\/\/www.monaandco.ch\/de\/produkt\/restaurierungszeit-bronze-und-marmor-hohe-kerzenleuchter\/\" \/>\n<meta property=\"og:site_name\" content=\"MONA &amp; Co.\" \/>\n<meta property=\"article:modified_time\" content=\"2026-01-26T15:58:28+00:00\" \/>\n<meta property=\"og:image\" content=\"https:\/\/www.monaandco.ch\/wp-content\/uploads\/2026\/01\/Yellow-Dot-Collection-May-2025_Sarah-Reuland_Web_34.webp\" \/>\n\t<meta property=\"og:image:width\" content=\"2000\" \/>\n\t<meta property=\"og:image:height\" content=\"2000\" \/>\n\t<meta property=\"og:image:type\" content=\"image\/webp\" \/>\n<meta name=\"twitter:card\" content=\"summary_large_image\" \/>\n<meta name=\"twitter:label1\" content=\"Gesch\u00e4tzte Lesezeit\" \/>\n\t<meta name=\"twitter:data1\" content=\"1\u00a0Minute\" \/>\n<script type=\"application\/ld+json\" class=\"yoast-schema-graph\">{\"@context\":\"https:\/\/schema.org\",\"@graph\":[{\"@type\":\"WebPage\",\"@id\":\"https:\/\/www.monaandco.ch\/product\/restoration-period-bronze-and-marble-tall-candlesticks\/\",\"url\":\"https:\/\/www.monaandco.ch\/product\/restoration-period-bronze-and-marble-tall-candlesticks\/\",\"name\":\"Restoration Period Bronze and Marble Tall Candlesticks - MONA &amp; Co.\",\"isPartOf\":{\"@id\":\"https:\/\/www.monaandco.ch\/#website\"},\"primaryImageOfPage\":{\"@id\":\"https:\/\/www.monaandco.ch\/product\/restoration-period-bronze-and-marble-tall-candlesticks\/#primaryimage\"},\"image\":{\"@id\":\"https:\/\/www.monaandco.ch\/product\/restoration-period-bronze-and-marble-tall-candlesticks\/#primaryimage\"},\"thumbnailUrl\":\"https:\/\/www.monaandco.ch\/wp-content\/uploads\/2026\/01\/Yellow-Dot-Collection-May-2025_Sarah-Reuland_Web_34.webp\",\"datePublished\":\"2026-01-26T13:42:17+00:00\",\"dateModified\":\"2026-01-26T15:58:28+00:00\",\"description\":\"Sophisticated pair of antique Bronze and Sienna marble candlesticks from the French Restoration Period. Beautiful Things for interiors. Zurich to the world.\",\"breadcrumb\":{\"@id\":\"https:\/\/www.monaandco.ch\/product\/restoration-period-bronze-and-marble-tall-candlesticks\/#breadcrumb\"},\"inLanguage\":\"de-CH\",\"potentialAction\":[{\"@type\":\"ReadAction\",\"target\":[\"https:\/\/www.monaandco.ch\/product\/restoration-period-bronze-and-marble-tall-candlesticks\/\"]}]},{\"@type\":\"ImageObject\",\"inLanguage\":\"de-CH\",\"@id\":\"https:\/\/www.monaandco.ch\/product\/restoration-period-bronze-and-marble-tall-candlesticks\/#primaryimage\",\"url\":\"https:\/\/www.monaandco.ch\/wp-content\/uploads\/2026\/01\/Yellow-Dot-Collection-May-2025_Sarah-Reuland_Web_34.webp\",\"contentUrl\":\"https:\/\/www.monaandco.ch\/wp-content\/uploads\/2026\/01\/Yellow-Dot-Collection-May-2025_Sarah-Reuland_Web_34.webp\",\"width\":2000,\"height\":2000},{\"@type\":\"BreadcrumbList\",\"@id\":\"https:\/\/www.monaandco.ch\/product\/restoration-period-bronze-and-marble-tall-candlesticks\/#breadcrumb\",\"itemListElement\":[{\"@type\":\"ListItem\",\"position\":1,\"name\":\"Home\",\"item\":\"https:\/\/www.monaandco.ch\/\"},{\"@type\":\"ListItem\",\"position\":2,\"name\":\"Products\",\"item\":\"https:\/\/www.monaandco.ch\/yellowdotcollection\/8-revision-v1\/\"},{\"@type\":\"ListItem\",\"position\":3,\"name\":\"Restoration Period Bronze and Marble Tall Candlesticks\"}]},{\"@type\":\"WebSite\",\"@id\":\"https:\/\/www.monaandco.ch\/#website\",\"url\":\"https:\/\/www.monaandco.ch\/\",\"name\":\"MONA &amp; Co.\",\"description\":\"\",\"publisher\":{\"@id\":\"https:\/\/www.monaandco.ch\/#organization\"},\"potentialAction\":[{\"@type\":\"SearchAction\",\"target\":{\"@type\":\"EntryPoint\",\"urlTemplate\":\"https:\/\/www.monaandco.ch\/?s={search_term_string}\"},\"query-input\":{\"@type\":\"PropertyValueSpecification\",\"valueRequired\":true,\"valueName\":\"search_term_string\"}}],\"inLanguage\":\"de-CH\"},{\"@type\":\"Organization\",\"@id\":\"https:\/\/www.monaandco.ch\/#organization\",\"name\":\"MONA &amp; Co.\",\"url\":\"https:\/\/www.monaandco.ch\/\",\"logo\":{\"@type\":\"ImageObject\",\"inLanguage\":\"de-CH\",\"@id\":\"https:\/\/www.monaandco.ch\/#\/schema\/logo\/image\/\",\"url\":\"https:\/\/www.monaandco.ch\/wp-content\/uploads\/2026\/01\/MONA-CO.-Zurich-black-1.png\",\"contentUrl\":\"https:\/\/www.monaandco.ch\/wp-content\/uploads\/2026\/01\/MONA-CO.-Zurich-black-1.png\",\"width\":1032,\"height\":272,\"caption\":\"MONA &amp; Co.\"},\"image\":{\"@id\":\"https:\/\/www.monaandco.ch\/#\/schema\/logo\/image\/\"}}]}<\/script>\n<!-- \/ Yoast SEO plugin. -->","yoast_head_json":{"title":"Hohe Kerzenst\u00e4nder aus Bronze und Marmor aus der Restaurierungszeit - MONA &amp; Co.","description":"Raffiniertes Paar antiker Kerzenleuchter aus Bronze und Siena-Marmor aus der franz\u00f6sischen Restaurationszeit. Sch\u00f6ne Dinge f\u00fcr Innenr\u00e4ume. Z\u00fcrich f\u00fcr die ganze Welt.","robots":{"index":"index","follow":"follow","max-snippet":"max-snippet:-1","max-image-preview":"max-image-preview:large","max-video-preview":"max-video-preview:-1"},"canonical":"https:\/\/www.monaandco.ch\/de\/produkt\/restaurierungszeit-bronze-und-marmor-hohe-kerzenleuchter\/","og_locale":"de_DE","og_type":"article","og_title":"Restoration Period Bronze and Marble Tall Candlesticks - MONA &amp; Co.","og_description":"Sophisticated pair of antique Bronze and Sienna marble candlesticks from the French Restoration Period. Beautiful Things for interiors. Zurich to the world.","og_url":"https:\/\/www.monaandco.ch\/de\/produkt\/restaurierungszeit-bronze-und-marmor-hohe-kerzenleuchter\/","og_site_name":"MONA &amp; Co.","article_modified_time":"2026-01-26T15:58:28+00:00","og_image":[{"width":2000,"height":2000,"url":"https:\/\/www.monaandco.ch\/wp-content\/uploads\/2026\/01\/Yellow-Dot-Collection-May-2025_Sarah-Reuland_Web_34.webp","type":"image\/webp"}],"twitter_card":"summary_large_image","twitter_misc":{"Gesch\u00e4tzte Lesezeit":"1\u00a0Minute"},"schema":{"@context":"https:\/\/schema.org","@graph":[{"@type":"WebPage","@id":"https:\/\/www.monaandco.ch\/product\/restoration-period-bronze-and-marble-tall-candlesticks\/","url":"https:\/\/www.monaandco.ch\/product\/restoration-period-bronze-and-marble-tall-candlesticks\/","name":"Hohe Kerzenst\u00e4nder aus Bronze und Marmor aus der Restaurierungszeit - MONA &amp; Co.","isPartOf":{"@id":"https:\/\/www.monaandco.ch\/#website"},"primaryImageOfPage":{"@id":"https:\/\/www.monaandco.ch\/product\/restoration-period-bronze-and-marble-tall-candlesticks\/#primaryimage"},"image":{"@id":"https:\/\/www.monaandco.ch\/product\/restoration-period-bronze-and-marble-tall-candlesticks\/#primaryimage"},"thumbnailUrl":"https:\/\/www.monaandco.ch\/wp-content\/uploads\/2026\/01\/Yellow-Dot-Collection-May-2025_Sarah-Reuland_Web_34.webp","datePublished":"2026-01-26T13:42:17+00:00","dateModified":"2026-01-26T15:58:28+00:00","description":"Raffiniertes Paar antiker Kerzenleuchter aus Bronze und Siena-Marmor aus der franz\u00f6sischen Restaurationszeit. Sch\u00f6ne Dinge f\u00fcr Innenr\u00e4ume. Z\u00fcrich f\u00fcr die ganze Welt.","breadcrumb":{"@id":"https:\/\/www.monaandco.ch\/product\/restoration-period-bronze-and-marble-tall-candlesticks\/#breadcrumb"},"inLanguage":"de-CH","potentialAction":[{"@type":"ReadAction","target":["https:\/\/www.monaandco.ch\/product\/restoration-period-bronze-and-marble-tall-candlesticks\/"]}]},{"@type":"ImageObject","inLanguage":"de-CH","@id":"https:\/\/www.monaandco.ch\/product\/restoration-period-bronze-and-marble-tall-candlesticks\/#primaryimage","url":"https:\/\/www.monaandco.ch\/wp-content\/uploads\/2026\/01\/Yellow-Dot-Collection-May-2025_Sarah-Reuland_Web_34.webp","contentUrl":"https:\/\/www.monaandco.ch\/wp-content\/uploads\/2026\/01\/Yellow-Dot-Collection-May-2025_Sarah-Reuland_Web_34.webp","width":2000,"height":2000},{"@type":"BreadcrumbList","@id":"https:\/\/www.monaandco.ch\/product\/restoration-period-bronze-and-marble-tall-candlesticks\/#breadcrumb","itemListElement":[{"@type":"ListItem","position":1,"name":"Home","item":"https:\/\/www.monaandco.ch\/"},{"@type":"ListItem","position":2,"name":"Products","item":"https:\/\/www.monaandco.ch\/yellowdotcollection\/8-revision-v1\/"},{"@type":"ListItem","position":3,"name":"Restoration Period Bronze and Marble Tall Candlesticks"}]},{"@type":"WebSite","@id":"https:\/\/www.monaandco.ch\/#website","url":"https:\/\/www.monaandco.ch\/","name":"MONA &amp; Co.","description":"","publisher":{"@id":"https:\/\/www.monaandco.ch\/#organization"},"potentialAction":[{"@type":"SearchAction","target":{"@type":"EntryPoint","urlTemplate":"https:\/\/www.monaandco.ch\/?s={search_term_string}"},"query-input":{"@type":"PropertyValueSpecification","valueRequired":true,"valueName":"search_term_string"}}],"inLanguage":"de-CH"},{"@type":"Organization","@id":"https:\/\/www.monaandco.ch\/#organization","name":"MONA &amp; Co.","url":"https:\/\/www.monaandco.ch\/","logo":{"@type":"ImageObject","inLanguage":"de-CH","@id":"https:\/\/www.monaandco.ch\/#\/schema\/logo\/image\/","url":"https:\/\/www.monaandco.ch\/wp-content\/uploads\/2026\/01\/MONA-CO.-Zurich-black-1.png","contentUrl":"https:\/\/www.monaandco.ch\/wp-content\/uploads\/2026\/01\/MONA-CO.-Zurich-black-1.png","width":1032,"height":272,"caption":"MONA &amp; Co."},"image":{"@id":"https:\/\/www.monaandco.ch\/#\/schema\/logo\/image\/"}}]}},"_links":{"self":[{"href":"https:\/\/www.monaandco.ch\/de\/wp-json\/wp\/v2\/product\/629","targetHints":{"allow":["GET"]}}],"collection":[{"href":"https:\/\/www.monaandco.ch\/de\/wp-json\/wp\/v2\/product"}],"about":[{"href":"https:\/\/www.monaandco.ch\/de\/wp-json\/wp\/v2\/types\/product"}],"replies":[{"embeddable":true,"href":"https:\/\/www.monaandco.ch\/de\/wp-json\/wp\/v2\/comments?post=629"}],"wp:featuredmedia":[{"embeddable":true,"href":"https:\/\/www.monaandco.ch\/de\/wp-json\/wp\/v2\/media\/768"}],"wp:attachment":[{"href":"https:\/\/www.monaandco.ch\/de\/wp-json\/wp\/v2\/media?parent=629"}],"wp:term":[{"taxonomy":"product_brand","embeddable":true,"href":"https:\/\/www.monaandco.ch\/de\/wp-json\/wp\/v2\/product_brand?post=629"},{"taxonomy":"product_cat","embeddable":true,"href":"https:\/\/www.monaandco.ch\/de\/wp-json\/wp\/v2\/product_cat?post=629"},{"taxonomy":"product_tag","embeddable":true,"href":"https:\/\/www.monaandco.ch\/de\/wp-json\/wp\/v2\/product_tag?post=629"}],"curies":[{"name":"wp","href":"https:\/\/api.w.org\/{rel}","templated":true}]}}