{"id":595,"date":"2026-01-26T13:41:04","date_gmt":"2026-01-26T13:41:04","guid":{"rendered":"https:\/\/www.monaandco.ch\/?post_type=product&#038;p=595"},"modified":"2026-01-26T15:49:54","modified_gmt":"2026-01-26T15:49:54","slug":"spanischer-schreibtisch-aus-dem-19","status":"publish","type":"product","link":"https:\/\/www.monaandco.ch\/de\/product\/19th-century-spanish-desk\/","title":{"rendered":"Spanischer Schreibtisch aus dem 19."},"content":{"rendered":"<p>Ein spanischer Schreibtisch aus dem 19. Jahrhundert, handgefertigt im traditionellen Stil. Dieser Schreibtisch aus Massivholz verf\u00fcgt \u00fcber eine obere \u00d6ffnung mit 3 Schubladen im Inneren des Tisches. Voller Charme dieser Schreibtisch bringt einen Hauch von Geschichte und einzigartigen Charme zu Ihrem Raum. Wir haben den Tisch abgeschliffen und Sie k\u00f6nnen ihn so lassen, wie er ist, oder ihn nach Ihrem Geschmack polieren lassen. Die Innenseite des Tisches hat noch die urspr\u00fcngliche Patina, falls Sie diese Farbe bevorzugen. Wir k\u00f6nnen den Tisch bei Bedarf von einem Fachmann polieren lassen (Kostenpflichtig).<\/p>","protected":false},"excerpt":{"rendered":"<p>Alle Produkte werden so verkauft, wie sie sind, das hei\u00dft, sie werden in dem Zustand angeboten, in dem sie sich zum Zeitpunkt des Kaufs befinden. Unvollkommenheiten und Patina sind nat\u00fcrliche Merkmale gealterter Gegenst\u00e4nde und stellen keine M\u00e4ngel dar. Jegliche Gew\u00e4hrleistungsanspr\u00fcche sind daher ausdr\u00fccklich ausgeschlossen.<\/p>","protected":false},"featured_media":747,"comment_status":"closed","ping_status":"closed","template":"","meta":{"_acf_changed":false},"product_brand":[],"product_cat":[39],"product_tag":[],"class_list":{"0":"post-595","1":"product","2":"type-product","3":"status-publish","4":"has-post-thumbnail","6":"product_cat-furniture","8":"first","9":"instock","10":"taxable","11":"shipping-taxable","12":"purchasable","13":"product-type-simple"},"acf":[],"yoast_head":"<!-- This site is optimized with the Yoast SEO plugin v27.2 - https:\/\/yoast.com\/product\/yoast-seo-wordpress\/ -->\n<title>19th Century Spanish Desk - MONA &amp; Co.<\/title>\n<meta name=\"description\" content=\"19th Century Spanish handcrafted wood desk in traditional style. It features a top opening with 3 drawers inside. Zurich to world. Beautiful Things.\" \/>\n<meta name=\"robots\" content=\"index, follow, max-snippet:-1, max-image-preview:large, max-video-preview:-1\" \/>\n<link rel=\"canonical\" href=\"https:\/\/www.monaandco.ch\/de\/produkt\/spanischer-schreibtisch-aus-dem-19\/\" \/>\n<meta property=\"og:locale\" content=\"de_DE\" \/>\n<meta property=\"og:type\" content=\"article\" \/>\n<meta property=\"og:title\" content=\"19th Century Spanish Desk - MONA &amp; Co.\" \/>\n<meta property=\"og:description\" content=\"19th Century Spanish handcrafted wood desk in traditional style. It features a top opening with 3 drawers inside. Zurich to world. Beautiful Things.\" \/>\n<meta property=\"og:url\" content=\"https:\/\/www.monaandco.ch\/de\/produkt\/spanischer-schreibtisch-aus-dem-19\/\" \/>\n<meta property=\"og:site_name\" content=\"MONA &amp; Co.\" \/>\n<meta property=\"article:modified_time\" content=\"2026-01-26T15:49:54+00:00\" \/>\n<meta property=\"og:image\" content=\"https:\/\/www.monaandco.ch\/wp-content\/uploads\/2026\/01\/Yellow-Dot-Collection-May-2025_Sarah-Reuland_Web_28.webp\" \/>\n\t<meta property=\"og:image:width\" content=\"2000\" \/>\n\t<meta property=\"og:image:height\" content=\"2000\" \/>\n\t<meta property=\"og:image:type\" content=\"image\/webp\" \/>\n<meta name=\"twitter:card\" content=\"summary_large_image\" \/>\n<meta name=\"twitter:label1\" content=\"Gesch\u00e4tzte Lesezeit\" \/>\n\t<meta name=\"twitter:data1\" content=\"1\u00a0Minute\" \/>\n<script type=\"application\/ld+json\" class=\"yoast-schema-graph\">{\"@context\":\"https:\/\/schema.org\",\"@graph\":[{\"@type\":\"WebPage\",\"@id\":\"https:\/\/www.monaandco.ch\/product\/19th-century-spanish-desk\/\",\"url\":\"https:\/\/www.monaandco.ch\/product\/19th-century-spanish-desk\/\",\"name\":\"19th Century Spanish Desk - MONA &amp; Co.\",\"isPartOf\":{\"@id\":\"https:\/\/www.monaandco.ch\/#website\"},\"primaryImageOfPage\":{\"@id\":\"https:\/\/www.monaandco.ch\/product\/19th-century-spanish-desk\/#primaryimage\"},\"image\":{\"@id\":\"https:\/\/www.monaandco.ch\/product\/19th-century-spanish-desk\/#primaryimage\"},\"thumbnailUrl\":\"https:\/\/www.monaandco.ch\/wp-content\/uploads\/2026\/01\/Yellow-Dot-Collection-May-2025_Sarah-Reuland_Web_28.webp\",\"datePublished\":\"2026-01-26T13:41:04+00:00\",\"dateModified\":\"2026-01-26T15:49:54+00:00\",\"description\":\"19th Century Spanish handcrafted wood desk in traditional style. It features a top opening with 3 drawers inside. Zurich to world. Beautiful Things.\",\"breadcrumb\":{\"@id\":\"https:\/\/www.monaandco.ch\/product\/19th-century-spanish-desk\/#breadcrumb\"},\"inLanguage\":\"de-CH\",\"potentialAction\":[{\"@type\":\"ReadAction\",\"target\":[\"https:\/\/www.monaandco.ch\/product\/19th-century-spanish-desk\/\"]}]},{\"@type\":\"ImageObject\",\"inLanguage\":\"de-CH\",\"@id\":\"https:\/\/www.monaandco.ch\/product\/19th-century-spanish-desk\/#primaryimage\",\"url\":\"https:\/\/www.monaandco.ch\/wp-content\/uploads\/2026\/01\/Yellow-Dot-Collection-May-2025_Sarah-Reuland_Web_28.webp\",\"contentUrl\":\"https:\/\/www.monaandco.ch\/wp-content\/uploads\/2026\/01\/Yellow-Dot-Collection-May-2025_Sarah-Reuland_Web_28.webp\",\"width\":2000,\"height\":2000},{\"@type\":\"BreadcrumbList\",\"@id\":\"https:\/\/www.monaandco.ch\/product\/19th-century-spanish-desk\/#breadcrumb\",\"itemListElement\":[{\"@type\":\"ListItem\",\"position\":1,\"name\":\"Home\",\"item\":\"https:\/\/www.monaandco.ch\/\"},{\"@type\":\"ListItem\",\"position\":2,\"name\":\"Products\",\"item\":\"https:\/\/www.monaandco.ch\/yellowdotcollection\/8-revision-v1\/\"},{\"@type\":\"ListItem\",\"position\":3,\"name\":\"19th Century Spanish Desk\"}]},{\"@type\":\"WebSite\",\"@id\":\"https:\/\/www.monaandco.ch\/#website\",\"url\":\"https:\/\/www.monaandco.ch\/\",\"name\":\"MONA &amp; Co.\",\"description\":\"\",\"publisher\":{\"@id\":\"https:\/\/www.monaandco.ch\/#organization\"},\"potentialAction\":[{\"@type\":\"SearchAction\",\"target\":{\"@type\":\"EntryPoint\",\"urlTemplate\":\"https:\/\/www.monaandco.ch\/?s={search_term_string}\"},\"query-input\":{\"@type\":\"PropertyValueSpecification\",\"valueRequired\":true,\"valueName\":\"search_term_string\"}}],\"inLanguage\":\"de-CH\"},{\"@type\":\"Organization\",\"@id\":\"https:\/\/www.monaandco.ch\/#organization\",\"name\":\"MONA &amp; Co.\",\"url\":\"https:\/\/www.monaandco.ch\/\",\"logo\":{\"@type\":\"ImageObject\",\"inLanguage\":\"de-CH\",\"@id\":\"https:\/\/www.monaandco.ch\/#\/schema\/logo\/image\/\",\"url\":\"https:\/\/www.monaandco.ch\/wp-content\/uploads\/2026\/01\/MONA-CO.-Zurich-black-1.png\",\"contentUrl\":\"https:\/\/www.monaandco.ch\/wp-content\/uploads\/2026\/01\/MONA-CO.-Zurich-black-1.png\",\"width\":1032,\"height\":272,\"caption\":\"MONA &amp; Co.\"},\"image\":{\"@id\":\"https:\/\/www.monaandco.ch\/#\/schema\/logo\/image\/\"}}]}<\/script>\n<!-- \/ Yoast SEO plugin. -->","yoast_head_json":{"title":"Spanischer Schreibtisch des 19. Jahrhunderts - MONA &amp; Co.","description":"Handgefertigter spanischer Holzschreibtisch des 19. Jahrhunderts im traditionellen Stil. Er ist von oben zu \u00f6ffnen und hat 3 Schubladen. Von Z\u00fcrich in die Welt. Sch\u00f6ne Dinge.","robots":{"index":"index","follow":"follow","max-snippet":"max-snippet:-1","max-image-preview":"max-image-preview:large","max-video-preview":"max-video-preview:-1"},"canonical":"https:\/\/www.monaandco.ch\/de\/produkt\/spanischer-schreibtisch-aus-dem-19\/","og_locale":"de_DE","og_type":"article","og_title":"19th Century Spanish Desk - MONA &amp; Co.","og_description":"19th Century Spanish handcrafted wood desk in traditional style. It features a top opening with 3 drawers inside. Zurich to world. Beautiful Things.","og_url":"https:\/\/www.monaandco.ch\/de\/produkt\/spanischer-schreibtisch-aus-dem-19\/","og_site_name":"MONA &amp; Co.","article_modified_time":"2026-01-26T15:49:54+00:00","og_image":[{"width":2000,"height":2000,"url":"https:\/\/www.monaandco.ch\/wp-content\/uploads\/2026\/01\/Yellow-Dot-Collection-May-2025_Sarah-Reuland_Web_28.webp","type":"image\/webp"}],"twitter_card":"summary_large_image","twitter_misc":{"Gesch\u00e4tzte Lesezeit":"1\u00a0Minute"},"schema":{"@context":"https:\/\/schema.org","@graph":[{"@type":"WebPage","@id":"https:\/\/www.monaandco.ch\/product\/19th-century-spanish-desk\/","url":"https:\/\/www.monaandco.ch\/product\/19th-century-spanish-desk\/","name":"Spanischer Schreibtisch des 19. Jahrhunderts - MONA &amp; Co.","isPartOf":{"@id":"https:\/\/www.monaandco.ch\/#website"},"primaryImageOfPage":{"@id":"https:\/\/www.monaandco.ch\/product\/19th-century-spanish-desk\/#primaryimage"},"image":{"@id":"https:\/\/www.monaandco.ch\/product\/19th-century-spanish-desk\/#primaryimage"},"thumbnailUrl":"https:\/\/www.monaandco.ch\/wp-content\/uploads\/2026\/01\/Yellow-Dot-Collection-May-2025_Sarah-Reuland_Web_28.webp","datePublished":"2026-01-26T13:41:04+00:00","dateModified":"2026-01-26T15:49:54+00:00","description":"Handgefertigter spanischer Holzschreibtisch des 19. Jahrhunderts im traditionellen Stil. Er ist von oben zu \u00f6ffnen und hat 3 Schubladen. Von Z\u00fcrich in die Welt. Sch\u00f6ne Dinge.","breadcrumb":{"@id":"https:\/\/www.monaandco.ch\/product\/19th-century-spanish-desk\/#breadcrumb"},"inLanguage":"de-CH","potentialAction":[{"@type":"ReadAction","target":["https:\/\/www.monaandco.ch\/product\/19th-century-spanish-desk\/"]}]},{"@type":"ImageObject","inLanguage":"de-CH","@id":"https:\/\/www.monaandco.ch\/product\/19th-century-spanish-desk\/#primaryimage","url":"https:\/\/www.monaandco.ch\/wp-content\/uploads\/2026\/01\/Yellow-Dot-Collection-May-2025_Sarah-Reuland_Web_28.webp","contentUrl":"https:\/\/www.monaandco.ch\/wp-content\/uploads\/2026\/01\/Yellow-Dot-Collection-May-2025_Sarah-Reuland_Web_28.webp","width":2000,"height":2000},{"@type":"BreadcrumbList","@id":"https:\/\/www.monaandco.ch\/product\/19th-century-spanish-desk\/#breadcrumb","itemListElement":[{"@type":"ListItem","position":1,"name":"Home","item":"https:\/\/www.monaandco.ch\/"},{"@type":"ListItem","position":2,"name":"Products","item":"https:\/\/www.monaandco.ch\/yellowdotcollection\/8-revision-v1\/"},{"@type":"ListItem","position":3,"name":"19th Century Spanish Desk"}]},{"@type":"WebSite","@id":"https:\/\/www.monaandco.ch\/#website","url":"https:\/\/www.monaandco.ch\/","name":"MONA &amp; Co.","description":"","publisher":{"@id":"https:\/\/www.monaandco.ch\/#organization"},"potentialAction":[{"@type":"SearchAction","target":{"@type":"EntryPoint","urlTemplate":"https:\/\/www.monaandco.ch\/?s={search_term_string}"},"query-input":{"@type":"PropertyValueSpecification","valueRequired":true,"valueName":"search_term_string"}}],"inLanguage":"de-CH"},{"@type":"Organization","@id":"https:\/\/www.monaandco.ch\/#organization","name":"MONA &amp; Co.","url":"https:\/\/www.monaandco.ch\/","logo":{"@type":"ImageObject","inLanguage":"de-CH","@id":"https:\/\/www.monaandco.ch\/#\/schema\/logo\/image\/","url":"https:\/\/www.monaandco.ch\/wp-content\/uploads\/2026\/01\/MONA-CO.-Zurich-black-1.png","contentUrl":"https:\/\/www.monaandco.ch\/wp-content\/uploads\/2026\/01\/MONA-CO.-Zurich-black-1.png","width":1032,"height":272,"caption":"MONA &amp; Co."},"image":{"@id":"https:\/\/www.monaandco.ch\/#\/schema\/logo\/image\/"}}]}},"_links":{"self":[{"href":"https:\/\/www.monaandco.ch\/de\/wp-json\/wp\/v2\/product\/595","targetHints":{"allow":["GET"]}}],"collection":[{"href":"https:\/\/www.monaandco.ch\/de\/wp-json\/wp\/v2\/product"}],"about":[{"href":"https:\/\/www.monaandco.ch\/de\/wp-json\/wp\/v2\/types\/product"}],"replies":[{"embeddable":true,"href":"https:\/\/www.monaandco.ch\/de\/wp-json\/wp\/v2\/comments?post=595"}],"wp:featuredmedia":[{"embeddable":true,"href":"https:\/\/www.monaandco.ch\/de\/wp-json\/wp\/v2\/media\/747"}],"wp:attachment":[{"href":"https:\/\/www.monaandco.ch\/de\/wp-json\/wp\/v2\/media?parent=595"}],"wp:term":[{"taxonomy":"product_brand","embeddable":true,"href":"https:\/\/www.monaandco.ch\/de\/wp-json\/wp\/v2\/product_brand?post=595"},{"taxonomy":"product_cat","embeddable":true,"href":"https:\/\/www.monaandco.ch\/de\/wp-json\/wp\/v2\/product_cat?post=595"},{"taxonomy":"product_tag","embeddable":true,"href":"https:\/\/www.monaandco.ch\/de\/wp-json\/wp\/v2\/product_tag?post=595"}],"curies":[{"name":"wp","href":"https:\/\/api.w.org\/{rel}","templated":true}]}}