{"id":521,"date":"2026-01-26T13:38:31","date_gmt":"2026-01-26T13:38:31","guid":{"rendered":"https:\/\/www.monaandco.ch\/?post_type=product&#038;p=521"},"modified":"2026-01-26T16:04:54","modified_gmt":"2026-01-26T16:04:54","slug":"spiegel-und-konsole","status":"publish","type":"product","link":"https:\/\/www.monaandco.ch\/de\/product\/mirror-and-console\/","title":{"rendered":"Spiegel und Konsole"},"content":{"rendered":"<p>Dieses Spiegel- und Konsolenset im Rokokostil ist eine zeitlose Replik einer viel \u00e4lteren Antiquit\u00e4t aus der Schweiz. Der Marmor der Konsole leuchtet bei Lichteinfall fast durchsichtig. Ein wahres St\u00fcck Geschichte, mit feinen Schnitzereien und komplizierter Farbgebung. Der Spiegel und die Konsole wurden vor kurzem von einem Spezialisten in Z\u00fcrich sorgf\u00e4ltig restauriert, wobei die im Laufe der Zeit verblassten Farben wieder aufgefrischt wurden, um sicherzustellen, dass die Eleganz auch f\u00fcr k\u00fcnftige Generationen erhalten bleibt.<\/p>","protected":false},"excerpt":{"rendered":"<p>Alle Produkte werden so verkauft, wie sie sind, das hei\u00dft, sie werden in dem Zustand angeboten, in dem sie sich zum Zeitpunkt des Kaufs befinden. Unvollkommenheiten und Patina sind nat\u00fcrliche Merkmale gealterter Gegenst\u00e4nde und stellen keine M\u00e4ngel dar. Jegliche Gew\u00e4hrleistungsanspr\u00fcche sind daher ausdr\u00fccklich ausgeschlossen.<\/p>","protected":false},"featured_media":675,"comment_status":"closed","ping_status":"closed","template":"","meta":{"_acf_changed":false},"product_brand":[],"product_cat":[42],"product_tag":[],"class_list":{"0":"post-521","1":"product","2":"type-product","3":"status-publish","4":"has-post-thumbnail","6":"product_cat-mirrors","8":"first","9":"instock","10":"taxable","11":"shipping-taxable","12":"purchasable","13":"product-type-simple"},"acf":[],"yoast_head":"<!-- This site is optimized with the Yoast SEO plugin v27.2 - https:\/\/yoast.com\/product\/yoast-seo-wordpress\/ -->\n<title>Mirror and Console - MONA &amp; Co.<\/title>\n<meta name=\"description\" content=\"Antique rococo style mirror and console. Delicate carving and beautifully painted with some gold. Beautiful Things from our collection. Zurich Switzerland.\" \/>\n<meta name=\"robots\" content=\"index, follow, max-snippet:-1, max-image-preview:large, max-video-preview:-1\" \/>\n<link rel=\"canonical\" href=\"https:\/\/www.monaandco.ch\/de\/produkt\/spiegel-und-konsole\/\" \/>\n<meta property=\"og:locale\" content=\"de_DE\" \/>\n<meta property=\"og:type\" content=\"article\" \/>\n<meta property=\"og:title\" content=\"Mirror and Console - MONA &amp; Co.\" \/>\n<meta property=\"og:description\" content=\"Antique rococo style mirror and console. Delicate carving and beautifully painted with some gold. Beautiful Things from our collection. Zurich Switzerland.\" \/>\n<meta property=\"og:url\" content=\"https:\/\/www.monaandco.ch\/de\/produkt\/spiegel-und-konsole\/\" \/>\n<meta property=\"og:site_name\" content=\"MONA &amp; Co.\" \/>\n<meta property=\"article:modified_time\" content=\"2026-01-26T16:04:54+00:00\" \/>\n<meta property=\"og:image\" content=\"https:\/\/www.monaandco.ch\/wp-content\/uploads\/2026\/01\/Mirror-and-Console-Main.webp\" \/>\n\t<meta property=\"og:image:width\" content=\"2000\" \/>\n\t<meta property=\"og:image:height\" content=\"2000\" \/>\n\t<meta property=\"og:image:type\" content=\"image\/webp\" \/>\n<meta name=\"twitter:card\" content=\"summary_large_image\" \/>\n<meta name=\"twitter:label1\" content=\"Gesch\u00e4tzte Lesezeit\" \/>\n\t<meta name=\"twitter:data1\" content=\"1\u00a0Minute\" \/>\n<script type=\"application\/ld+json\" class=\"yoast-schema-graph\">{\"@context\":\"https:\/\/schema.org\",\"@graph\":[{\"@type\":\"WebPage\",\"@id\":\"https:\/\/www.monaandco.ch\/product\/mirror-and-console\/\",\"url\":\"https:\/\/www.monaandco.ch\/product\/mirror-and-console\/\",\"name\":\"Mirror and Console - MONA &amp; Co.\",\"isPartOf\":{\"@id\":\"https:\/\/www.monaandco.ch\/#website\"},\"primaryImageOfPage\":{\"@id\":\"https:\/\/www.monaandco.ch\/product\/mirror-and-console\/#primaryimage\"},\"image\":{\"@id\":\"https:\/\/www.monaandco.ch\/product\/mirror-and-console\/#primaryimage\"},\"thumbnailUrl\":\"https:\/\/www.monaandco.ch\/wp-content\/uploads\/2026\/01\/Mirror-and-Console-Main.webp\",\"datePublished\":\"2026-01-26T13:38:31+00:00\",\"dateModified\":\"2026-01-26T16:04:54+00:00\",\"description\":\"Antique rococo style mirror and console. Delicate carving and beautifully painted with some gold. Beautiful Things from our collection. Zurich Switzerland.\",\"breadcrumb\":{\"@id\":\"https:\/\/www.monaandco.ch\/product\/mirror-and-console\/#breadcrumb\"},\"inLanguage\":\"de-CH\",\"potentialAction\":[{\"@type\":\"ReadAction\",\"target\":[\"https:\/\/www.monaandco.ch\/product\/mirror-and-console\/\"]}]},{\"@type\":\"ImageObject\",\"inLanguage\":\"de-CH\",\"@id\":\"https:\/\/www.monaandco.ch\/product\/mirror-and-console\/#primaryimage\",\"url\":\"https:\/\/www.monaandco.ch\/wp-content\/uploads\/2026\/01\/Mirror-and-Console-Main.webp\",\"contentUrl\":\"https:\/\/www.monaandco.ch\/wp-content\/uploads\/2026\/01\/Mirror-and-Console-Main.webp\",\"width\":2000,\"height\":2000},{\"@type\":\"BreadcrumbList\",\"@id\":\"https:\/\/www.monaandco.ch\/product\/mirror-and-console\/#breadcrumb\",\"itemListElement\":[{\"@type\":\"ListItem\",\"position\":1,\"name\":\"Home\",\"item\":\"https:\/\/www.monaandco.ch\/\"},{\"@type\":\"ListItem\",\"position\":2,\"name\":\"Products\",\"item\":\"https:\/\/www.monaandco.ch\/yellowdotcollection\/8-revision-v1\/\"},{\"@type\":\"ListItem\",\"position\":3,\"name\":\"Mirror and Console\"}]},{\"@type\":\"WebSite\",\"@id\":\"https:\/\/www.monaandco.ch\/#website\",\"url\":\"https:\/\/www.monaandco.ch\/\",\"name\":\"MONA &amp; Co.\",\"description\":\"\",\"publisher\":{\"@id\":\"https:\/\/www.monaandco.ch\/#organization\"},\"potentialAction\":[{\"@type\":\"SearchAction\",\"target\":{\"@type\":\"EntryPoint\",\"urlTemplate\":\"https:\/\/www.monaandco.ch\/?s={search_term_string}\"},\"query-input\":{\"@type\":\"PropertyValueSpecification\",\"valueRequired\":true,\"valueName\":\"search_term_string\"}}],\"inLanguage\":\"de-CH\"},{\"@type\":\"Organization\",\"@id\":\"https:\/\/www.monaandco.ch\/#organization\",\"name\":\"MONA &amp; Co.\",\"url\":\"https:\/\/www.monaandco.ch\/\",\"logo\":{\"@type\":\"ImageObject\",\"inLanguage\":\"de-CH\",\"@id\":\"https:\/\/www.monaandco.ch\/#\/schema\/logo\/image\/\",\"url\":\"https:\/\/www.monaandco.ch\/wp-content\/uploads\/2026\/01\/MONA-CO.-Zurich-black-1.png\",\"contentUrl\":\"https:\/\/www.monaandco.ch\/wp-content\/uploads\/2026\/01\/MONA-CO.-Zurich-black-1.png\",\"width\":1032,\"height\":272,\"caption\":\"MONA &amp; Co.\"},\"image\":{\"@id\":\"https:\/\/www.monaandco.ch\/#\/schema\/logo\/image\/\"}}]}<\/script>\n<!-- \/ Yoast SEO plugin. -->","yoast_head_json":{"title":"Spiegel und Konsole - MONA &amp; Co.","description":"Antiker Spiegel und Konsole im Rokoko-Stil. Zarte Schnitzerei und sch\u00f6n mit etwas Gold gemalt. Sch\u00f6ne Dinge aus unserer Sammlung. Z\u00fcrich Schweiz.","robots":{"index":"index","follow":"follow","max-snippet":"max-snippet:-1","max-image-preview":"max-image-preview:large","max-video-preview":"max-video-preview:-1"},"canonical":"https:\/\/www.monaandco.ch\/de\/produkt\/spiegel-und-konsole\/","og_locale":"de_DE","og_type":"article","og_title":"Mirror and Console - MONA &amp; Co.","og_description":"Antique rococo style mirror and console. Delicate carving and beautifully painted with some gold. Beautiful Things from our collection. Zurich Switzerland.","og_url":"https:\/\/www.monaandco.ch\/de\/produkt\/spiegel-und-konsole\/","og_site_name":"MONA &amp; Co.","article_modified_time":"2026-01-26T16:04:54+00:00","og_image":[{"width":2000,"height":2000,"url":"https:\/\/www.monaandco.ch\/wp-content\/uploads\/2026\/01\/Mirror-and-Console-Main.webp","type":"image\/webp"}],"twitter_card":"summary_large_image","twitter_misc":{"Gesch\u00e4tzte Lesezeit":"1\u00a0Minute"},"schema":{"@context":"https:\/\/schema.org","@graph":[{"@type":"WebPage","@id":"https:\/\/www.monaandco.ch\/product\/mirror-and-console\/","url":"https:\/\/www.monaandco.ch\/product\/mirror-and-console\/","name":"Spiegel und Konsole - MONA &amp; Co.","isPartOf":{"@id":"https:\/\/www.monaandco.ch\/#website"},"primaryImageOfPage":{"@id":"https:\/\/www.monaandco.ch\/product\/mirror-and-console\/#primaryimage"},"image":{"@id":"https:\/\/www.monaandco.ch\/product\/mirror-and-console\/#primaryimage"},"thumbnailUrl":"https:\/\/www.monaandco.ch\/wp-content\/uploads\/2026\/01\/Mirror-and-Console-Main.webp","datePublished":"2026-01-26T13:38:31+00:00","dateModified":"2026-01-26T16:04:54+00:00","description":"Antiker Spiegel und Konsole im Rokoko-Stil. Zarte Schnitzerei und sch\u00f6n mit etwas Gold gemalt. Sch\u00f6ne Dinge aus unserer Sammlung. Z\u00fcrich Schweiz.","breadcrumb":{"@id":"https:\/\/www.monaandco.ch\/product\/mirror-and-console\/#breadcrumb"},"inLanguage":"de-CH","potentialAction":[{"@type":"ReadAction","target":["https:\/\/www.monaandco.ch\/product\/mirror-and-console\/"]}]},{"@type":"ImageObject","inLanguage":"de-CH","@id":"https:\/\/www.monaandco.ch\/product\/mirror-and-console\/#primaryimage","url":"https:\/\/www.monaandco.ch\/wp-content\/uploads\/2026\/01\/Mirror-and-Console-Main.webp","contentUrl":"https:\/\/www.monaandco.ch\/wp-content\/uploads\/2026\/01\/Mirror-and-Console-Main.webp","width":2000,"height":2000},{"@type":"BreadcrumbList","@id":"https:\/\/www.monaandco.ch\/product\/mirror-and-console\/#breadcrumb","itemListElement":[{"@type":"ListItem","position":1,"name":"Home","item":"https:\/\/www.monaandco.ch\/"},{"@type":"ListItem","position":2,"name":"Products","item":"https:\/\/www.monaandco.ch\/yellowdotcollection\/8-revision-v1\/"},{"@type":"ListItem","position":3,"name":"Mirror and Console"}]},{"@type":"WebSite","@id":"https:\/\/www.monaandco.ch\/#website","url":"https:\/\/www.monaandco.ch\/","name":"MONA &amp; Co.","description":"","publisher":{"@id":"https:\/\/www.monaandco.ch\/#organization"},"potentialAction":[{"@type":"SearchAction","target":{"@type":"EntryPoint","urlTemplate":"https:\/\/www.monaandco.ch\/?s={search_term_string}"},"query-input":{"@type":"PropertyValueSpecification","valueRequired":true,"valueName":"search_term_string"}}],"inLanguage":"de-CH"},{"@type":"Organization","@id":"https:\/\/www.monaandco.ch\/#organization","name":"MONA &amp; Co.","url":"https:\/\/www.monaandco.ch\/","logo":{"@type":"ImageObject","inLanguage":"de-CH","@id":"https:\/\/www.monaandco.ch\/#\/schema\/logo\/image\/","url":"https:\/\/www.monaandco.ch\/wp-content\/uploads\/2026\/01\/MONA-CO.-Zurich-black-1.png","contentUrl":"https:\/\/www.monaandco.ch\/wp-content\/uploads\/2026\/01\/MONA-CO.-Zurich-black-1.png","width":1032,"height":272,"caption":"MONA &amp; Co."},"image":{"@id":"https:\/\/www.monaandco.ch\/#\/schema\/logo\/image\/"}}]}},"_links":{"self":[{"href":"https:\/\/www.monaandco.ch\/de\/wp-json\/wp\/v2\/product\/521","targetHints":{"allow":["GET"]}}],"collection":[{"href":"https:\/\/www.monaandco.ch\/de\/wp-json\/wp\/v2\/product"}],"about":[{"href":"https:\/\/www.monaandco.ch\/de\/wp-json\/wp\/v2\/types\/product"}],"replies":[{"embeddable":true,"href":"https:\/\/www.monaandco.ch\/de\/wp-json\/wp\/v2\/comments?post=521"}],"wp:featuredmedia":[{"embeddable":true,"href":"https:\/\/www.monaandco.ch\/de\/wp-json\/wp\/v2\/media\/675"}],"wp:attachment":[{"href":"https:\/\/www.monaandco.ch\/de\/wp-json\/wp\/v2\/media?parent=521"}],"wp:term":[{"taxonomy":"product_brand","embeddable":true,"href":"https:\/\/www.monaandco.ch\/de\/wp-json\/wp\/v2\/product_brand?post=521"},{"taxonomy":"product_cat","embeddable":true,"href":"https:\/\/www.monaandco.ch\/de\/wp-json\/wp\/v2\/product_cat?post=521"},{"taxonomy":"product_tag","embeddable":true,"href":"https:\/\/www.monaandco.ch\/de\/wp-json\/wp\/v2\/product_tag?post=521"}],"curies":[{"name":"wp","href":"https:\/\/api.w.org\/{rel}","templated":true}]}}