{"id":480,"date":"2026-01-26T13:36:55","date_gmt":"2026-01-26T13:36:55","guid":{"rendered":"https:\/\/www.monaandco.ch\/?post_type=product&#038;p=480"},"modified":"2026-01-26T16:03:11","modified_gmt":"2026-01-26T16:03:11","slug":"teppich-aus-tabrizischer-wolle","status":"publish","type":"product","link":"https:\/\/www.monaandco.ch\/de\/product\/tabriz-wool-rug\/","title":{"rendered":"Wollteppich Tabriz"},"content":{"rendered":"<p>Eine gro\u00dfe Tabriz, wir glauben, dass dies zu ca. 70 Jahre alt. Dieses alte St\u00fcck ist in bemerkenswert gutem Zustand und hat ein sch\u00f6nes Blumenmuster. Hergestellt aus Wolle. Dieser Teppich wurde in der Schweiz von Fachleuten professionell gereinigt und die Quasten wurden im traditionellen Stil aus Baumwolle neu gefertigt.<\/p>","protected":false},"excerpt":{"rendered":"<p>Alle Produkte werden so verkauft, wie sie sind, das hei\u00dft, sie werden in dem Zustand angeboten, in dem sie sich zum Zeitpunkt des Kaufs befinden. Unvollkommenheiten und Patina sind nat\u00fcrliche Merkmale gealterter Gegenst\u00e4nde und stellen keine M\u00e4ngel dar. Jegliche Gew\u00e4hrleistungsanspr\u00fcche sind daher ausdr\u00fccklich ausgeschlossen.<\/p>","protected":false},"featured_media":637,"comment_status":"closed","ping_status":"closed","template":"","meta":{"_acf_changed":false},"product_brand":[],"product_cat":[40],"product_tag":[],"class_list":{"0":"post-480","1":"product","2":"type-product","3":"status-publish","4":"has-post-thumbnail","6":"product_cat-accessories","8":"first","9":"instock","10":"taxable","11":"shipping-taxable","12":"purchasable","13":"product-type-simple"},"acf":[],"yoast_head":"<!-- This site is optimized with the Yoast SEO plugin v27.2 - https:\/\/yoast.com\/product\/yoast-seo-wordpress\/ -->\n<title>Tabriz Wool Rug - MONA &amp; Co.<\/title>\n<meta name=\"description\" content=\"A large Persian Hand Made Tabriz rug carpet, c. 70 years old. This old carpet is made of wool. Beautiful Things from our collection. Zurich Switzerland\" \/>\n<meta name=\"robots\" content=\"index, follow, max-snippet:-1, max-image-preview:large, max-video-preview:-1\" \/>\n<link rel=\"canonical\" href=\"https:\/\/www.monaandco.ch\/de\/produkt\/teppich-aus-tabrizischer-wolle\/\" \/>\n<meta property=\"og:locale\" content=\"de_DE\" \/>\n<meta property=\"og:type\" content=\"article\" \/>\n<meta property=\"og:title\" content=\"Tabriz Wool Rug - MONA &amp; Co.\" \/>\n<meta property=\"og:description\" content=\"A large Persian Hand Made Tabriz rug carpet, c. 70 years old. This old carpet is made of wool. Beautiful Things from our collection. Zurich Switzerland\" \/>\n<meta property=\"og:url\" content=\"https:\/\/www.monaandco.ch\/de\/produkt\/teppich-aus-tabrizischer-wolle\/\" \/>\n<meta property=\"og:site_name\" content=\"MONA &amp; Co.\" \/>\n<meta property=\"article:modified_time\" content=\"2026-01-26T16:03:11+00:00\" \/>\n<meta property=\"og:image\" content=\"https:\/\/www.monaandco.ch\/wp-content\/uploads\/2026\/01\/Tabriz-Rug-Main-1024x1024.webp\" \/>\n\t<meta property=\"og:image:width\" content=\"1024\" \/>\n\t<meta property=\"og:image:height\" content=\"1024\" \/>\n\t<meta property=\"og:image:type\" content=\"image\/webp\" \/>\n<meta name=\"twitter:card\" content=\"summary_large_image\" \/>\n<meta name=\"twitter:label1\" content=\"Gesch\u00e4tzte Lesezeit\" \/>\n\t<meta name=\"twitter:data1\" content=\"1\u00a0Minute\" \/>\n<script type=\"application\/ld+json\" class=\"yoast-schema-graph\">{\"@context\":\"https:\/\/schema.org\",\"@graph\":[{\"@type\":\"WebPage\",\"@id\":\"https:\/\/www.monaandco.ch\/product\/tabriz-wool-rug\/\",\"url\":\"https:\/\/www.monaandco.ch\/product\/tabriz-wool-rug\/\",\"name\":\"Tabriz Wool Rug - MONA &amp; Co.\",\"isPartOf\":{\"@id\":\"https:\/\/www.monaandco.ch\/#website\"},\"primaryImageOfPage\":{\"@id\":\"https:\/\/www.monaandco.ch\/product\/tabriz-wool-rug\/#primaryimage\"},\"image\":{\"@id\":\"https:\/\/www.monaandco.ch\/product\/tabriz-wool-rug\/#primaryimage\"},\"thumbnailUrl\":\"https:\/\/www.monaandco.ch\/wp-content\/uploads\/2026\/01\/Tabriz-Rug-Main.webp\",\"datePublished\":\"2026-01-26T13:36:55+00:00\",\"dateModified\":\"2026-01-26T16:03:11+00:00\",\"description\":\"A large Persian Hand Made Tabriz rug carpet, c. 70 years old. This old carpet is made of wool. Beautiful Things from our collection. Zurich Switzerland\",\"breadcrumb\":{\"@id\":\"https:\/\/www.monaandco.ch\/product\/tabriz-wool-rug\/#breadcrumb\"},\"inLanguage\":\"de-CH\",\"potentialAction\":[{\"@type\":\"ReadAction\",\"target\":[\"https:\/\/www.monaandco.ch\/product\/tabriz-wool-rug\/\"]}]},{\"@type\":\"ImageObject\",\"inLanguage\":\"de-CH\",\"@id\":\"https:\/\/www.monaandco.ch\/product\/tabriz-wool-rug\/#primaryimage\",\"url\":\"https:\/\/www.monaandco.ch\/wp-content\/uploads\/2026\/01\/Tabriz-Rug-Main.webp\",\"contentUrl\":\"https:\/\/www.monaandco.ch\/wp-content\/uploads\/2026\/01\/Tabriz-Rug-Main.webp\",\"width\":2000,\"height\":2000},{\"@type\":\"BreadcrumbList\",\"@id\":\"https:\/\/www.monaandco.ch\/product\/tabriz-wool-rug\/#breadcrumb\",\"itemListElement\":[{\"@type\":\"ListItem\",\"position\":1,\"name\":\"Home\",\"item\":\"https:\/\/www.monaandco.ch\/\"},{\"@type\":\"ListItem\",\"position\":2,\"name\":\"Products\",\"item\":\"https:\/\/www.monaandco.ch\/yellowdotcollection\/8-revision-v1\/\"},{\"@type\":\"ListItem\",\"position\":3,\"name\":\"Tabriz Wool Rug\"}]},{\"@type\":\"WebSite\",\"@id\":\"https:\/\/www.monaandco.ch\/#website\",\"url\":\"https:\/\/www.monaandco.ch\/\",\"name\":\"MONA &amp; Co.\",\"description\":\"\",\"publisher\":{\"@id\":\"https:\/\/www.monaandco.ch\/#organization\"},\"potentialAction\":[{\"@type\":\"SearchAction\",\"target\":{\"@type\":\"EntryPoint\",\"urlTemplate\":\"https:\/\/www.monaandco.ch\/?s={search_term_string}\"},\"query-input\":{\"@type\":\"PropertyValueSpecification\",\"valueRequired\":true,\"valueName\":\"search_term_string\"}}],\"inLanguage\":\"de-CH\"},{\"@type\":\"Organization\",\"@id\":\"https:\/\/www.monaandco.ch\/#organization\",\"name\":\"MONA &amp; Co.\",\"url\":\"https:\/\/www.monaandco.ch\/\",\"logo\":{\"@type\":\"ImageObject\",\"inLanguage\":\"de-CH\",\"@id\":\"https:\/\/www.monaandco.ch\/#\/schema\/logo\/image\/\",\"url\":\"https:\/\/www.monaandco.ch\/wp-content\/uploads\/2026\/01\/MONA-CO.-Zurich-black-1.png\",\"contentUrl\":\"https:\/\/www.monaandco.ch\/wp-content\/uploads\/2026\/01\/MONA-CO.-Zurich-black-1.png\",\"width\":1032,\"height\":272,\"caption\":\"MONA &amp; Co.\"},\"image\":{\"@id\":\"https:\/\/www.monaandco.ch\/#\/schema\/logo\/image\/\"}}]}<\/script>\n<!-- \/ Yoast SEO plugin. -->","yoast_head_json":{"title":"Wollteppich Tabriz - MONA &amp; Co.","description":"Eine gro\u00dfe persische Hand Made Tabriz Teppich Teppich, ca. 70 Jahre alt. Dieser alte Teppich ist aus Wolle gefertigt. Sch\u00f6ne Dinge aus unserer Sammlung. Z\u00fcrich Schweiz","robots":{"index":"index","follow":"follow","max-snippet":"max-snippet:-1","max-image-preview":"max-image-preview:large","max-video-preview":"max-video-preview:-1"},"canonical":"https:\/\/www.monaandco.ch\/de\/produkt\/teppich-aus-tabrizischer-wolle\/","og_locale":"de_DE","og_type":"article","og_title":"Tabriz Wool Rug - MONA &amp; Co.","og_description":"A large Persian Hand Made Tabriz rug carpet, c. 70 years old. This old carpet is made of wool. Beautiful Things from our collection. Zurich Switzerland","og_url":"https:\/\/www.monaandco.ch\/de\/produkt\/teppich-aus-tabrizischer-wolle\/","og_site_name":"MONA &amp; Co.","article_modified_time":"2026-01-26T16:03:11+00:00","og_image":[{"width":1024,"height":1024,"url":"https:\/\/www.monaandco.ch\/wp-content\/uploads\/2026\/01\/Tabriz-Rug-Main-1024x1024.webp","type":"image\/webp"}],"twitter_card":"summary_large_image","twitter_misc":{"Gesch\u00e4tzte Lesezeit":"1\u00a0Minute"},"schema":{"@context":"https:\/\/schema.org","@graph":[{"@type":"WebPage","@id":"https:\/\/www.monaandco.ch\/product\/tabriz-wool-rug\/","url":"https:\/\/www.monaandco.ch\/product\/tabriz-wool-rug\/","name":"Wollteppich Tabriz - MONA &amp; Co.","isPartOf":{"@id":"https:\/\/www.monaandco.ch\/#website"},"primaryImageOfPage":{"@id":"https:\/\/www.monaandco.ch\/product\/tabriz-wool-rug\/#primaryimage"},"image":{"@id":"https:\/\/www.monaandco.ch\/product\/tabriz-wool-rug\/#primaryimage"},"thumbnailUrl":"https:\/\/www.monaandco.ch\/wp-content\/uploads\/2026\/01\/Tabriz-Rug-Main.webp","datePublished":"2026-01-26T13:36:55+00:00","dateModified":"2026-01-26T16:03:11+00:00","description":"Eine gro\u00dfe persische Hand Made Tabriz Teppich Teppich, ca. 70 Jahre alt. Dieser alte Teppich ist aus Wolle gefertigt. Sch\u00f6ne Dinge aus unserer Sammlung. Z\u00fcrich Schweiz","breadcrumb":{"@id":"https:\/\/www.monaandco.ch\/product\/tabriz-wool-rug\/#breadcrumb"},"inLanguage":"de-CH","potentialAction":[{"@type":"ReadAction","target":["https:\/\/www.monaandco.ch\/product\/tabriz-wool-rug\/"]}]},{"@type":"ImageObject","inLanguage":"de-CH","@id":"https:\/\/www.monaandco.ch\/product\/tabriz-wool-rug\/#primaryimage","url":"https:\/\/www.monaandco.ch\/wp-content\/uploads\/2026\/01\/Tabriz-Rug-Main.webp","contentUrl":"https:\/\/www.monaandco.ch\/wp-content\/uploads\/2026\/01\/Tabriz-Rug-Main.webp","width":2000,"height":2000},{"@type":"BreadcrumbList","@id":"https:\/\/www.monaandco.ch\/product\/tabriz-wool-rug\/#breadcrumb","itemListElement":[{"@type":"ListItem","position":1,"name":"Home","item":"https:\/\/www.monaandco.ch\/"},{"@type":"ListItem","position":2,"name":"Products","item":"https:\/\/www.monaandco.ch\/yellowdotcollection\/8-revision-v1\/"},{"@type":"ListItem","position":3,"name":"Tabriz Wool Rug"}]},{"@type":"WebSite","@id":"https:\/\/www.monaandco.ch\/#website","url":"https:\/\/www.monaandco.ch\/","name":"MONA &amp; Co.","description":"","publisher":{"@id":"https:\/\/www.monaandco.ch\/#organization"},"potentialAction":[{"@type":"SearchAction","target":{"@type":"EntryPoint","urlTemplate":"https:\/\/www.monaandco.ch\/?s={search_term_string}"},"query-input":{"@type":"PropertyValueSpecification","valueRequired":true,"valueName":"search_term_string"}}],"inLanguage":"de-CH"},{"@type":"Organization","@id":"https:\/\/www.monaandco.ch\/#organization","name":"MONA &amp; Co.","url":"https:\/\/www.monaandco.ch\/","logo":{"@type":"ImageObject","inLanguage":"de-CH","@id":"https:\/\/www.monaandco.ch\/#\/schema\/logo\/image\/","url":"https:\/\/www.monaandco.ch\/wp-content\/uploads\/2026\/01\/MONA-CO.-Zurich-black-1.png","contentUrl":"https:\/\/www.monaandco.ch\/wp-content\/uploads\/2026\/01\/MONA-CO.-Zurich-black-1.png","width":1032,"height":272,"caption":"MONA &amp; Co."},"image":{"@id":"https:\/\/www.monaandco.ch\/#\/schema\/logo\/image\/"}}]}},"_links":{"self":[{"href":"https:\/\/www.monaandco.ch\/de\/wp-json\/wp\/v2\/product\/480","targetHints":{"allow":["GET"]}}],"collection":[{"href":"https:\/\/www.monaandco.ch\/de\/wp-json\/wp\/v2\/product"}],"about":[{"href":"https:\/\/www.monaandco.ch\/de\/wp-json\/wp\/v2\/types\/product"}],"replies":[{"embeddable":true,"href":"https:\/\/www.monaandco.ch\/de\/wp-json\/wp\/v2\/comments?post=480"}],"wp:featuredmedia":[{"embeddable":true,"href":"https:\/\/www.monaandco.ch\/de\/wp-json\/wp\/v2\/media\/637"}],"wp:attachment":[{"href":"https:\/\/www.monaandco.ch\/de\/wp-json\/wp\/v2\/media?parent=480"}],"wp:term":[{"taxonomy":"product_brand","embeddable":true,"href":"https:\/\/www.monaandco.ch\/de\/wp-json\/wp\/v2\/product_brand?post=480"},{"taxonomy":"product_cat","embeddable":true,"href":"https:\/\/www.monaandco.ch\/de\/wp-json\/wp\/v2\/product_cat?post=480"},{"taxonomy":"product_tag","embeddable":true,"href":"https:\/\/www.monaandco.ch\/de\/wp-json\/wp\/v2\/product_tag?post=480"}],"curies":[{"name":"wp","href":"https:\/\/api.w.org\/{rel}","templated":true}]}}