{"id":444,"date":"2026-01-26T13:35:46","date_gmt":"2026-01-26T13:35:46","guid":{"rendered":"https:\/\/www.monaandco.ch\/?post_type=product&#038;p=444"},"modified":"2026-01-26T15:57:00","modified_gmt":"2026-01-26T15:57:00","slug":"geschnitzte-indische-kaschmirische-tische","status":"publish","type":"product","link":"https:\/\/www.monaandco.ch\/de\/product\/carved-indian-kashmiri-tables\/","title":{"rendered":"Geschnitzte indische Kashmiri-Tische"},"content":{"rendered":"<p>Diese sorgf\u00e4ltig von Hand geschnitzten Tische sind ein wahres Zeugnis der Handwerkskunst. Die komplizierten Schnitzereien und floralen Einlegearbeiten sind bemerkenswert und zeigen die Kunstfertigkeit des Handwerkers. Die eleganten Beine f\u00fcgen sich in die Tischplatte ein und unterstreichen das filigrane Design des Tisches. Die Schnitzereien zeigen das \u2018Chinar\u2019-Blatt, ein Symbol f\u00fcr Kaschmir, wo diese Tische urspr\u00fcnglich herkommen. Wir sch\u00e4tzen ihr Alter auf etwa 40-50 Jahre. Dieses Set umfasst drei atemberaubende Tische, jeder ein einzigartiges und zeitloses Schmuckst\u00fcck.<\/p>","protected":false},"excerpt":{"rendered":"<p>Alle Produkte werden so verkauft, wie sie sind, das hei\u00dft, sie werden in dem Zustand angeboten, in dem sie sich zum Zeitpunkt des Kaufs befinden. Unvollkommenheiten und Patina sind nat\u00fcrliche Merkmale gealterter Gegenst\u00e4nde und stellen keine M\u00e4ngel dar. Jegliche Gew\u00e4hrleistungsanspr\u00fcche sind daher ausdr\u00fccklich ausgeschlossen.<\/p>","protected":false},"featured_media":579,"comment_status":"closed","ping_status":"closed","template":"","meta":{"_acf_changed":false},"product_brand":[],"product_cat":[39],"product_tag":[],"class_list":{"0":"post-444","1":"product","2":"type-product","3":"status-publish","4":"has-post-thumbnail","6":"product_cat-furniture","8":"first","9":"instock","10":"taxable","11":"shipping-taxable","12":"purchasable","13":"product-type-simple"},"acf":[],"yoast_head":"<!-- This site is optimized with the Yoast SEO plugin v27.2 - https:\/\/yoast.com\/product\/yoast-seo-wordpress\/ -->\n<title>Carved Indian Kashmiri Tables - MONA &amp; Co.<\/title>\n<meta name=\"description\" content=\"These meticulously hand-carved tables with the chinar pattern and floral inlay are from Kashmir. Timeless treasures for interiors. Beautiful Things. Zurich\" \/>\n<meta name=\"robots\" content=\"index, follow, max-snippet:-1, max-image-preview:large, max-video-preview:-1\" \/>\n<link rel=\"canonical\" href=\"https:\/\/www.monaandco.ch\/de\/produkt\/geschnitzte-indische-kaschmirische-tische\/\" \/>\n<meta property=\"og:locale\" content=\"de_DE\" \/>\n<meta property=\"og:type\" content=\"article\" \/>\n<meta property=\"og:title\" content=\"Carved Indian Kashmiri Tables - MONA &amp; Co.\" \/>\n<meta property=\"og:description\" content=\"These meticulously hand-carved tables with the chinar pattern and floral inlay are from Kashmir. Timeless treasures for interiors. Beautiful Things. Zurich\" \/>\n<meta property=\"og:url\" content=\"https:\/\/www.monaandco.ch\/de\/produkt\/geschnitzte-indische-kaschmirische-tische\/\" \/>\n<meta property=\"og:site_name\" content=\"MONA &amp; Co.\" \/>\n<meta property=\"article:modified_time\" content=\"2026-01-26T15:57:00+00:00\" \/>\n<meta property=\"og:image\" content=\"https:\/\/www.monaandco.ch\/wp-content\/uploads\/2026\/01\/Carved-Kashmiri-Tables-Main.webp\" \/>\n\t<meta property=\"og:image:width\" content=\"1967\" \/>\n\t<meta property=\"og:image:height\" content=\"2000\" \/>\n\t<meta property=\"og:image:type\" content=\"image\/webp\" \/>\n<meta name=\"twitter:card\" content=\"summary_large_image\" \/>\n<meta name=\"twitter:label1\" content=\"Gesch\u00e4tzte Lesezeit\" \/>\n\t<meta name=\"twitter:data1\" content=\"1\u00a0Minute\" \/>\n<script type=\"application\/ld+json\" class=\"yoast-schema-graph\">{\"@context\":\"https:\/\/schema.org\",\"@graph\":[{\"@type\":\"WebPage\",\"@id\":\"https:\/\/www.monaandco.ch\/product\/carved-indian-kashmiri-tables\/\",\"url\":\"https:\/\/www.monaandco.ch\/product\/carved-indian-kashmiri-tables\/\",\"name\":\"Carved Indian Kashmiri Tables - MONA &amp; Co.\",\"isPartOf\":{\"@id\":\"https:\/\/www.monaandco.ch\/#website\"},\"primaryImageOfPage\":{\"@id\":\"https:\/\/www.monaandco.ch\/product\/carved-indian-kashmiri-tables\/#primaryimage\"},\"image\":{\"@id\":\"https:\/\/www.monaandco.ch\/product\/carved-indian-kashmiri-tables\/#primaryimage\"},\"thumbnailUrl\":\"https:\/\/www.monaandco.ch\/wp-content\/uploads\/2026\/01\/Carved-Kashmiri-Tables-Main.webp\",\"datePublished\":\"2026-01-26T13:35:46+00:00\",\"dateModified\":\"2026-01-26T15:57:00+00:00\",\"description\":\"These meticulously hand-carved tables with the chinar pattern and floral inlay are from Kashmir. Timeless treasures for interiors. Beautiful Things. Zurich\",\"breadcrumb\":{\"@id\":\"https:\/\/www.monaandco.ch\/product\/carved-indian-kashmiri-tables\/#breadcrumb\"},\"inLanguage\":\"de-CH\",\"potentialAction\":[{\"@type\":\"ReadAction\",\"target\":[\"https:\/\/www.monaandco.ch\/product\/carved-indian-kashmiri-tables\/\"]}]},{\"@type\":\"ImageObject\",\"inLanguage\":\"de-CH\",\"@id\":\"https:\/\/www.monaandco.ch\/product\/carved-indian-kashmiri-tables\/#primaryimage\",\"url\":\"https:\/\/www.monaandco.ch\/wp-content\/uploads\/2026\/01\/Carved-Kashmiri-Tables-Main.webp\",\"contentUrl\":\"https:\/\/www.monaandco.ch\/wp-content\/uploads\/2026\/01\/Carved-Kashmiri-Tables-Main.webp\",\"width\":1967,\"height\":2000},{\"@type\":\"BreadcrumbList\",\"@id\":\"https:\/\/www.monaandco.ch\/product\/carved-indian-kashmiri-tables\/#breadcrumb\",\"itemListElement\":[{\"@type\":\"ListItem\",\"position\":1,\"name\":\"Home\",\"item\":\"https:\/\/www.monaandco.ch\/\"},{\"@type\":\"ListItem\",\"position\":2,\"name\":\"Products\",\"item\":\"https:\/\/www.monaandco.ch\/yellowdotcollection\/8-revision-v1\/\"},{\"@type\":\"ListItem\",\"position\":3,\"name\":\"Carved Indian Kashmiri Tables\"}]},{\"@type\":\"WebSite\",\"@id\":\"https:\/\/www.monaandco.ch\/#website\",\"url\":\"https:\/\/www.monaandco.ch\/\",\"name\":\"MONA &amp; Co.\",\"description\":\"\",\"publisher\":{\"@id\":\"https:\/\/www.monaandco.ch\/#organization\"},\"potentialAction\":[{\"@type\":\"SearchAction\",\"target\":{\"@type\":\"EntryPoint\",\"urlTemplate\":\"https:\/\/www.monaandco.ch\/?s={search_term_string}\"},\"query-input\":{\"@type\":\"PropertyValueSpecification\",\"valueRequired\":true,\"valueName\":\"search_term_string\"}}],\"inLanguage\":\"de-CH\"},{\"@type\":\"Organization\",\"@id\":\"https:\/\/www.monaandco.ch\/#organization\",\"name\":\"MONA &amp; Co.\",\"url\":\"https:\/\/www.monaandco.ch\/\",\"logo\":{\"@type\":\"ImageObject\",\"inLanguage\":\"de-CH\",\"@id\":\"https:\/\/www.monaandco.ch\/#\/schema\/logo\/image\/\",\"url\":\"https:\/\/www.monaandco.ch\/wp-content\/uploads\/2026\/01\/MONA-CO.-Zurich-black-1.png\",\"contentUrl\":\"https:\/\/www.monaandco.ch\/wp-content\/uploads\/2026\/01\/MONA-CO.-Zurich-black-1.png\",\"width\":1032,\"height\":272,\"caption\":\"MONA &amp; Co.\"},\"image\":{\"@id\":\"https:\/\/www.monaandco.ch\/#\/schema\/logo\/image\/\"}}]}<\/script>\n<!-- \/ Yoast SEO plugin. -->","yoast_head_json":{"title":"Geschnitzte indische Kaschmiri-Tische - MONA &amp; Co.","description":"Diese sorgf\u00e4ltig von Hand geschnitzten Tische mit Chinar-Muster und floraler Intarsie stammen aus Kaschmir. Zeitlose Sch\u00e4tze f\u00fcr Innenr\u00e4ume. Sch\u00f6ne Dinge. Z\u00fcrich","robots":{"index":"index","follow":"follow","max-snippet":"max-snippet:-1","max-image-preview":"max-image-preview:large","max-video-preview":"max-video-preview:-1"},"canonical":"https:\/\/www.monaandco.ch\/de\/produkt\/geschnitzte-indische-kaschmirische-tische\/","og_locale":"de_DE","og_type":"article","og_title":"Carved Indian Kashmiri Tables - MONA &amp; Co.","og_description":"These meticulously hand-carved tables with the chinar pattern and floral inlay are from Kashmir. Timeless treasures for interiors. Beautiful Things. Zurich","og_url":"https:\/\/www.monaandco.ch\/de\/produkt\/geschnitzte-indische-kaschmirische-tische\/","og_site_name":"MONA &amp; Co.","article_modified_time":"2026-01-26T15:57:00+00:00","og_image":[{"width":1967,"height":2000,"url":"https:\/\/www.monaandco.ch\/wp-content\/uploads\/2026\/01\/Carved-Kashmiri-Tables-Main.webp","type":"image\/webp"}],"twitter_card":"summary_large_image","twitter_misc":{"Gesch\u00e4tzte Lesezeit":"1\u00a0Minute"},"schema":{"@context":"https:\/\/schema.org","@graph":[{"@type":"WebPage","@id":"https:\/\/www.monaandco.ch\/product\/carved-indian-kashmiri-tables\/","url":"https:\/\/www.monaandco.ch\/product\/carved-indian-kashmiri-tables\/","name":"Geschnitzte indische Kaschmiri-Tische - MONA &amp; Co.","isPartOf":{"@id":"https:\/\/www.monaandco.ch\/#website"},"primaryImageOfPage":{"@id":"https:\/\/www.monaandco.ch\/product\/carved-indian-kashmiri-tables\/#primaryimage"},"image":{"@id":"https:\/\/www.monaandco.ch\/product\/carved-indian-kashmiri-tables\/#primaryimage"},"thumbnailUrl":"https:\/\/www.monaandco.ch\/wp-content\/uploads\/2026\/01\/Carved-Kashmiri-Tables-Main.webp","datePublished":"2026-01-26T13:35:46+00:00","dateModified":"2026-01-26T15:57:00+00:00","description":"Diese sorgf\u00e4ltig von Hand geschnitzten Tische mit Chinar-Muster und floraler Intarsie stammen aus Kaschmir. Zeitlose Sch\u00e4tze f\u00fcr Innenr\u00e4ume. Sch\u00f6ne Dinge. Z\u00fcrich","breadcrumb":{"@id":"https:\/\/www.monaandco.ch\/product\/carved-indian-kashmiri-tables\/#breadcrumb"},"inLanguage":"de-CH","potentialAction":[{"@type":"ReadAction","target":["https:\/\/www.monaandco.ch\/product\/carved-indian-kashmiri-tables\/"]}]},{"@type":"ImageObject","inLanguage":"de-CH","@id":"https:\/\/www.monaandco.ch\/product\/carved-indian-kashmiri-tables\/#primaryimage","url":"https:\/\/www.monaandco.ch\/wp-content\/uploads\/2026\/01\/Carved-Kashmiri-Tables-Main.webp","contentUrl":"https:\/\/www.monaandco.ch\/wp-content\/uploads\/2026\/01\/Carved-Kashmiri-Tables-Main.webp","width":1967,"height":2000},{"@type":"BreadcrumbList","@id":"https:\/\/www.monaandco.ch\/product\/carved-indian-kashmiri-tables\/#breadcrumb","itemListElement":[{"@type":"ListItem","position":1,"name":"Home","item":"https:\/\/www.monaandco.ch\/"},{"@type":"ListItem","position":2,"name":"Products","item":"https:\/\/www.monaandco.ch\/yellowdotcollection\/8-revision-v1\/"},{"@type":"ListItem","position":3,"name":"Carved Indian Kashmiri Tables"}]},{"@type":"WebSite","@id":"https:\/\/www.monaandco.ch\/#website","url":"https:\/\/www.monaandco.ch\/","name":"MONA &amp; Co.","description":"","publisher":{"@id":"https:\/\/www.monaandco.ch\/#organization"},"potentialAction":[{"@type":"SearchAction","target":{"@type":"EntryPoint","urlTemplate":"https:\/\/www.monaandco.ch\/?s={search_term_string}"},"query-input":{"@type":"PropertyValueSpecification","valueRequired":true,"valueName":"search_term_string"}}],"inLanguage":"de-CH"},{"@type":"Organization","@id":"https:\/\/www.monaandco.ch\/#organization","name":"MONA &amp; Co.","url":"https:\/\/www.monaandco.ch\/","logo":{"@type":"ImageObject","inLanguage":"de-CH","@id":"https:\/\/www.monaandco.ch\/#\/schema\/logo\/image\/","url":"https:\/\/www.monaandco.ch\/wp-content\/uploads\/2026\/01\/MONA-CO.-Zurich-black-1.png","contentUrl":"https:\/\/www.monaandco.ch\/wp-content\/uploads\/2026\/01\/MONA-CO.-Zurich-black-1.png","width":1032,"height":272,"caption":"MONA &amp; Co."},"image":{"@id":"https:\/\/www.monaandco.ch\/#\/schema\/logo\/image\/"}}]}},"_links":{"self":[{"href":"https:\/\/www.monaandco.ch\/de\/wp-json\/wp\/v2\/product\/444","targetHints":{"allow":["GET"]}}],"collection":[{"href":"https:\/\/www.monaandco.ch\/de\/wp-json\/wp\/v2\/product"}],"about":[{"href":"https:\/\/www.monaandco.ch\/de\/wp-json\/wp\/v2\/types\/product"}],"replies":[{"embeddable":true,"href":"https:\/\/www.monaandco.ch\/de\/wp-json\/wp\/v2\/comments?post=444"}],"wp:featuredmedia":[{"embeddable":true,"href":"https:\/\/www.monaandco.ch\/de\/wp-json\/wp\/v2\/media\/579"}],"wp:attachment":[{"href":"https:\/\/www.monaandco.ch\/de\/wp-json\/wp\/v2\/media?parent=444"}],"wp:term":[{"taxonomy":"product_brand","embeddable":true,"href":"https:\/\/www.monaandco.ch\/de\/wp-json\/wp\/v2\/product_brand?post=444"},{"taxonomy":"product_cat","embeddable":true,"href":"https:\/\/www.monaandco.ch\/de\/wp-json\/wp\/v2\/product_cat?post=444"},{"taxonomy":"product_tag","embeddable":true,"href":"https:\/\/www.monaandco.ch\/de\/wp-json\/wp\/v2\/product_tag?post=444"}],"curies":[{"name":"wp","href":"https:\/\/api.w.org\/{rel}","templated":true}]}}