{"id":443,"date":"2026-01-26T13:35:46","date_gmt":"2026-01-26T13:35:46","guid":{"rendered":"https:\/\/www.monaandco.ch\/?post_type=product&#038;p=443"},"modified":"2026-01-26T15:56:35","modified_gmt":"2026-01-26T15:56:35","slug":"1980er-jahre-geschnitzte-holz-und-rohrsessel","status":"publish","type":"product","link":"https:\/\/www.monaandco.ch\/de\/product\/1980s-carved-wood-and-cane-arm-chairs\/","title":{"rendered":"1980er Jahre Geschnitzte Holz- und Rohrsessel"},"content":{"rendered":"<p>Diese gro\u00dfen Sessel aus Schilfrohr sind sowohl an der R\u00fcckenlehne als auch an den Armlehnen mit feinen Schnitzereien versehen, die jedem Raum einen raffinierten Touch verleihen. Die Kissen sind in tadellosem Zustand und garantieren Komfort und Stil. Wir glauben, dass diese Vintage-Sessel amerikanischen Ursprungs sind.<\/p>","protected":false},"excerpt":{"rendered":"<p>Alle Produkte werden so verkauft, wie sie sind, das hei\u00dft, sie werden in dem Zustand angeboten, in dem sie sich zum Zeitpunkt des Kaufs befinden. Unvollkommenheiten und Patina sind nat\u00fcrliche Merkmale gealterter Gegenst\u00e4nde und stellen keine M\u00e4ngel dar. Jegliche Gew\u00e4hrleistungsanspr\u00fcche sind daher ausdr\u00fccklich ausgeschlossen.<\/p>","protected":false},"featured_media":573,"comment_status":"closed","ping_status":"closed","template":"","meta":{"_acf_changed":false},"product_brand":[],"product_cat":[39],"product_tag":[],"class_list":{"0":"post-443","1":"product","2":"type-product","3":"status-publish","4":"has-post-thumbnail","6":"product_cat-furniture","8":"first","9":"instock","10":"taxable","11":"shipping-taxable","12":"purchasable","13":"product-type-simple"},"acf":[],"yoast_head":"<!-- This site is optimized with the Yoast SEO plugin v27.2 - https:\/\/yoast.com\/product\/yoast-seo-wordpress\/ -->\n<title>1980s Carved Wood and Cane Arm Chairs - MONA &amp; Co.<\/title>\n<meta name=\"description\" content=\"2 Arm chairs. American Vintage pieces. Carved wood and cane. Comfortable and in excellent condition. Beautiful Things for interiors. Zurich Switzerland\" \/>\n<meta name=\"robots\" content=\"index, follow, max-snippet:-1, max-image-preview:large, max-video-preview:-1\" \/>\n<link rel=\"canonical\" href=\"https:\/\/www.monaandco.ch\/de\/produkt\/1980er-jahre-geschnitzte-holz-und-rohrsessel\/\" \/>\n<meta property=\"og:locale\" content=\"de_DE\" \/>\n<meta property=\"og:type\" content=\"article\" \/>\n<meta property=\"og:title\" content=\"1980s Carved Wood and Cane Arm Chairs - MONA &amp; Co.\" \/>\n<meta property=\"og:description\" content=\"2 Arm chairs. American Vintage pieces. Carved wood and cane. Comfortable and in excellent condition. Beautiful Things for interiors. Zurich Switzerland\" \/>\n<meta property=\"og:url\" content=\"https:\/\/www.monaandco.ch\/de\/produkt\/1980er-jahre-geschnitzte-holz-und-rohrsessel\/\" \/>\n<meta property=\"og:site_name\" content=\"MONA &amp; Co.\" \/>\n<meta property=\"article:modified_time\" content=\"2026-01-26T15:56:35+00:00\" \/>\n<meta property=\"og:image\" content=\"https:\/\/www.monaandco.ch\/wp-content\/uploads\/2026\/01\/Wood-and-Cane-Chairs-Main.webp\" \/>\n\t<meta property=\"og:image:width\" content=\"2000\" \/>\n\t<meta property=\"og:image:height\" content=\"1848\" \/>\n\t<meta property=\"og:image:type\" content=\"image\/webp\" \/>\n<meta name=\"twitter:card\" content=\"summary_large_image\" \/>\n<meta name=\"twitter:label1\" content=\"Gesch\u00e4tzte Lesezeit\" \/>\n\t<meta name=\"twitter:data1\" content=\"1\u00a0Minute\" \/>\n<script type=\"application\/ld+json\" class=\"yoast-schema-graph\">{\"@context\":\"https:\/\/schema.org\",\"@graph\":[{\"@type\":\"WebPage\",\"@id\":\"https:\/\/www.monaandco.ch\/product\/1980s-carved-wood-and-cane-arm-chairs\/\",\"url\":\"https:\/\/www.monaandco.ch\/product\/1980s-carved-wood-and-cane-arm-chairs\/\",\"name\":\"1980s Carved Wood and Cane Arm Chairs - MONA &amp; Co.\",\"isPartOf\":{\"@id\":\"https:\/\/www.monaandco.ch\/#website\"},\"primaryImageOfPage\":{\"@id\":\"https:\/\/www.monaandco.ch\/product\/1980s-carved-wood-and-cane-arm-chairs\/#primaryimage\"},\"image\":{\"@id\":\"https:\/\/www.monaandco.ch\/product\/1980s-carved-wood-and-cane-arm-chairs\/#primaryimage\"},\"thumbnailUrl\":\"https:\/\/www.monaandco.ch\/wp-content\/uploads\/2026\/01\/Wood-and-Cane-Chairs-Main.webp\",\"datePublished\":\"2026-01-26T13:35:46+00:00\",\"dateModified\":\"2026-01-26T15:56:35+00:00\",\"description\":\"2 Arm chairs. American Vintage pieces. Carved wood and cane. Comfortable and in excellent condition. Beautiful Things for interiors. Zurich Switzerland\",\"breadcrumb\":{\"@id\":\"https:\/\/www.monaandco.ch\/product\/1980s-carved-wood-and-cane-arm-chairs\/#breadcrumb\"},\"inLanguage\":\"de-CH\",\"potentialAction\":[{\"@type\":\"ReadAction\",\"target\":[\"https:\/\/www.monaandco.ch\/product\/1980s-carved-wood-and-cane-arm-chairs\/\"]}]},{\"@type\":\"ImageObject\",\"inLanguage\":\"de-CH\",\"@id\":\"https:\/\/www.monaandco.ch\/product\/1980s-carved-wood-and-cane-arm-chairs\/#primaryimage\",\"url\":\"https:\/\/www.monaandco.ch\/wp-content\/uploads\/2026\/01\/Wood-and-Cane-Chairs-Main.webp\",\"contentUrl\":\"https:\/\/www.monaandco.ch\/wp-content\/uploads\/2026\/01\/Wood-and-Cane-Chairs-Main.webp\",\"width\":2000,\"height\":1848},{\"@type\":\"BreadcrumbList\",\"@id\":\"https:\/\/www.monaandco.ch\/product\/1980s-carved-wood-and-cane-arm-chairs\/#breadcrumb\",\"itemListElement\":[{\"@type\":\"ListItem\",\"position\":1,\"name\":\"Home\",\"item\":\"https:\/\/www.monaandco.ch\/\"},{\"@type\":\"ListItem\",\"position\":2,\"name\":\"Products\",\"item\":\"https:\/\/www.monaandco.ch\/yellowdotcollection\/8-revision-v1\/\"},{\"@type\":\"ListItem\",\"position\":3,\"name\":\"1980s Carved Wood and Cane Arm Chairs\"}]},{\"@type\":\"WebSite\",\"@id\":\"https:\/\/www.monaandco.ch\/#website\",\"url\":\"https:\/\/www.monaandco.ch\/\",\"name\":\"MONA &amp; Co.\",\"description\":\"\",\"publisher\":{\"@id\":\"https:\/\/www.monaandco.ch\/#organization\"},\"potentialAction\":[{\"@type\":\"SearchAction\",\"target\":{\"@type\":\"EntryPoint\",\"urlTemplate\":\"https:\/\/www.monaandco.ch\/?s={search_term_string}\"},\"query-input\":{\"@type\":\"PropertyValueSpecification\",\"valueRequired\":true,\"valueName\":\"search_term_string\"}}],\"inLanguage\":\"de-CH\"},{\"@type\":\"Organization\",\"@id\":\"https:\/\/www.monaandco.ch\/#organization\",\"name\":\"MONA &amp; Co.\",\"url\":\"https:\/\/www.monaandco.ch\/\",\"logo\":{\"@type\":\"ImageObject\",\"inLanguage\":\"de-CH\",\"@id\":\"https:\/\/www.monaandco.ch\/#\/schema\/logo\/image\/\",\"url\":\"https:\/\/www.monaandco.ch\/wp-content\/uploads\/2026\/01\/MONA-CO.-Zurich-black-1.png\",\"contentUrl\":\"https:\/\/www.monaandco.ch\/wp-content\/uploads\/2026\/01\/MONA-CO.-Zurich-black-1.png\",\"width\":1032,\"height\":272,\"caption\":\"MONA &amp; Co.\"},\"image\":{\"@id\":\"https:\/\/www.monaandco.ch\/#\/schema\/logo\/image\/\"}}]}<\/script>\n<!-- \/ Yoast SEO plugin. -->","yoast_head_json":{"title":"1980er Jahre Armlehnst\u00fchle aus geschnitztem Holz und Schilfrohr - MONA &amp; Co.","description":"2 Sessel. Amerikanische Vintage-St\u00fccke. Geschnitztes Holz und Schilfrohr. Bequem und in ausgezeichnetem Zustand. Sch\u00f6ne Dinge f\u00fcr Innenr\u00e4ume. Z\u00fcrich Schweiz","robots":{"index":"index","follow":"follow","max-snippet":"max-snippet:-1","max-image-preview":"max-image-preview:large","max-video-preview":"max-video-preview:-1"},"canonical":"https:\/\/www.monaandco.ch\/de\/produkt\/1980er-jahre-geschnitzte-holz-und-rohrsessel\/","og_locale":"de_DE","og_type":"article","og_title":"1980s Carved Wood and Cane Arm Chairs - MONA &amp; Co.","og_description":"2 Arm chairs. American Vintage pieces. Carved wood and cane. Comfortable and in excellent condition. Beautiful Things for interiors. Zurich Switzerland","og_url":"https:\/\/www.monaandco.ch\/de\/produkt\/1980er-jahre-geschnitzte-holz-und-rohrsessel\/","og_site_name":"MONA &amp; Co.","article_modified_time":"2026-01-26T15:56:35+00:00","og_image":[{"width":2000,"height":1848,"url":"https:\/\/www.monaandco.ch\/wp-content\/uploads\/2026\/01\/Wood-and-Cane-Chairs-Main.webp","type":"image\/webp"}],"twitter_card":"summary_large_image","twitter_misc":{"Gesch\u00e4tzte Lesezeit":"1\u00a0Minute"},"schema":{"@context":"https:\/\/schema.org","@graph":[{"@type":"WebPage","@id":"https:\/\/www.monaandco.ch\/product\/1980s-carved-wood-and-cane-arm-chairs\/","url":"https:\/\/www.monaandco.ch\/product\/1980s-carved-wood-and-cane-arm-chairs\/","name":"1980er Jahre Armlehnst\u00fchle aus geschnitztem Holz und Schilfrohr - MONA &amp; Co.","isPartOf":{"@id":"https:\/\/www.monaandco.ch\/#website"},"primaryImageOfPage":{"@id":"https:\/\/www.monaandco.ch\/product\/1980s-carved-wood-and-cane-arm-chairs\/#primaryimage"},"image":{"@id":"https:\/\/www.monaandco.ch\/product\/1980s-carved-wood-and-cane-arm-chairs\/#primaryimage"},"thumbnailUrl":"https:\/\/www.monaandco.ch\/wp-content\/uploads\/2026\/01\/Wood-and-Cane-Chairs-Main.webp","datePublished":"2026-01-26T13:35:46+00:00","dateModified":"2026-01-26T15:56:35+00:00","description":"2 Sessel. Amerikanische Vintage-St\u00fccke. Geschnitztes Holz und Schilfrohr. Bequem und in ausgezeichnetem Zustand. Sch\u00f6ne Dinge f\u00fcr Innenr\u00e4ume. Z\u00fcrich Schweiz","breadcrumb":{"@id":"https:\/\/www.monaandco.ch\/product\/1980s-carved-wood-and-cane-arm-chairs\/#breadcrumb"},"inLanguage":"de-CH","potentialAction":[{"@type":"ReadAction","target":["https:\/\/www.monaandco.ch\/product\/1980s-carved-wood-and-cane-arm-chairs\/"]}]},{"@type":"ImageObject","inLanguage":"de-CH","@id":"https:\/\/www.monaandco.ch\/product\/1980s-carved-wood-and-cane-arm-chairs\/#primaryimage","url":"https:\/\/www.monaandco.ch\/wp-content\/uploads\/2026\/01\/Wood-and-Cane-Chairs-Main.webp","contentUrl":"https:\/\/www.monaandco.ch\/wp-content\/uploads\/2026\/01\/Wood-and-Cane-Chairs-Main.webp","width":2000,"height":1848},{"@type":"BreadcrumbList","@id":"https:\/\/www.monaandco.ch\/product\/1980s-carved-wood-and-cane-arm-chairs\/#breadcrumb","itemListElement":[{"@type":"ListItem","position":1,"name":"Home","item":"https:\/\/www.monaandco.ch\/"},{"@type":"ListItem","position":2,"name":"Products","item":"https:\/\/www.monaandco.ch\/yellowdotcollection\/8-revision-v1\/"},{"@type":"ListItem","position":3,"name":"1980s Carved Wood and Cane Arm Chairs"}]},{"@type":"WebSite","@id":"https:\/\/www.monaandco.ch\/#website","url":"https:\/\/www.monaandco.ch\/","name":"MONA &amp; Co.","description":"","publisher":{"@id":"https:\/\/www.monaandco.ch\/#organization"},"potentialAction":[{"@type":"SearchAction","target":{"@type":"EntryPoint","urlTemplate":"https:\/\/www.monaandco.ch\/?s={search_term_string}"},"query-input":{"@type":"PropertyValueSpecification","valueRequired":true,"valueName":"search_term_string"}}],"inLanguage":"de-CH"},{"@type":"Organization","@id":"https:\/\/www.monaandco.ch\/#organization","name":"MONA &amp; Co.","url":"https:\/\/www.monaandco.ch\/","logo":{"@type":"ImageObject","inLanguage":"de-CH","@id":"https:\/\/www.monaandco.ch\/#\/schema\/logo\/image\/","url":"https:\/\/www.monaandco.ch\/wp-content\/uploads\/2026\/01\/MONA-CO.-Zurich-black-1.png","contentUrl":"https:\/\/www.monaandco.ch\/wp-content\/uploads\/2026\/01\/MONA-CO.-Zurich-black-1.png","width":1032,"height":272,"caption":"MONA &amp; Co."},"image":{"@id":"https:\/\/www.monaandco.ch\/#\/schema\/logo\/image\/"}}]}},"_links":{"self":[{"href":"https:\/\/www.monaandco.ch\/de\/wp-json\/wp\/v2\/product\/443","targetHints":{"allow":["GET"]}}],"collection":[{"href":"https:\/\/www.monaandco.ch\/de\/wp-json\/wp\/v2\/product"}],"about":[{"href":"https:\/\/www.monaandco.ch\/de\/wp-json\/wp\/v2\/types\/product"}],"replies":[{"embeddable":true,"href":"https:\/\/www.monaandco.ch\/de\/wp-json\/wp\/v2\/comments?post=443"}],"wp:featuredmedia":[{"embeddable":true,"href":"https:\/\/www.monaandco.ch\/de\/wp-json\/wp\/v2\/media\/573"}],"wp:attachment":[{"href":"https:\/\/www.monaandco.ch\/de\/wp-json\/wp\/v2\/media?parent=443"}],"wp:term":[{"taxonomy":"product_brand","embeddable":true,"href":"https:\/\/www.monaandco.ch\/de\/wp-json\/wp\/v2\/product_brand?post=443"},{"taxonomy":"product_cat","embeddable":true,"href":"https:\/\/www.monaandco.ch\/de\/wp-json\/wp\/v2\/product_cat?post=443"},{"taxonomy":"product_tag","embeddable":true,"href":"https:\/\/www.monaandco.ch\/de\/wp-json\/wp\/v2\/product_tag?post=443"}],"curies":[{"name":"wp","href":"https:\/\/api.w.org\/{rel}","templated":true}]}}