{"id":437,"date":"2026-01-26T13:35:44","date_gmt":"2026-01-26T13:35:44","guid":{"rendered":"https:\/\/www.monaandco.ch\/?post_type=product&#038;p=437"},"modified":"2026-01-26T15:52:27","modified_gmt":"2026-01-26T15:52:27","slug":"seltener-beistelltisch-mit-einlegearbeiten-im-jugendstil","status":"publish","type":"product","link":"https:\/\/www.monaandco.ch\/de\/product\/rare-art-nouveau-marquetry-side-table\/","title":{"rendered":"Seltener Jugendstil Beistelltisch mit Intarsien"},"content":{"rendered":"<p>Dieser Beistelltisch im Jugendstil zeichnet sich durch ein charmantes Intarsienmuster aus, mit einer Katze auf der Platte und einem Rattenmuster auf der unteren Ablage. Ein wundersch\u00f6n zarter und raffinierter Beistelltisch.<\/p>","protected":false},"excerpt":{"rendered":"<p>Alle Produkte werden so verkauft, wie sie sind, das hei\u00dft, sie werden in dem Zustand angeboten, in dem sie sich zum Zeitpunkt des Kaufs befinden. Unvollkommenheiten und Patina sind nat\u00fcrliche Merkmale gealterter Gegenst\u00e4nde und stellen keine M\u00e4ngel dar. Jegliche Gew\u00e4hrleistungsanspr\u00fcche sind daher ausdr\u00fccklich ausgeschlossen.<\/p>","protected":false},"featured_media":534,"comment_status":"closed","ping_status":"closed","template":"","meta":{"_acf_changed":false},"product_brand":[],"product_cat":[39],"product_tag":[],"class_list":{"0":"post-437","1":"product","2":"type-product","3":"status-publish","4":"has-post-thumbnail","6":"product_cat-furniture","8":"first","9":"instock","10":"taxable","11":"shipping-taxable","12":"purchasable","13":"product-type-simple"},"acf":[],"yoast_head":"<!-- This site is optimized with the Yoast SEO plugin v27.4 - https:\/\/yoast.com\/product\/yoast-seo-wordpress\/ -->\n<title>Rare Art Nouveau Marquetry Side Table - MONA &amp; Co.<\/title>\n<meta name=\"description\" content=\"This rare art nouveau side table features a marquetry design. Beautiful Things from our collection for your interiors. Zurich Switzerland\" \/>\n<meta name=\"robots\" content=\"index, follow, max-snippet:-1, max-image-preview:large, max-video-preview:-1\" \/>\n<link rel=\"canonical\" href=\"https:\/\/www.monaandco.ch\/de\/produkt\/seltener-beistelltisch-mit-einlegearbeiten-im-jugendstil\/\" \/>\n<meta property=\"og:locale\" content=\"de_DE\" \/>\n<meta property=\"og:type\" content=\"article\" \/>\n<meta property=\"og:title\" content=\"Rare Art Nouveau Marquetry Side Table - MONA &amp; Co.\" \/>\n<meta property=\"og:description\" content=\"This rare art nouveau side table features a marquetry design. Beautiful Things from our collection for your interiors. Zurich Switzerland\" \/>\n<meta property=\"og:url\" content=\"https:\/\/www.monaandco.ch\/de\/produkt\/seltener-beistelltisch-mit-einlegearbeiten-im-jugendstil\/\" \/>\n<meta property=\"og:site_name\" content=\"MONA &amp; Co.\" \/>\n<meta property=\"article:modified_time\" content=\"2026-01-26T15:52:27+00:00\" \/>\n<meta property=\"og:image\" content=\"https:\/\/www.monaandco.ch\/wp-content\/uploads\/2026\/01\/Art-Nouveau-Table-Main.webp\" \/>\n\t<meta property=\"og:image:width\" content=\"2000\" \/>\n\t<meta property=\"og:image:height\" content=\"2000\" \/>\n\t<meta property=\"og:image:type\" content=\"image\/webp\" \/>\n<meta name=\"twitter:card\" content=\"summary_large_image\" \/>\n<meta name=\"twitter:label1\" content=\"Gesch\u00e4tzte Lesezeit\" \/>\n\t<meta name=\"twitter:data1\" content=\"1\u00a0Minute\" \/>\n<script type=\"application\/ld+json\" class=\"yoast-schema-graph\">{\"@context\":\"https:\\\/\\\/schema.org\",\"@graph\":[{\"@type\":\"WebPage\",\"@id\":\"https:\\\/\\\/www.monaandco.ch\\\/product\\\/rare-art-nouveau-marquetry-side-table\\\/\",\"url\":\"https:\\\/\\\/www.monaandco.ch\\\/product\\\/rare-art-nouveau-marquetry-side-table\\\/\",\"name\":\"Rare Art Nouveau Marquetry Side Table - MONA &amp; Co.\",\"isPartOf\":{\"@id\":\"https:\\\/\\\/www.monaandco.ch\\\/#website\"},\"primaryImageOfPage\":{\"@id\":\"https:\\\/\\\/www.monaandco.ch\\\/product\\\/rare-art-nouveau-marquetry-side-table\\\/#primaryimage\"},\"image\":{\"@id\":\"https:\\\/\\\/www.monaandco.ch\\\/product\\\/rare-art-nouveau-marquetry-side-table\\\/#primaryimage\"},\"thumbnailUrl\":\"https:\\\/\\\/www.monaandco.ch\\\/wp-content\\\/uploads\\\/2026\\\/01\\\/Art-Nouveau-Table-Main.webp\",\"datePublished\":\"2026-01-26T13:35:44+00:00\",\"dateModified\":\"2026-01-26T15:52:27+00:00\",\"description\":\"This rare art nouveau side table features a marquetry design. Beautiful Things from our collection for your interiors. Zurich Switzerland\",\"breadcrumb\":{\"@id\":\"https:\\\/\\\/www.monaandco.ch\\\/product\\\/rare-art-nouveau-marquetry-side-table\\\/#breadcrumb\"},\"inLanguage\":\"de-CH\",\"potentialAction\":[{\"@type\":\"ReadAction\",\"target\":[\"https:\\\/\\\/www.monaandco.ch\\\/product\\\/rare-art-nouveau-marquetry-side-table\\\/\"]}]},{\"@type\":\"ImageObject\",\"inLanguage\":\"de-CH\",\"@id\":\"https:\\\/\\\/www.monaandco.ch\\\/product\\\/rare-art-nouveau-marquetry-side-table\\\/#primaryimage\",\"url\":\"https:\\\/\\\/www.monaandco.ch\\\/wp-content\\\/uploads\\\/2026\\\/01\\\/Art-Nouveau-Table-Main.webp\",\"contentUrl\":\"https:\\\/\\\/www.monaandco.ch\\\/wp-content\\\/uploads\\\/2026\\\/01\\\/Art-Nouveau-Table-Main.webp\",\"width\":2000,\"height\":2000},{\"@type\":\"BreadcrumbList\",\"@id\":\"https:\\\/\\\/www.monaandco.ch\\\/product\\\/rare-art-nouveau-marquetry-side-table\\\/#breadcrumb\",\"itemListElement\":[{\"@type\":\"ListItem\",\"position\":1,\"name\":\"Home\",\"item\":\"https:\\\/\\\/www.monaandco.ch\\\/en\\\/\"},{\"@type\":\"ListItem\",\"position\":2,\"name\":\"Products\",\"item\":\"https:\\\/\\\/www.monaandco.ch\\\/yellowdotcollection\\\/8-revision-v1\\\/\"},{\"@type\":\"ListItem\",\"position\":3,\"name\":\"Rare Art Nouveau Marquetry Side Table\"}]},{\"@type\":\"WebSite\",\"@id\":\"https:\\\/\\\/www.monaandco.ch\\\/#website\",\"url\":\"https:\\\/\\\/www.monaandco.ch\\\/\",\"name\":\"MONA &amp; Co.\",\"description\":\"\",\"publisher\":{\"@id\":\"https:\\\/\\\/www.monaandco.ch\\\/#organization\"},\"potentialAction\":[{\"@type\":\"SearchAction\",\"target\":{\"@type\":\"EntryPoint\",\"urlTemplate\":\"https:\\\/\\\/www.monaandco.ch\\\/?s={search_term_string}\"},\"query-input\":{\"@type\":\"PropertyValueSpecification\",\"valueRequired\":true,\"valueName\":\"search_term_string\"}}],\"inLanguage\":\"de-CH\"},{\"@type\":\"Organization\",\"@id\":\"https:\\\/\\\/www.monaandco.ch\\\/#organization\",\"name\":\"MONA &amp; Co.\",\"url\":\"https:\\\/\\\/www.monaandco.ch\\\/\",\"logo\":{\"@type\":\"ImageObject\",\"inLanguage\":\"de-CH\",\"@id\":\"https:\\\/\\\/www.monaandco.ch\\\/#\\\/schema\\\/logo\\\/image\\\/\",\"url\":\"https:\\\/\\\/www.monaandco.ch\\\/wp-content\\\/uploads\\\/2026\\\/01\\\/MONA-CO.-Zurich-black-1.png\",\"contentUrl\":\"https:\\\/\\\/www.monaandco.ch\\\/wp-content\\\/uploads\\\/2026\\\/01\\\/MONA-CO.-Zurich-black-1.png\",\"width\":1032,\"height\":272,\"caption\":\"MONA &amp; Co.\"},\"image\":{\"@id\":\"https:\\\/\\\/www.monaandco.ch\\\/#\\\/schema\\\/logo\\\/image\\\/\"}}]}<\/script>\n<!-- \/ Yoast SEO plugin. -->","yoast_head_json":{"title":"Seltener Jugendstil Beistelltisch mit Intarsien - MONA &amp; Co.","description":"Dieser seltene Beistelltisch im Jugendstil ist mit Intarsien verziert. Sch\u00f6ne Dinge aus unserer Kollektion f\u00fcr Ihr Interieur. Z\u00fcrich Schweiz","robots":{"index":"index","follow":"follow","max-snippet":"max-snippet:-1","max-image-preview":"max-image-preview:large","max-video-preview":"max-video-preview:-1"},"canonical":"https:\/\/www.monaandco.ch\/de\/produkt\/seltener-beistelltisch-mit-einlegearbeiten-im-jugendstil\/","og_locale":"de_DE","og_type":"article","og_title":"Rare Art Nouveau Marquetry Side Table - MONA &amp; Co.","og_description":"This rare art nouveau side table features a marquetry design. Beautiful Things from our collection for your interiors. Zurich Switzerland","og_url":"https:\/\/www.monaandco.ch\/de\/produkt\/seltener-beistelltisch-mit-einlegearbeiten-im-jugendstil\/","og_site_name":"MONA &amp; Co.","article_modified_time":"2026-01-26T15:52:27+00:00","og_image":[{"width":2000,"height":2000,"url":"https:\/\/www.monaandco.ch\/wp-content\/uploads\/2026\/01\/Art-Nouveau-Table-Main.webp","type":"image\/webp"}],"twitter_card":"summary_large_image","twitter_misc":{"Gesch\u00e4tzte Lesezeit":"1\u00a0Minute"},"schema":{"@context":"https:\/\/schema.org","@graph":[{"@type":"WebPage","@id":"https:\/\/www.monaandco.ch\/product\/rare-art-nouveau-marquetry-side-table\/","url":"https:\/\/www.monaandco.ch\/product\/rare-art-nouveau-marquetry-side-table\/","name":"Seltener Jugendstil Beistelltisch mit Intarsien - MONA &amp; Co.","isPartOf":{"@id":"https:\/\/www.monaandco.ch\/#website"},"primaryImageOfPage":{"@id":"https:\/\/www.monaandco.ch\/product\/rare-art-nouveau-marquetry-side-table\/#primaryimage"},"image":{"@id":"https:\/\/www.monaandco.ch\/product\/rare-art-nouveau-marquetry-side-table\/#primaryimage"},"thumbnailUrl":"https:\/\/www.monaandco.ch\/wp-content\/uploads\/2026\/01\/Art-Nouveau-Table-Main.webp","datePublished":"2026-01-26T13:35:44+00:00","dateModified":"2026-01-26T15:52:27+00:00","description":"Dieser seltene Beistelltisch im Jugendstil ist mit Intarsien verziert. Sch\u00f6ne Dinge aus unserer Kollektion f\u00fcr Ihr Interieur. Z\u00fcrich Schweiz","breadcrumb":{"@id":"https:\/\/www.monaandco.ch\/product\/rare-art-nouveau-marquetry-side-table\/#breadcrumb"},"inLanguage":"de-CH","potentialAction":[{"@type":"ReadAction","target":["https:\/\/www.monaandco.ch\/product\/rare-art-nouveau-marquetry-side-table\/"]}]},{"@type":"ImageObject","inLanguage":"de-CH","@id":"https:\/\/www.monaandco.ch\/product\/rare-art-nouveau-marquetry-side-table\/#primaryimage","url":"https:\/\/www.monaandco.ch\/wp-content\/uploads\/2026\/01\/Art-Nouveau-Table-Main.webp","contentUrl":"https:\/\/www.monaandco.ch\/wp-content\/uploads\/2026\/01\/Art-Nouveau-Table-Main.webp","width":2000,"height":2000},{"@type":"BreadcrumbList","@id":"https:\/\/www.monaandco.ch\/product\/rare-art-nouveau-marquetry-side-table\/#breadcrumb","itemListElement":[{"@type":"ListItem","position":1,"name":"Home","item":"https:\/\/www.monaandco.ch\/en\/"},{"@type":"ListItem","position":2,"name":"Products","item":"https:\/\/www.monaandco.ch\/yellowdotcollection\/8-revision-v1\/"},{"@type":"ListItem","position":3,"name":"Rare Art Nouveau Marquetry Side Table"}]},{"@type":"WebSite","@id":"https:\/\/www.monaandco.ch\/#website","url":"https:\/\/www.monaandco.ch\/","name":"MONA &amp; Co.","description":"","publisher":{"@id":"https:\/\/www.monaandco.ch\/#organization"},"potentialAction":[{"@type":"SearchAction","target":{"@type":"EntryPoint","urlTemplate":"https:\/\/www.monaandco.ch\/?s={search_term_string}"},"query-input":{"@type":"PropertyValueSpecification","valueRequired":true,"valueName":"search_term_string"}}],"inLanguage":"de-CH"},{"@type":"Organization","@id":"https:\/\/www.monaandco.ch\/#organization","name":"MONA &amp; Co.","url":"https:\/\/www.monaandco.ch\/","logo":{"@type":"ImageObject","inLanguage":"de-CH","@id":"https:\/\/www.monaandco.ch\/#\/schema\/logo\/image\/","url":"https:\/\/www.monaandco.ch\/wp-content\/uploads\/2026\/01\/MONA-CO.-Zurich-black-1.png","contentUrl":"https:\/\/www.monaandco.ch\/wp-content\/uploads\/2026\/01\/MONA-CO.-Zurich-black-1.png","width":1032,"height":272,"caption":"MONA &amp; Co."},"image":{"@id":"https:\/\/www.monaandco.ch\/#\/schema\/logo\/image\/"}}]}},"_links":{"self":[{"href":"https:\/\/www.monaandco.ch\/de\/wp-json\/wp\/v2\/product\/437","targetHints":{"allow":["GET"]}}],"collection":[{"href":"https:\/\/www.monaandco.ch\/de\/wp-json\/wp\/v2\/product"}],"about":[{"href":"https:\/\/www.monaandco.ch\/de\/wp-json\/wp\/v2\/types\/product"}],"replies":[{"embeddable":true,"href":"https:\/\/www.monaandco.ch\/de\/wp-json\/wp\/v2\/comments?post=437"}],"wp:featuredmedia":[{"embeddable":true,"href":"https:\/\/www.monaandco.ch\/de\/wp-json\/wp\/v2\/media\/534"}],"wp:attachment":[{"href":"https:\/\/www.monaandco.ch\/de\/wp-json\/wp\/v2\/media?parent=437"}],"wp:term":[{"taxonomy":"product_brand","embeddable":true,"href":"https:\/\/www.monaandco.ch\/de\/wp-json\/wp\/v2\/product_brand?post=437"},{"taxonomy":"product_cat","embeddable":true,"href":"https:\/\/www.monaandco.ch\/de\/wp-json\/wp\/v2\/product_cat?post=437"},{"taxonomy":"product_tag","embeddable":true,"href":"https:\/\/www.monaandco.ch\/de\/wp-json\/wp\/v2\/product_tag?post=437"}],"curies":[{"name":"wp","href":"https:\/\/api.w.org\/{rel}","templated":true}]}}