{"id":2357,"date":"2026-02-24T19:45:21","date_gmt":"2026-02-24T19:45:21","guid":{"rendered":"https:\/\/www.monaandco.ch\/?post_type=product&#038;p=2357"},"modified":"2026-03-20T09:05:21","modified_gmt":"2026-03-20T09:05:21","slug":"der-bengalische-tiger-i","status":"publish","type":"product","link":"https:\/\/www.monaandco.ch\/de\/product\/the-bengal-tiger-i\/","title":{"rendered":"Der bengalische Tiger I"},"content":{"rendered":"<p>Dieser skulpturale Teppich mit Ausschnitt ist das erste Exemplar unserer Bengalischen Tiger-Serie und wurde aus neuseel\u00e4ndischer Wolle handgetuftet. Er wurde fachm\u00e4nnisch als Einzelst\u00fcck gefertigt und l\u00e4sst sich auch wunderbar \u00fcber gr\u00f6\u00dfere Teppiche legen, um Tiefe und Dimension zu erzeugen.<\/p>\n<ul>\n<li>Material: Neuseel\u00e4ndische Wolle<\/li>\n<li>Bindung: Handgetuftet<\/li>\n<\/ul>","protected":false},"excerpt":{"rendered":"<p>Die Lieferung von Mustern dauert 2-3 Wochen.<br \/>\nHerstellungs- und Lieferzeiten: Handgekn\u00fcpfte Teppiche 10-15 Wochen. Handgewebte Teppiche 6-8 Wochen. Getuftete und flachgewebte Teppiche 4-5 Wochen.<br \/>\nWenn Sie eine individuelle Gr\u00f6\u00dfe oder Farbe w\u00fcnschen, verwenden Sie bitte das Anfrageformular. F\u00fcr diesen Service fallen keine zus\u00e4tzlichen Kosten an.<br \/>\nAlle Teppiche werden nur auf Bestellung gefertigt. Die Natur der Handarbeit ist, dass es einen Unterschied in der Farbe, Gr\u00f6\u00dfe oder Textur Variation auf das Web und die Bestellung platziert werden kann. Wir tun alles, um sicherzustellen, dass die Unterschiede minimal sind.<\/p>","protected":false},"featured_media":2358,"comment_status":"open","ping_status":"closed","template":"","meta":{"_acf_changed":false},"product_brand":[],"product_cat":[54,51,61],"product_tag":[],"class_list":{"0":"post-2357","1":"product","2":"type-product","3":"status-publish","4":"has-post-thumbnail","6":"product_cat-new-zealand-wool","7":"product_cat-patterned-rugs","8":"product_cat-tufted","10":"first","11":"instock","12":"taxable","13":"shipping-taxable","14":"purchasable","15":"product-type-simple"},"acf":[],"yoast_head":"<!-- This site is optimized with the Yoast SEO plugin v27.2 - https:\/\/yoast.com\/product\/yoast-seo-wordpress\/ -->\n<title>The Bengal Tiger I - MONA &amp; Co.<\/title>\n<meta name=\"description\" content=\"This Bengal Tiger sculptural cutout rug is hand-tufted in New Zealand wool. Expertly crafted as a standalone statement piece or over larger rugs.\" \/>\n<meta name=\"robots\" content=\"index, follow, max-snippet:-1, max-image-preview:large, max-video-preview:-1\" \/>\n<link rel=\"canonical\" href=\"https:\/\/www.monaandco.ch\/de\/produkt\/der-bengalische-tiger-i\/\" \/>\n<meta property=\"og:locale\" content=\"de_DE\" \/>\n<meta property=\"og:type\" content=\"article\" \/>\n<meta property=\"og:title\" content=\"The Bengal Tiger I - MONA &amp; Co.\" \/>\n<meta property=\"og:description\" content=\"This Bengal Tiger sculptural cutout rug is hand-tufted in New Zealand wool. Expertly crafted as a standalone statement piece or over larger rugs.\" \/>\n<meta property=\"og:url\" content=\"https:\/\/www.monaandco.ch\/de\/produkt\/der-bengalische-tiger-i\/\" \/>\n<meta property=\"og:site_name\" content=\"MONA &amp; Co.\" \/>\n<meta property=\"article:modified_time\" content=\"2026-03-20T09:05:21+00:00\" \/>\n<meta property=\"og:image\" content=\"https:\/\/www.monaandco.ch\/wp-content\/uploads\/2026\/02\/Bengal-Tiger-I.jpg\" \/>\n\t<meta property=\"og:image:width\" content=\"1536\" \/>\n\t<meta property=\"og:image:height\" content=\"1024\" \/>\n\t<meta property=\"og:image:type\" content=\"image\/jpeg\" \/>\n<meta name=\"twitter:card\" content=\"summary_large_image\" \/>\n<meta name=\"twitter:label1\" content=\"Gesch\u00e4tzte Lesezeit\" \/>\n\t<meta name=\"twitter:data1\" content=\"1\u00a0Minute\" \/>\n<script type=\"application\/ld+json\" class=\"yoast-schema-graph\">{\"@context\":\"https:\/\/schema.org\",\"@graph\":[{\"@type\":\"WebPage\",\"@id\":\"https:\/\/www.monaandco.ch\/product\/the-bengal-tiger-i\/\",\"url\":\"https:\/\/www.monaandco.ch\/product\/the-bengal-tiger-i\/\",\"name\":\"The Bengal Tiger I - MONA &amp; Co.\",\"isPartOf\":{\"@id\":\"https:\/\/www.monaandco.ch\/#website\"},\"primaryImageOfPage\":{\"@id\":\"https:\/\/www.monaandco.ch\/product\/the-bengal-tiger-i\/#primaryimage\"},\"image\":{\"@id\":\"https:\/\/www.monaandco.ch\/product\/the-bengal-tiger-i\/#primaryimage\"},\"thumbnailUrl\":\"https:\/\/www.monaandco.ch\/wp-content\/uploads\/2026\/02\/Bengal-Tiger-I.jpg\",\"datePublished\":\"2026-02-24T19:45:21+00:00\",\"dateModified\":\"2026-03-20T09:05:21+00:00\",\"description\":\"This Bengal Tiger sculptural cutout rug is hand-tufted in New Zealand wool. Expertly crafted as a standalone statement piece or over larger rugs.\",\"breadcrumb\":{\"@id\":\"https:\/\/www.monaandco.ch\/product\/the-bengal-tiger-i\/#breadcrumb\"},\"inLanguage\":\"de-CH\",\"potentialAction\":[{\"@type\":\"ReadAction\",\"target\":[\"https:\/\/www.monaandco.ch\/product\/the-bengal-tiger-i\/\"]}]},{\"@type\":\"ImageObject\",\"inLanguage\":\"de-CH\",\"@id\":\"https:\/\/www.monaandco.ch\/product\/the-bengal-tiger-i\/#primaryimage\",\"url\":\"https:\/\/www.monaandco.ch\/wp-content\/uploads\/2026\/02\/Bengal-Tiger-I.jpg\",\"contentUrl\":\"https:\/\/www.monaandco.ch\/wp-content\/uploads\/2026\/02\/Bengal-Tiger-I.jpg\",\"width\":1536,\"height\":1024,\"caption\":\"Bengal Tiger I Rug\"},{\"@type\":\"BreadcrumbList\",\"@id\":\"https:\/\/www.monaandco.ch\/product\/the-bengal-tiger-i\/#breadcrumb\",\"itemListElement\":[{\"@type\":\"ListItem\",\"position\":1,\"name\":\"Home\",\"item\":\"https:\/\/www.monaandco.ch\/\"},{\"@type\":\"ListItem\",\"position\":2,\"name\":\"Products\",\"item\":\"https:\/\/www.monaandco.ch\/yellowdotcollection\/8-revision-v1\/\"},{\"@type\":\"ListItem\",\"position\":3,\"name\":\"The Bengal Tiger I\"}]},{\"@type\":\"WebSite\",\"@id\":\"https:\/\/www.monaandco.ch\/#website\",\"url\":\"https:\/\/www.monaandco.ch\/\",\"name\":\"MONA &amp; Co.\",\"description\":\"\",\"publisher\":{\"@id\":\"https:\/\/www.monaandco.ch\/#organization\"},\"potentialAction\":[{\"@type\":\"SearchAction\",\"target\":{\"@type\":\"EntryPoint\",\"urlTemplate\":\"https:\/\/www.monaandco.ch\/?s={search_term_string}\"},\"query-input\":{\"@type\":\"PropertyValueSpecification\",\"valueRequired\":true,\"valueName\":\"search_term_string\"}}],\"inLanguage\":\"de-CH\"},{\"@type\":\"Organization\",\"@id\":\"https:\/\/www.monaandco.ch\/#organization\",\"name\":\"MONA &amp; Co.\",\"url\":\"https:\/\/www.monaandco.ch\/\",\"logo\":{\"@type\":\"ImageObject\",\"inLanguage\":\"de-CH\",\"@id\":\"https:\/\/www.monaandco.ch\/#\/schema\/logo\/image\/\",\"url\":\"https:\/\/www.monaandco.ch\/wp-content\/uploads\/2026\/01\/MONA-CO.-Zurich-black-1.png\",\"contentUrl\":\"https:\/\/www.monaandco.ch\/wp-content\/uploads\/2026\/01\/MONA-CO.-Zurich-black-1.png\",\"width\":1032,\"height\":272,\"caption\":\"MONA &amp; Co.\"},\"image\":{\"@id\":\"https:\/\/www.monaandco.ch\/#\/schema\/logo\/image\/\"}}]}<\/script>\n<!-- \/ Yoast SEO plugin. -->","yoast_head_json":{"title":"Der bengalische Tiger I - MONA &amp; Co.","description":"Dieser Teppich mit dem skulpturalen Ausschnitt eines bengalischen Tigers ist aus neuseel\u00e4ndischer Wolle handgetuftet. Fachm\u00e4nnisch gefertigt als alleinstehendes Kunstwerk oder \u00fcber gr\u00f6\u00dferen Teppichen.","robots":{"index":"index","follow":"follow","max-snippet":"max-snippet:-1","max-image-preview":"max-image-preview:large","max-video-preview":"max-video-preview:-1"},"canonical":"https:\/\/www.monaandco.ch\/de\/produkt\/der-bengalische-tiger-i\/","og_locale":"de_DE","og_type":"article","og_title":"The Bengal Tiger I - MONA &amp; Co.","og_description":"This Bengal Tiger sculptural cutout rug is hand-tufted in New Zealand wool. Expertly crafted as a standalone statement piece or over larger rugs.","og_url":"https:\/\/www.monaandco.ch\/de\/produkt\/der-bengalische-tiger-i\/","og_site_name":"MONA &amp; Co.","article_modified_time":"2026-03-20T09:05:21+00:00","og_image":[{"width":1536,"height":1024,"url":"https:\/\/www.monaandco.ch\/wp-content\/uploads\/2026\/02\/Bengal-Tiger-I.jpg","type":"image\/jpeg"}],"twitter_card":"summary_large_image","twitter_misc":{"Gesch\u00e4tzte Lesezeit":"1\u00a0Minute"},"schema":{"@context":"https:\/\/schema.org","@graph":[{"@type":"WebPage","@id":"https:\/\/www.monaandco.ch\/product\/the-bengal-tiger-i\/","url":"https:\/\/www.monaandco.ch\/product\/the-bengal-tiger-i\/","name":"Der bengalische Tiger I - MONA &amp; Co.","isPartOf":{"@id":"https:\/\/www.monaandco.ch\/#website"},"primaryImageOfPage":{"@id":"https:\/\/www.monaandco.ch\/product\/the-bengal-tiger-i\/#primaryimage"},"image":{"@id":"https:\/\/www.monaandco.ch\/product\/the-bengal-tiger-i\/#primaryimage"},"thumbnailUrl":"https:\/\/www.monaandco.ch\/wp-content\/uploads\/2026\/02\/Bengal-Tiger-I.jpg","datePublished":"2026-02-24T19:45:21+00:00","dateModified":"2026-03-20T09:05:21+00:00","description":"Dieser Teppich mit dem skulpturalen Ausschnitt eines bengalischen Tigers ist aus neuseel\u00e4ndischer Wolle handgetuftet. Fachm\u00e4nnisch gefertigt als alleinstehendes Kunstwerk oder \u00fcber gr\u00f6\u00dferen Teppichen.","breadcrumb":{"@id":"https:\/\/www.monaandco.ch\/product\/the-bengal-tiger-i\/#breadcrumb"},"inLanguage":"de-CH","potentialAction":[{"@type":"ReadAction","target":["https:\/\/www.monaandco.ch\/product\/the-bengal-tiger-i\/"]}]},{"@type":"ImageObject","inLanguage":"de-CH","@id":"https:\/\/www.monaandco.ch\/product\/the-bengal-tiger-i\/#primaryimage","url":"https:\/\/www.monaandco.ch\/wp-content\/uploads\/2026\/02\/Bengal-Tiger-I.jpg","contentUrl":"https:\/\/www.monaandco.ch\/wp-content\/uploads\/2026\/02\/Bengal-Tiger-I.jpg","width":1536,"height":1024,"caption":"Bengal Tiger I Rug"},{"@type":"BreadcrumbList","@id":"https:\/\/www.monaandco.ch\/product\/the-bengal-tiger-i\/#breadcrumb","itemListElement":[{"@type":"ListItem","position":1,"name":"Home","item":"https:\/\/www.monaandco.ch\/"},{"@type":"ListItem","position":2,"name":"Products","item":"https:\/\/www.monaandco.ch\/yellowdotcollection\/8-revision-v1\/"},{"@type":"ListItem","position":3,"name":"The Bengal Tiger I"}]},{"@type":"WebSite","@id":"https:\/\/www.monaandco.ch\/#website","url":"https:\/\/www.monaandco.ch\/","name":"MONA &amp; Co.","description":"","publisher":{"@id":"https:\/\/www.monaandco.ch\/#organization"},"potentialAction":[{"@type":"SearchAction","target":{"@type":"EntryPoint","urlTemplate":"https:\/\/www.monaandco.ch\/?s={search_term_string}"},"query-input":{"@type":"PropertyValueSpecification","valueRequired":true,"valueName":"search_term_string"}}],"inLanguage":"de-CH"},{"@type":"Organization","@id":"https:\/\/www.monaandco.ch\/#organization","name":"MONA &amp; Co.","url":"https:\/\/www.monaandco.ch\/","logo":{"@type":"ImageObject","inLanguage":"de-CH","@id":"https:\/\/www.monaandco.ch\/#\/schema\/logo\/image\/","url":"https:\/\/www.monaandco.ch\/wp-content\/uploads\/2026\/01\/MONA-CO.-Zurich-black-1.png","contentUrl":"https:\/\/www.monaandco.ch\/wp-content\/uploads\/2026\/01\/MONA-CO.-Zurich-black-1.png","width":1032,"height":272,"caption":"MONA &amp; Co."},"image":{"@id":"https:\/\/www.monaandco.ch\/#\/schema\/logo\/image\/"}}]}},"_links":{"self":[{"href":"https:\/\/www.monaandco.ch\/de\/wp-json\/wp\/v2\/product\/2357","targetHints":{"allow":["GET"]}}],"collection":[{"href":"https:\/\/www.monaandco.ch\/de\/wp-json\/wp\/v2\/product"}],"about":[{"href":"https:\/\/www.monaandco.ch\/de\/wp-json\/wp\/v2\/types\/product"}],"replies":[{"embeddable":true,"href":"https:\/\/www.monaandco.ch\/de\/wp-json\/wp\/v2\/comments?post=2357"}],"wp:featuredmedia":[{"embeddable":true,"href":"https:\/\/www.monaandco.ch\/de\/wp-json\/wp\/v2\/media\/2358"}],"wp:attachment":[{"href":"https:\/\/www.monaandco.ch\/de\/wp-json\/wp\/v2\/media?parent=2357"}],"wp:term":[{"taxonomy":"product_brand","embeddable":true,"href":"https:\/\/www.monaandco.ch\/de\/wp-json\/wp\/v2\/product_brand?post=2357"},{"taxonomy":"product_cat","embeddable":true,"href":"https:\/\/www.monaandco.ch\/de\/wp-json\/wp\/v2\/product_cat?post=2357"},{"taxonomy":"product_tag","embeddable":true,"href":"https:\/\/www.monaandco.ch\/de\/wp-json\/wp\/v2\/product_tag?post=2357"}],"curies":[{"name":"wp","href":"https:\/\/api.w.org\/{rel}","templated":true}]}}