{"id":1557,"date":"2026-02-12T16:30:57","date_gmt":"2026-02-12T16:30:57","guid":{"rendered":"https:\/\/www.monaandco.ch\/?post_type=product&#038;p=1557"},"modified":"2026-03-20T09:52:51","modified_gmt":"2026-03-20T09:52:51","slug":"wolke-i","status":"publish","type":"product","link":"https:\/\/www.monaandco.ch\/de\/product\/cloud-i\/","title":{"rendered":"Wolke I"},"content":{"rendered":"<p>Ein wundersch\u00f6ner, weicher, handgekn\u00fcpfter Teppich mit einem hohen, zotteligen Flor. Unglaublich weich unter den F\u00fc\u00dfen.<\/p>\n<ul>\n<li>Material: Neuseel\u00e4ndische Wolle<\/li>\n<li>Weben: Indo Nepali Handgekn\u00fcpft<\/li>\n<li>Florh\u00f6he: 35 MM Flor<\/li>\n<\/ul>","protected":false},"excerpt":{"rendered":"<p>Die Lieferung von Mustern dauert 2-3 Wochen.<br \/>\nHerstellungs- und Lieferzeiten: Handgekn\u00fcpfte Teppiche 10-15 Wochen. Handgewebte Teppiche 6-8 Wochen. Getuftete und flachgewebte Teppiche 4-5 Wochen.<br \/>\nWenn Sie eine individuelle Gr\u00f6\u00dfe oder Farbe w\u00fcnschen, verwenden Sie bitte das Anfrageformular. F\u00fcr diesen Service fallen keine zus\u00e4tzlichen Kosten an.<br \/>\nAlle Teppiche werden nur auf Bestellung gefertigt. Die Natur der Handarbeit ist, dass es einen Unterschied in der Farbe, Gr\u00f6\u00dfe oder Textur Variation auf das Web und die Bestellung platziert werden kann. Wir machen alle Anstrengungen, um sicherzustellen, dass die Unterschiede minimal sind.<\/p>","protected":false},"featured_media":1558,"comment_status":"open","ping_status":"closed","template":"","meta":{"_acf_changed":false},"product_brand":[],"product_cat":[58,54,48],"product_tag":[],"class_list":{"0":"post-1557","1":"product","2":"type-product","3":"status-publish","4":"has-post-thumbnail","6":"product_cat-hand-knotted","7":"product_cat-new-zealand-wool","8":"product_cat-wool-rugs","10":"first","11":"instock","12":"taxable","13":"shipping-taxable","14":"purchasable","15":"product-type-variable","16":"has-default-attributes"},"acf":[],"yoast_head":"<!-- This site is optimized with the Yoast SEO plugin v27.4 - https:\/\/yoast.com\/product\/yoast-seo-wordpress\/ -->\n<title>Cloud I Rug - MONA &amp; Co.<\/title>\n<meta name=\"description\" content=\"A beautiful soft hand knotted Cloud Rug with New Zealand Wool with a tall shaggy pile. Incredibly soft underfoot. Available in different sizes.\" \/>\n<meta name=\"robots\" content=\"index, follow, max-snippet:-1, max-image-preview:large, max-video-preview:-1\" \/>\n<link rel=\"canonical\" href=\"https:\/\/www.monaandco.ch\/de\/produkt\/wolke-i\/\" \/>\n<meta property=\"og:locale\" content=\"de_DE\" \/>\n<meta property=\"og:type\" content=\"article\" \/>\n<meta property=\"og:title\" content=\"Cloud I Rug - MONA &amp; Co.\" \/>\n<meta property=\"og:description\" content=\"A beautiful soft hand knotted Cloud Rug with New Zealand Wool with a tall shaggy pile. Incredibly soft underfoot. Available in different sizes.\" \/>\n<meta property=\"og:url\" content=\"https:\/\/www.monaandco.ch\/de\/produkt\/wolke-i\/\" \/>\n<meta property=\"og:site_name\" content=\"MONA &amp; Co.\" \/>\n<meta property=\"article:modified_time\" content=\"2026-03-20T09:52:51+00:00\" \/>\n<meta property=\"og:image\" content=\"https:\/\/www.monaandco.ch\/wp-content\/uploads\/2026\/02\/Rose-Quartz-Wool-High-Pile.webp\" \/>\n\t<meta property=\"og:image:width\" content=\"2560\" \/>\n\t<meta property=\"og:image:height\" content=\"2560\" \/>\n\t<meta property=\"og:image:type\" content=\"image\/webp\" \/>\n<meta name=\"twitter:card\" content=\"summary_large_image\" \/>\n<meta name=\"twitter:label1\" content=\"Gesch\u00e4tzte Lesezeit\" \/>\n\t<meta name=\"twitter:data1\" content=\"1\u00a0Minute\" \/>\n<script type=\"application\/ld+json\" class=\"yoast-schema-graph\">{\"@context\":\"https:\\\/\\\/schema.org\",\"@graph\":[{\"@type\":\"WebPage\",\"@id\":\"https:\\\/\\\/www.monaandco.ch\\\/product\\\/cloud-i\\\/\",\"url\":\"https:\\\/\\\/www.monaandco.ch\\\/product\\\/cloud-i\\\/\",\"name\":\"Cloud I Rug - MONA &amp; Co.\",\"isPartOf\":{\"@id\":\"https:\\\/\\\/www.monaandco.ch\\\/#website\"},\"primaryImageOfPage\":{\"@id\":\"https:\\\/\\\/www.monaandco.ch\\\/product\\\/cloud-i\\\/#primaryimage\"},\"image\":{\"@id\":\"https:\\\/\\\/www.monaandco.ch\\\/product\\\/cloud-i\\\/#primaryimage\"},\"thumbnailUrl\":\"https:\\\/\\\/www.monaandco.ch\\\/wp-content\\\/uploads\\\/2026\\\/02\\\/Rose-Quartz-Wool-High-Pile.webp\",\"datePublished\":\"2026-02-12T16:30:57+00:00\",\"dateModified\":\"2026-03-20T09:52:51+00:00\",\"description\":\"A beautiful soft hand knotted Cloud Rug with New Zealand Wool with a tall shaggy pile. Incredibly soft underfoot. Available in different sizes.\",\"breadcrumb\":{\"@id\":\"https:\\\/\\\/www.monaandco.ch\\\/product\\\/cloud-i\\\/#breadcrumb\"},\"inLanguage\":\"de-CH\",\"potentialAction\":[{\"@type\":\"ReadAction\",\"target\":[\"https:\\\/\\\/www.monaandco.ch\\\/product\\\/cloud-i\\\/\"]}]},{\"@type\":\"ImageObject\",\"inLanguage\":\"de-CH\",\"@id\":\"https:\\\/\\\/www.monaandco.ch\\\/product\\\/cloud-i\\\/#primaryimage\",\"url\":\"https:\\\/\\\/www.monaandco.ch\\\/wp-content\\\/uploads\\\/2026\\\/02\\\/Rose-Quartz-Wool-High-Pile.webp\",\"contentUrl\":\"https:\\\/\\\/www.monaandco.ch\\\/wp-content\\\/uploads\\\/2026\\\/02\\\/Rose-Quartz-Wool-High-Pile.webp\",\"width\":2560,\"height\":2560},{\"@type\":\"BreadcrumbList\",\"@id\":\"https:\\\/\\\/www.monaandco.ch\\\/product\\\/cloud-i\\\/#breadcrumb\",\"itemListElement\":[{\"@type\":\"ListItem\",\"position\":1,\"name\":\"Home\",\"item\":\"https:\\\/\\\/www.monaandco.ch\\\/en\\\/\"},{\"@type\":\"ListItem\",\"position\":2,\"name\":\"Products\",\"item\":\"https:\\\/\\\/www.monaandco.ch\\\/yellowdotcollection\\\/8-revision-v1\\\/\"},{\"@type\":\"ListItem\",\"position\":3,\"name\":\"Cloud I\"}]},{\"@type\":\"WebSite\",\"@id\":\"https:\\\/\\\/www.monaandco.ch\\\/#website\",\"url\":\"https:\\\/\\\/www.monaandco.ch\\\/\",\"name\":\"MONA &amp; Co.\",\"description\":\"\",\"publisher\":{\"@id\":\"https:\\\/\\\/www.monaandco.ch\\\/#organization\"},\"potentialAction\":[{\"@type\":\"SearchAction\",\"target\":{\"@type\":\"EntryPoint\",\"urlTemplate\":\"https:\\\/\\\/www.monaandco.ch\\\/?s={search_term_string}\"},\"query-input\":{\"@type\":\"PropertyValueSpecification\",\"valueRequired\":true,\"valueName\":\"search_term_string\"}}],\"inLanguage\":\"de-CH\"},{\"@type\":\"Organization\",\"@id\":\"https:\\\/\\\/www.monaandco.ch\\\/#organization\",\"name\":\"MONA &amp; Co.\",\"url\":\"https:\\\/\\\/www.monaandco.ch\\\/\",\"logo\":{\"@type\":\"ImageObject\",\"inLanguage\":\"de-CH\",\"@id\":\"https:\\\/\\\/www.monaandco.ch\\\/#\\\/schema\\\/logo\\\/image\\\/\",\"url\":\"https:\\\/\\\/www.monaandco.ch\\\/wp-content\\\/uploads\\\/2026\\\/01\\\/MONA-CO.-Zurich-black-1.png\",\"contentUrl\":\"https:\\\/\\\/www.monaandco.ch\\\/wp-content\\\/uploads\\\/2026\\\/01\\\/MONA-CO.-Zurich-black-1.png\",\"width\":1032,\"height\":272,\"caption\":\"MONA &amp; Co.\"},\"image\":{\"@id\":\"https:\\\/\\\/www.monaandco.ch\\\/#\\\/schema\\\/logo\\\/image\\\/\"}}]}<\/script>\n<!-- \/ Yoast SEO plugin. -->","yoast_head_json":{"title":"Wolke I Teppich - MONA &amp; Co.","description":"Ein wundersch\u00f6ner, weicher, handgekn\u00fcpfter Wolkenteppich aus neuseel\u00e4ndischer Wolle mit einem hohen, zotteligen Flor. Unglaublich weich unter den F\u00fc\u00dfen. Erh\u00e4ltlich in verschiedenen Gr\u00f6\u00dfen.","robots":{"index":"index","follow":"follow","max-snippet":"max-snippet:-1","max-image-preview":"max-image-preview:large","max-video-preview":"max-video-preview:-1"},"canonical":"https:\/\/www.monaandco.ch\/de\/produkt\/wolke-i\/","og_locale":"de_DE","og_type":"article","og_title":"Cloud I Rug - MONA &amp; Co.","og_description":"A beautiful soft hand knotted Cloud Rug with New Zealand Wool with a tall shaggy pile. Incredibly soft underfoot. Available in different sizes.","og_url":"https:\/\/www.monaandco.ch\/de\/produkt\/wolke-i\/","og_site_name":"MONA &amp; Co.","article_modified_time":"2026-03-20T09:52:51+00:00","og_image":[{"width":2560,"height":2560,"url":"https:\/\/www.monaandco.ch\/wp-content\/uploads\/2026\/02\/Rose-Quartz-Wool-High-Pile.webp","type":"image\/webp"}],"twitter_card":"summary_large_image","twitter_misc":{"Gesch\u00e4tzte Lesezeit":"1\u00a0Minute"},"schema":{"@context":"https:\/\/schema.org","@graph":[{"@type":"WebPage","@id":"https:\/\/www.monaandco.ch\/product\/cloud-i\/","url":"https:\/\/www.monaandco.ch\/product\/cloud-i\/","name":"Wolke I Teppich - MONA &amp; Co.","isPartOf":{"@id":"https:\/\/www.monaandco.ch\/#website"},"primaryImageOfPage":{"@id":"https:\/\/www.monaandco.ch\/product\/cloud-i\/#primaryimage"},"image":{"@id":"https:\/\/www.monaandco.ch\/product\/cloud-i\/#primaryimage"},"thumbnailUrl":"https:\/\/www.monaandco.ch\/wp-content\/uploads\/2026\/02\/Rose-Quartz-Wool-High-Pile.webp","datePublished":"2026-02-12T16:30:57+00:00","dateModified":"2026-03-20T09:52:51+00:00","description":"Ein wundersch\u00f6ner, weicher, handgekn\u00fcpfter Wolkenteppich aus neuseel\u00e4ndischer Wolle mit einem hohen, zotteligen Flor. Unglaublich weich unter den F\u00fc\u00dfen. Erh\u00e4ltlich in verschiedenen Gr\u00f6\u00dfen.","breadcrumb":{"@id":"https:\/\/www.monaandco.ch\/product\/cloud-i\/#breadcrumb"},"inLanguage":"de-CH","potentialAction":[{"@type":"ReadAction","target":["https:\/\/www.monaandco.ch\/product\/cloud-i\/"]}]},{"@type":"ImageObject","inLanguage":"de-CH","@id":"https:\/\/www.monaandco.ch\/product\/cloud-i\/#primaryimage","url":"https:\/\/www.monaandco.ch\/wp-content\/uploads\/2026\/02\/Rose-Quartz-Wool-High-Pile.webp","contentUrl":"https:\/\/www.monaandco.ch\/wp-content\/uploads\/2026\/02\/Rose-Quartz-Wool-High-Pile.webp","width":2560,"height":2560},{"@type":"BreadcrumbList","@id":"https:\/\/www.monaandco.ch\/product\/cloud-i\/#breadcrumb","itemListElement":[{"@type":"ListItem","position":1,"name":"Home","item":"https:\/\/www.monaandco.ch\/en\/"},{"@type":"ListItem","position":2,"name":"Products","item":"https:\/\/www.monaandco.ch\/yellowdotcollection\/8-revision-v1\/"},{"@type":"ListItem","position":3,"name":"Cloud I"}]},{"@type":"WebSite","@id":"https:\/\/www.monaandco.ch\/#website","url":"https:\/\/www.monaandco.ch\/","name":"MONA &amp; Co.","description":"","publisher":{"@id":"https:\/\/www.monaandco.ch\/#organization"},"potentialAction":[{"@type":"SearchAction","target":{"@type":"EntryPoint","urlTemplate":"https:\/\/www.monaandco.ch\/?s={search_term_string}"},"query-input":{"@type":"PropertyValueSpecification","valueRequired":true,"valueName":"search_term_string"}}],"inLanguage":"de-CH"},{"@type":"Organization","@id":"https:\/\/www.monaandco.ch\/#organization","name":"MONA &amp; Co.","url":"https:\/\/www.monaandco.ch\/","logo":{"@type":"ImageObject","inLanguage":"de-CH","@id":"https:\/\/www.monaandco.ch\/#\/schema\/logo\/image\/","url":"https:\/\/www.monaandco.ch\/wp-content\/uploads\/2026\/01\/MONA-CO.-Zurich-black-1.png","contentUrl":"https:\/\/www.monaandco.ch\/wp-content\/uploads\/2026\/01\/MONA-CO.-Zurich-black-1.png","width":1032,"height":272,"caption":"MONA &amp; Co."},"image":{"@id":"https:\/\/www.monaandco.ch\/#\/schema\/logo\/image\/"}}]}},"_links":{"self":[{"href":"https:\/\/www.monaandco.ch\/de\/wp-json\/wp\/v2\/product\/1557","targetHints":{"allow":["GET"]}}],"collection":[{"href":"https:\/\/www.monaandco.ch\/de\/wp-json\/wp\/v2\/product"}],"about":[{"href":"https:\/\/www.monaandco.ch\/de\/wp-json\/wp\/v2\/types\/product"}],"replies":[{"embeddable":true,"href":"https:\/\/www.monaandco.ch\/de\/wp-json\/wp\/v2\/comments?post=1557"}],"wp:featuredmedia":[{"embeddable":true,"href":"https:\/\/www.monaandco.ch\/de\/wp-json\/wp\/v2\/media\/1558"}],"wp:attachment":[{"href":"https:\/\/www.monaandco.ch\/de\/wp-json\/wp\/v2\/media?parent=1557"}],"wp:term":[{"taxonomy":"product_brand","embeddable":true,"href":"https:\/\/www.monaandco.ch\/de\/wp-json\/wp\/v2\/product_brand?post=1557"},{"taxonomy":"product_cat","embeddable":true,"href":"https:\/\/www.monaandco.ch\/de\/wp-json\/wp\/v2\/product_cat?post=1557"},{"taxonomy":"product_tag","embeddable":true,"href":"https:\/\/www.monaandco.ch\/de\/wp-json\/wp\/v2\/product_tag?post=1557"}],"curies":[{"name":"wp","href":"https:\/\/api.w.org\/{rel}","templated":true}]}}