{"id":2117,"date":"2026-02-19T13:11:46","date_gmt":"2026-02-19T13:11:46","guid":{"rendered":"https:\/\/www.monaandco.ch\/?page_id=2117"},"modified":"2026-03-02T16:10:44","modified_gmt":"2026-03-02T16:10:44","slug":"einrichtungsstile","status":"publish","type":"page","link":"https:\/\/www.monaandco.ch\/de\/interior-design-styles\/","title":{"rendered":"Innenarchitektur Stile"},"content":{"rendered":"<div data-elementor-type=\"wp-page\" data-elementor-id=\"2117\" class=\"elementor elementor-2117\" data-elementor-post-type=\"page\">\n\t\t\t\t<div class=\"elementor-element elementor-element-69d776a e-flex e-con-boxed e-con e-parent\" data-id=\"69d776a\" data-element_type=\"container\" data-e-type=\"container\">\n\t\t\t\t\t<div class=\"e-con-inner\">\n\t\t\t\t<div class=\"elementor-element elementor-element-d635e40 elementor-widget elementor-widget-heading\" data-id=\"d635e40\" data-element_type=\"widget\" data-e-type=\"widget\" data-widget_type=\"heading.default\">\n\t\t\t\t\t<h2 class=\"elementor-heading-title elementor-size-default\">Einrichtungsstile I Auswahl von Objekten mit Zweck<\/h2>\t\t\t\t<\/div>\n\t\t\t\t<div class=\"elementor-element elementor-element-3329fb0 elementor-widget elementor-widget-text-editor\" data-id=\"3329fb0\" data-element_type=\"widget\" data-e-type=\"widget\" data-widget_type=\"text-editor.default\">\n\t\t\t\t\t\t\t\t\t<p>Entdecken Sie eine Studie \u00fcber verschiedene Einrichtungsstile, vom mehrschichtigen Maximalismus bis zur modernen organischen Zur\u00fcckhaltung, mit Beispielen unserer Teppiche und Sammlerst\u00fccke, die zu jedem Stil passen. Jede Umgebung ist so gestaltet, dass Sie sehen k\u00f6nnen, wie diese St\u00fccke Textur, Gr\u00f6\u00dfe und Charakter in Ihren eigenen Raum in dem angegebenen Designstil bringen k\u00f6nnen. Die Einrichtungsstile wurden auf der Grundlage dessen ausgew\u00e4hlt, was unsere Kunden am ansprechendsten finden, und nicht nur nach unseren Vorlieben.  Wir weisen auch darauf hin, dass Etiketten zwar eine Orientierungshilfe sein k\u00f6nnen, der pers\u00f6nliche Geschmack aber immer \u00fcber die Kategorien hinausgeht und die Innenr\u00e4ume so gestaltet, dass sie sich ganz einzigartig anf\u00fchlen.  Wir hoffen, dass wir Sie dazu inspirieren k\u00f6nnen, Ihre eigene Vision zu erforschen und sie zu Ihrer eigenen zu machen.<\/p>\t\t\t\t\t\t\t\t<\/div>\n\t\t\t\t\t<\/div>\n\t\t\t\t<\/div>\n\t\t<div class=\"elementor-element elementor-element-956759c e-flex e-con-boxed e-con e-parent\" data-id=\"956759c\" data-element_type=\"container\" data-e-type=\"container\">\n\t\t\t\t\t<div class=\"e-con-inner\">\n\t\t\t\t<div class=\"elementor-element elementor-element-2bf97b2 elementor-widget elementor-widget-gallery\" data-id=\"2bf97b2\" data-element_type=\"widget\" data-e-type=\"widget\" data-settings=\"{&quot;columns&quot;:3,&quot;gallery_layout&quot;:&quot;masonry&quot;,&quot;lazyload&quot;:&quot;yes&quot;,&quot;columns_tablet&quot;:2,&quot;columns_mobile&quot;:1,&quot;gap&quot;:{&quot;unit&quot;:&quot;px&quot;,&quot;size&quot;:10,&quot;sizes&quot;:[]},&quot;gap_tablet&quot;:{&quot;unit&quot;:&quot;px&quot;,&quot;size&quot;:10,&quot;sizes&quot;:[]},&quot;gap_mobile&quot;:{&quot;unit&quot;:&quot;px&quot;,&quot;size&quot;:10,&quot;sizes&quot;:[]},&quot;link_to&quot;:&quot;file&quot;,&quot;overlay_background&quot;:&quot;yes&quot;,&quot;content_hover_animation&quot;:&quot;fade-in&quot;}\" data-widget_type=\"gallery.default\">\n\t\t\t\t\t\t\t<div class=\"elementor-gallery__container\">\n\t\t\t\t\t\t\t<a class=\"e-gallery-item elementor-gallery-item elementor-animated-content\" href=\"https:\/\/www.monaandco.ch\/wp-content\/uploads\/2026\/02\/1.-Mood-Board-modern-organic-1.jpg\" data-elementor-open-lightbox=\"yes\" data-elementor-lightbox-slideshow=\"2bf97b2\" data-elementor-lightbox-title=\"1. Mood Board modern organic\" data-e-action-hash=\"#elementor-action%3Aaction%3Dlightbox%26settings%3DeyJpZCI6MjY5MSwidXJsIjoiaHR0cHM6XC9cL3d3dy5tb25hYW5kY28uY2hcL3dwLWNvbnRlbnRcL3VwbG9hZHNcLzIwMjZcLzAyXC8xLi1Nb29kLUJvYXJkLW1vZGVybi1vcmdhbmljLTEuanBnIiwic2xpZGVzaG93IjoiMmJmOTdiMiJ9\">\n\t\t\t\t\t<div class=\"e-gallery-image elementor-gallery-item__image\" data-thumbnail=\"https:\/\/www.monaandco.ch\/wp-content\/uploads\/2026\/02\/1.-Mood-Board-modern-organic-1-768x960.jpg\" data-width=\"768\" data-height=\"960\" aria-label=\"\" role=\"img\" ><\/div>\n\t\t\t\t\t\t\t\t\t\t\t<div class=\"elementor-gallery-item__overlay\"><\/div>\n\t\t\t\t\t\t\t\t\t\t\t\t\t\t<\/a>\n\t\t\t\t\t\t\t<a class=\"e-gallery-item elementor-gallery-item elementor-animated-content\" href=\"https:\/\/www.monaandco.ch\/wp-content\/uploads\/2026\/02\/2.-Mood-Board-ralph-lauren.jpg\" data-elementor-open-lightbox=\"yes\" data-elementor-lightbox-slideshow=\"2bf97b2\" data-elementor-lightbox-title=\"2. Mood Board ralph lauren\" data-e-action-hash=\"#elementor-action%3Aaction%3Dlightbox%26settings%3DeyJpZCI6MjY5MiwidXJsIjoiaHR0cHM6XC9cL3d3dy5tb25hYW5kY28uY2hcL3dwLWNvbnRlbnRcL3VwbG9hZHNcLzIwMjZcLzAyXC8yLi1Nb29kLUJvYXJkLXJhbHBoLWxhdXJlbi5qcGciLCJzbGlkZXNob3ciOiIyYmY5N2IyIn0%3D\">\n\t\t\t\t\t<div class=\"e-gallery-image elementor-gallery-item__image\" data-thumbnail=\"https:\/\/www.monaandco.ch\/wp-content\/uploads\/2026\/02\/2.-Mood-Board-ralph-lauren-768x960.jpg\" data-width=\"768\" data-height=\"960\" aria-label=\"\" role=\"img\" ><\/div>\n\t\t\t\t\t\t\t\t\t\t\t<div class=\"elementor-gallery-item__overlay\"><\/div>\n\t\t\t\t\t\t\t\t\t\t\t\t\t\t<\/a>\n\t\t\t\t\t\t\t<a class=\"e-gallery-item elementor-gallery-item elementor-animated-content\" href=\"https:\/\/www.monaandco.ch\/wp-content\/uploads\/2026\/02\/3.-Mood-Board-understated-elegance.jpg\" data-elementor-open-lightbox=\"yes\" data-elementor-lightbox-slideshow=\"2bf97b2\" data-elementor-lightbox-title=\"3. Mood Board understated elegance\" data-e-action-hash=\"#elementor-action%3Aaction%3Dlightbox%26settings%3DeyJpZCI6MjY5NSwidXJsIjoiaHR0cHM6XC9cL3d3dy5tb25hYW5kY28uY2hcL3dwLWNvbnRlbnRcL3VwbG9hZHNcLzIwMjZcLzAyXC8zLi1Nb29kLUJvYXJkLXVuZGVyc3RhdGVkLWVsZWdhbmNlLmpwZyIsInNsaWRlc2hvdyI6IjJiZjk3YjIifQ%3D%3D\">\n\t\t\t\t\t<div class=\"e-gallery-image elementor-gallery-item__image\" data-thumbnail=\"https:\/\/www.monaandco.ch\/wp-content\/uploads\/2026\/02\/3.-Mood-Board-understated-elegance-768x960.jpg\" data-width=\"768\" data-height=\"960\" aria-label=\"\" role=\"img\" ><\/div>\n\t\t\t\t\t\t\t\t\t\t\t<div class=\"elementor-gallery-item__overlay\"><\/div>\n\t\t\t\t\t\t\t\t\t\t\t\t\t\t<\/a>\n\t\t\t\t\t\t\t<a class=\"e-gallery-item elementor-gallery-item elementor-animated-content\" href=\"https:\/\/www.monaandco.ch\/wp-content\/uploads\/2026\/02\/4.-Mood-Board-maximalist-glamour.jpg\" data-elementor-open-lightbox=\"yes\" data-elementor-lightbox-slideshow=\"2bf97b2\" data-elementor-lightbox-title=\"4. Mood Board maximalist glamour\" data-e-action-hash=\"#elementor-action%3Aaction%3Dlightbox%26settings%3DeyJpZCI6MjY5NiwidXJsIjoiaHR0cHM6XC9cL3d3dy5tb25hYW5kY28uY2hcL3dwLWNvbnRlbnRcL3VwbG9hZHNcLzIwMjZcLzAyXC80Li1Nb29kLUJvYXJkLW1heGltYWxpc3QtZ2xhbW91ci5qcGciLCJzbGlkZXNob3ciOiIyYmY5N2IyIn0%3D\">\n\t\t\t\t\t<div class=\"e-gallery-image elementor-gallery-item__image\" data-thumbnail=\"https:\/\/www.monaandco.ch\/wp-content\/uploads\/2026\/02\/4.-Mood-Board-maximalist-glamour-768x960.jpg\" data-width=\"768\" data-height=\"960\" aria-label=\"\" role=\"img\" ><\/div>\n\t\t\t\t\t\t\t\t\t\t\t<div class=\"elementor-gallery-item__overlay\"><\/div>\n\t\t\t\t\t\t\t\t\t\t\t\t\t\t<\/a>\n\t\t\t\t\t\t\t<a class=\"e-gallery-item elementor-gallery-item elementor-animated-content\" href=\"https:\/\/www.monaandco.ch\/wp-content\/uploads\/2026\/02\/5.-Mood-Board-global-style.jpg\" data-elementor-open-lightbox=\"yes\" data-elementor-lightbox-slideshow=\"2bf97b2\" data-elementor-lightbox-title=\"5. Mood Board global style\" data-e-action-hash=\"#elementor-action%3Aaction%3Dlightbox%26settings%3DeyJpZCI6MjY5NywidXJsIjoiaHR0cHM6XC9cL3d3dy5tb25hYW5kY28uY2hcL3dwLWNvbnRlbnRcL3VwbG9hZHNcLzIwMjZcLzAyXC81Li1Nb29kLUJvYXJkLWdsb2JhbC1zdHlsZS5qcGciLCJzbGlkZXNob3ciOiIyYmY5N2IyIn0%3D\">\n\t\t\t\t\t<div class=\"e-gallery-image elementor-gallery-item__image\" data-thumbnail=\"https:\/\/www.monaandco.ch\/wp-content\/uploads\/2026\/02\/5.-Mood-Board-global-style-768x960.jpg\" data-width=\"768\" data-height=\"960\" aria-label=\"\" role=\"img\" ><\/div>\n\t\t\t\t\t\t\t\t\t\t\t<div class=\"elementor-gallery-item__overlay\"><\/div>\n\t\t\t\t\t\t\t\t\t\t\t\t\t\t<\/a>\n\t\t\t\t\t<\/div>\n\t\t\t\t\t<\/div>\n\t\t\t\t\t<\/div>\n\t\t\t\t<\/div>\n\t\t\t\t<\/div>","protected":false},"excerpt":{"rendered":"<p>Interior Design Styles I Selecting Objects with Purpose Explore a study in interior styles, from layered maximalism to modern organic restraint, with examples of our rugs and collectibles to suit each style. Each setting is designed to help you see how these pieces might bring texture, scale, and character to your own space in the [&hellip;]<\/p>\n","protected":false},"author":1,"featured_media":0,"parent":0,"menu_order":0,"comment_status":"closed","ping_status":"closed","template":"","meta":{"_acf_changed":false,"footnotes":""},"class_list":["post-2117","page","type-page","status-publish","hentry"],"acf":[],"yoast_head":"<!-- This site is optimized with the Yoast SEO plugin v27.2 - https:\/\/yoast.com\/product\/yoast-seo-wordpress\/ -->\n<title>Interior Design Styles - MONA &amp; Co.<\/title>\n<meta name=\"robots\" content=\"index, follow, max-snippet:-1, max-image-preview:large, max-video-preview:-1\" \/>\n<link rel=\"canonical\" href=\"https:\/\/www.monaandco.ch\/de\/einrichtungsstile\/\" \/>\n<meta property=\"og:locale\" content=\"de_DE\" \/>\n<meta property=\"og:type\" content=\"article\" \/>\n<meta property=\"og:title\" content=\"Interior Design Styles - MONA &amp; Co.\" \/>\n<meta property=\"og:description\" content=\"Interior Design Styles I Selecting Objects with Purpose Explore a study in interior styles, from layered maximalism to modern organic restraint, with examples of our rugs and collectibles to suit each style. Each setting is designed to help you see how these pieces might bring texture, scale, and character to your own space in the [&hellip;]\" \/>\n<meta property=\"og:url\" content=\"https:\/\/www.monaandco.ch\/de\/einrichtungsstile\/\" \/>\n<meta property=\"og:site_name\" content=\"MONA &amp; Co.\" \/>\n<meta property=\"article:modified_time\" content=\"2026-03-02T16:10:44+00:00\" \/>\n<meta name=\"twitter:card\" content=\"summary_large_image\" \/>\n<meta name=\"twitter:label1\" content=\"Gesch\u00e4tzte Lesezeit\" \/>\n\t<meta name=\"twitter:data1\" content=\"1\u00a0Minute\" \/>\n<script type=\"application\/ld+json\" class=\"yoast-schema-graph\">{\"@context\":\"https:\/\/schema.org\",\"@graph\":[{\"@type\":\"WebPage\",\"@id\":\"https:\/\/www.monaandco.ch\/interior-design-styles\/\",\"url\":\"https:\/\/www.monaandco.ch\/interior-design-styles\/\",\"name\":\"Interior Design Styles - MONA &amp; Co.\",\"isPartOf\":{\"@id\":\"https:\/\/www.monaandco.ch\/#website\"},\"datePublished\":\"2026-02-19T13:11:46+00:00\",\"dateModified\":\"2026-03-02T16:10:44+00:00\",\"breadcrumb\":{\"@id\":\"https:\/\/www.monaandco.ch\/interior-design-styles\/#breadcrumb\"},\"inLanguage\":\"de-CH\",\"potentialAction\":[{\"@type\":\"ReadAction\",\"target\":[\"https:\/\/www.monaandco.ch\/interior-design-styles\/\"]}]},{\"@type\":\"BreadcrumbList\",\"@id\":\"https:\/\/www.monaandco.ch\/interior-design-styles\/#breadcrumb\",\"itemListElement\":[{\"@type\":\"ListItem\",\"position\":1,\"name\":\"Home\",\"item\":\"https:\/\/www.monaandco.ch\/\"},{\"@type\":\"ListItem\",\"position\":2,\"name\":\"Interior Design Styles\"}]},{\"@type\":\"WebSite\",\"@id\":\"https:\/\/www.monaandco.ch\/#website\",\"url\":\"https:\/\/www.monaandco.ch\/\",\"name\":\"MONA &amp; Co.\",\"description\":\"\",\"publisher\":{\"@id\":\"https:\/\/www.monaandco.ch\/#organization\"},\"potentialAction\":[{\"@type\":\"SearchAction\",\"target\":{\"@type\":\"EntryPoint\",\"urlTemplate\":\"https:\/\/www.monaandco.ch\/?s={search_term_string}\"},\"query-input\":{\"@type\":\"PropertyValueSpecification\",\"valueRequired\":true,\"valueName\":\"search_term_string\"}}],\"inLanguage\":\"de-CH\"},{\"@type\":\"Organization\",\"@id\":\"https:\/\/www.monaandco.ch\/#organization\",\"name\":\"MONA &amp; Co.\",\"url\":\"https:\/\/www.monaandco.ch\/\",\"logo\":{\"@type\":\"ImageObject\",\"inLanguage\":\"de-CH\",\"@id\":\"https:\/\/www.monaandco.ch\/#\/schema\/logo\/image\/\",\"url\":\"https:\/\/www.monaandco.ch\/wp-content\/uploads\/2026\/01\/MONA-CO.-Zurich-black-1.png\",\"contentUrl\":\"https:\/\/www.monaandco.ch\/wp-content\/uploads\/2026\/01\/MONA-CO.-Zurich-black-1.png\",\"width\":1032,\"height\":272,\"caption\":\"MONA &amp; Co.\"},\"image\":{\"@id\":\"https:\/\/www.monaandco.ch\/#\/schema\/logo\/image\/\"}}]}<\/script>\n<!-- \/ Yoast SEO plugin. -->","yoast_head_json":{"title":"Einrichtungsstile - MONA &amp; Co.","robots":{"index":"index","follow":"follow","max-snippet":"max-snippet:-1","max-image-preview":"max-image-preview:large","max-video-preview":"max-video-preview:-1"},"canonical":"https:\/\/www.monaandco.ch\/de\/einrichtungsstile\/","og_locale":"de_DE","og_type":"article","og_title":"Interior Design Styles - MONA &amp; Co.","og_description":"Interior Design Styles I Selecting Objects with Purpose Explore a study in interior styles, from layered maximalism to modern organic restraint, with examples of our rugs and collectibles to suit each style. Each setting is designed to help you see how these pieces might bring texture, scale, and character to your own space in the [&hellip;]","og_url":"https:\/\/www.monaandco.ch\/de\/einrichtungsstile\/","og_site_name":"MONA &amp; Co.","article_modified_time":"2026-03-02T16:10:44+00:00","twitter_card":"summary_large_image","twitter_misc":{"Gesch\u00e4tzte Lesezeit":"1\u00a0Minute"},"schema":{"@context":"https:\/\/schema.org","@graph":[{"@type":"WebPage","@id":"https:\/\/www.monaandco.ch\/interior-design-styles\/","url":"https:\/\/www.monaandco.ch\/interior-design-styles\/","name":"Einrichtungsstile - MONA &amp; Co.","isPartOf":{"@id":"https:\/\/www.monaandco.ch\/#website"},"datePublished":"2026-02-19T13:11:46+00:00","dateModified":"2026-03-02T16:10:44+00:00","breadcrumb":{"@id":"https:\/\/www.monaandco.ch\/interior-design-styles\/#breadcrumb"},"inLanguage":"de-CH","potentialAction":[{"@type":"ReadAction","target":["https:\/\/www.monaandco.ch\/interior-design-styles\/"]}]},{"@type":"BreadcrumbList","@id":"https:\/\/www.monaandco.ch\/interior-design-styles\/#breadcrumb","itemListElement":[{"@type":"ListItem","position":1,"name":"Home","item":"https:\/\/www.monaandco.ch\/"},{"@type":"ListItem","position":2,"name":"Interior Design Styles"}]},{"@type":"WebSite","@id":"https:\/\/www.monaandco.ch\/#website","url":"https:\/\/www.monaandco.ch\/","name":"MONA &amp; Co.","description":"","publisher":{"@id":"https:\/\/www.monaandco.ch\/#organization"},"potentialAction":[{"@type":"SearchAction","target":{"@type":"EntryPoint","urlTemplate":"https:\/\/www.monaandco.ch\/?s={search_term_string}"},"query-input":{"@type":"PropertyValueSpecification","valueRequired":true,"valueName":"search_term_string"}}],"inLanguage":"de-CH"},{"@type":"Organization","@id":"https:\/\/www.monaandco.ch\/#organization","name":"MONA &amp; Co.","url":"https:\/\/www.monaandco.ch\/","logo":{"@type":"ImageObject","inLanguage":"de-CH","@id":"https:\/\/www.monaandco.ch\/#\/schema\/logo\/image\/","url":"https:\/\/www.monaandco.ch\/wp-content\/uploads\/2026\/01\/MONA-CO.-Zurich-black-1.png","contentUrl":"https:\/\/www.monaandco.ch\/wp-content\/uploads\/2026\/01\/MONA-CO.-Zurich-black-1.png","width":1032,"height":272,"caption":"MONA &amp; Co."},"image":{"@id":"https:\/\/www.monaandco.ch\/#\/schema\/logo\/image\/"}}]}},"_links":{"self":[{"href":"https:\/\/www.monaandco.ch\/de\/wp-json\/wp\/v2\/pages\/2117","targetHints":{"allow":["GET"]}}],"collection":[{"href":"https:\/\/www.monaandco.ch\/de\/wp-json\/wp\/v2\/pages"}],"about":[{"href":"https:\/\/www.monaandco.ch\/de\/wp-json\/wp\/v2\/types\/page"}],"author":[{"embeddable":true,"href":"https:\/\/www.monaandco.ch\/de\/wp-json\/wp\/v2\/users\/1"}],"replies":[{"embeddable":true,"href":"https:\/\/www.monaandco.ch\/de\/wp-json\/wp\/v2\/comments?post=2117"}],"version-history":[{"count":0,"href":"https:\/\/www.monaandco.ch\/de\/wp-json\/wp\/v2\/pages\/2117\/revisions"}],"wp:attachment":[{"href":"https:\/\/www.monaandco.ch\/de\/wp-json\/wp\/v2\/media?parent=2117"}],"curies":[{"name":"wp","href":"https:\/\/api.w.org\/{rel}","templated":true}]}}