{"id":166,"date":"2026-01-26T13:07:49","date_gmt":"2026-01-26T13:07:49","guid":{"rendered":"https:\/\/www.monaandco.ch\/about\/"},"modified":"2026-03-20T13:51:24","modified_gmt":"2026-03-20T13:51:24","slug":"uber","status":"publish","type":"page","link":"https:\/\/www.monaandco.ch\/de\/about\/","title":{"rendered":"\u00dcber"},"content":{"rendered":"<div data-elementor-type=\"wp-page\" data-elementor-id=\"166\" class=\"elementor elementor-166\" data-elementor-post-type=\"page\">\n\t\t\t\t<div class=\"elementor-element elementor-element-8b501dc mbanner e-flex e-con-boxed e-con e-parent\" data-id=\"8b501dc\" data-element_type=\"container\" data-e-type=\"container\" data-settings=\"{&quot;background_background&quot;:&quot;classic&quot;}\">\n\t\t\t\t\t<div class=\"e-con-inner\">\n\t\t\t\t<div class=\"elementor-element elementor-element-eb1ebc6 elementor-widget elementor-widget-heading\" data-id=\"eb1ebc6\" data-element_type=\"widget\" data-e-type=\"widget\" data-widget_type=\"heading.default\">\n\t\t\t\t\t<h1 class=\"elementor-heading-title elementor-size-default\">\u00dcber Mona &amp; Co.<\/h1>\t\t\t\t<\/div>\n\t\t\t\t\t<\/div>\n\t\t\t\t<\/div>\n\t\t<div class=\"elementor-element elementor-element-d4516cc e-flex e-con-boxed e-con e-parent\" data-id=\"d4516cc\" data-element_type=\"container\" data-e-type=\"container\">\n\t\t\t\t\t<div class=\"e-con-inner\">\n\t\t<div class=\"elementor-element elementor-element-652887f e-con-full e-flex e-con e-child\" data-id=\"652887f\" data-element_type=\"container\" data-e-type=\"container\">\n\t\t\t\t<div class=\"elementor-element elementor-element-c7509bd elementor-widget elementor-widget-text-editor\" data-id=\"c7509bd\" data-element_type=\"widget\" data-e-type=\"widget\" data-widget_type=\"text-editor.default\">\n\t\t\t\t\t\t\t\t\t<p>Sitz in Z\u00fcrich, <strong>Mona &amp; Co.<\/strong> steht f\u00fcr zeitlose Einrichtungsprodukte, die sich durch au\u00dfergew\u00f6hnliche Handwerkskunst, Authentizit\u00e4t und ruhiges Vertrauen auszeichnen.  Wir glauben an nachhaltiges Design, au\u00dfergew\u00f6hnliche Handwerkskunst und die dauerhafte Sch\u00f6nheit von handgefertigten Dingen.<\/p><p><strong>Zeitloses Design, von Hand gefertigt.<\/strong><\/p><p>Wir fertigen handgefertigte Teppiche ausschlie\u00dflich auf Bestellung an. Wir produzieren keine Massenware. Jeder Teppich wird nachhaltig, sorgf\u00e4ltig und ohne Kompromisse hergestellt. Jedes St\u00fcck ist ein einzigartiges Werk, das in Gr\u00f6\u00dfe, Farbe, Textur und Muster individuell angepasst werden kann.<\/p><p>Zu unseren charakteristischen Kollektionen geh\u00f6ren moderne unifarbene Teppiche aus den feinsten nat\u00fcrlichen Materialien - reine Seide, neuseel\u00e4ndische Wolle, Alpaka und Mohair -, die in einer Reihe von raffinierten und bew\u00e4hrten Techniken gewebt werden. Daneben bieten wir eine ausgew\u00e4hlte Auswahl an modernen geometrischen und klassischen Mustern. Jeder Teppich wird aus hochwertigen Naturmaterialien handgefertigt, mit absolutem Respekt vor dem Handwerk und den Handwerkern.  Bei den Webtechniken handelt es sich in erster Linie um Handkn\u00fcpfen, Handweben und Tuften, die jeweils nach Kundenwunsch, Material und Design ausgew\u00e4hlt werden.<\/p><p>Unsere Teppiche lassen sich m\u00fchelos in Kinderzimmern, Stadtwohnungen, Herrenh\u00e4usern, Hotels und B\u00fcros einsetzen.<\/p><p><strong>Wir stellen die sch\u00f6nsten Teppiche der Welt her.<\/strong><br \/>Sie werden von Hand gefertigt, auf Bestellung hergestellt und mit Respekt f\u00fcr die Umwelt, die Materialien, die Hersteller und unsere Kunden produziert.<\/p><p>Unsere Sammlung von Antiquit\u00e4ten, Vintage- und modernen Objekten stammt haupts\u00e4chlich aus der Schweiz, hat aber auch Urspr\u00fcnge auf der ganzen Welt. Jedes St\u00fcck wird aufgrund seiner Authentizit\u00e4t, Geschichte und Sch\u00f6nheit ausgew\u00e4hlt. Wir f\u00fchren auch eine kleine Auswahl an neu hergestellten Objekten, die in umweltbewussten Verfahren von Hand gefertigt werden.<\/p><p>Dabei arbeiten wir mit Architekten, Designern und Sammlern zusammen, <strong>Mona &amp; Co.<\/strong> ist f\u00fcr alle, die Innenr\u00e4ume lieben - von der ersten Wohnung bis hin zu einer raffinierten, bewohnten Wohnung.<\/p><p>Wir stehen f\u00fcr Nachhaltigkeit, h\u00f6chste Handwerkskunst und zeitlose Sch\u00f6nheit. Wir ehren die von Menschenhand geschaffene Designgeschichte und setzen gleichzeitig auf moderne Ausdrucksformen.<\/p>\t\t\t\t\t\t\t\t<\/div>\n\t\t\t\t<\/div>\n\t\t\t\t\t<\/div>\n\t\t\t\t<\/div>\n\t\t<div class=\"elementor-element elementor-element-293cc35 e-flex e-con-boxed e-con e-parent\" data-id=\"293cc35\" data-element_type=\"container\" data-e-type=\"container\">\n\t\t\t\t\t<div class=\"e-con-inner\">\n\t\t\t\t<div class=\"elementor-element elementor-element-b61422f elementor-widget-divider--view-line elementor-widget elementor-widget-divider\" data-id=\"b61422f\" data-element_type=\"widget\" data-e-type=\"widget\" data-widget_type=\"divider.default\">\n\t\t\t\t\t\t\t<div class=\"elementor-divider\">\n\t\t\t<span class=\"elementor-divider-separator\">\n\t\t\t\t\t\t<\/span>\n\t\t<\/div>\n\t\t\t\t\t\t<\/div>\n\t\t\t\t<div class=\"elementor-element elementor-element-9eee483 elementor-widget elementor-widget-text-editor\" data-id=\"9eee483\" data-element_type=\"widget\" data-e-type=\"widget\" data-widget_type=\"text-editor.default\">\n\t\t\t\t\t\t\t\t\t<p><strong>Anmerkung des Gr\u00fcnders<\/strong><\/p><p>Mona &amp; Co. wurde aus einer einfachen \u00dcberzeugung heraus gegr\u00fcndet: Die sch\u00f6nsten Innenr\u00e4ume werden langsam, bedacht und mit Absicht gebaut.<\/p><p>Ich wollte Teppiche und ausgew\u00e4hlte Objekte kreieren, die sich ehrlich anf\u00fchlen - von Hand gefertigt, verantwortungsbewusst hergestellt und f\u00fcr eine lange Lebensdauer konzipiert. St\u00fccke, die W\u00e4rme und Pr\u00e4senz in einen Raum bringen, ohne Aufmerksamkeit zu verlangen.<\/p><p>Wir arbeiten mit au\u00dfergew\u00f6hnlichen Handwerkern, nat\u00fcrlichen Materialien und altehrw\u00fcrdigen Techniken. Nicht, weil es gerade in Mode ist, sondern weil es der richtige Weg ist, etwas Bleibendes zu schaffen.  Wir stellen nur auf Anfrage her, um Abfall zu vermeiden, und wir arbeiten in langsamen Prozessen.<\/p><p>Mona &amp; Co. ist f\u00fcr all jene, die Qualit\u00e4t \u00fcber Exzess, Sch\u00f6nheit \u00fcber L\u00e4rm und Objekte mit Sinn sch\u00e4tzen.<\/p><p>Es geht nicht darum, mehr zu besitzen.<br \/>Es geht darum, mit dem Besseren zu leben.<\/p><p><em><strong>Mona<\/strong><\/em><\/p>\t\t\t\t\t\t\t\t<\/div>\n\t\t\t\t\t<\/div>\n\t\t\t\t<\/div>\n\t\t\t\t<\/div>","protected":false},"excerpt":{"rendered":"<p>About Mona &amp; Co. Based in Zurich, Mona &amp; Co. creates for timeless interiors products that are defined by exceptional craftsmanship, authenticity, and quiet confidence.\u00a0 We believe in sustainable design, exceptional craftsmanship, and the enduring beauty of things made by hand. Timeless design, made by hand. We create handmade rugs exclusively to order. We do [&hellip;]<\/p>\n","protected":false},"author":1,"featured_media":0,"parent":0,"menu_order":0,"comment_status":"closed","ping_status":"closed","template":"elementor_header_footer","meta":{"_acf_changed":false,"footnotes":""},"class_list":["post-166","page","type-page","status-publish","hentry"],"acf":[],"yoast_head":"<!-- This site is optimized with the Yoast SEO plugin v27.2 - https:\/\/yoast.com\/product\/yoast-seo-wordpress\/ -->\n<title>About - MONA &amp; Co., Zurich, Switzerland<\/title>\n<meta name=\"description\" content=\"Based in Zurich, Mona &amp; Co. creates for timeless rugs that are defined by exceptional craftsmanship, authenticity, and quiet confidence.\" \/>\n<meta name=\"robots\" content=\"index, follow, max-snippet:-1, max-image-preview:large, max-video-preview:-1\" \/>\n<link rel=\"canonical\" href=\"https:\/\/www.monaandco.ch\/de\/uber\/\" \/>\n<meta property=\"og:locale\" content=\"de_DE\" \/>\n<meta property=\"og:type\" content=\"article\" \/>\n<meta property=\"og:title\" content=\"About - MONA &amp; Co., Zurich, Switzerland\" \/>\n<meta property=\"og:description\" content=\"Based in Zurich, Mona &amp; Co. creates for timeless rugs that are defined by exceptional craftsmanship, authenticity, and quiet confidence.\" \/>\n<meta property=\"og:url\" content=\"https:\/\/www.monaandco.ch\/de\/uber\/\" \/>\n<meta property=\"og:site_name\" content=\"MONA &amp; Co.\" \/>\n<meta property=\"article:modified_time\" content=\"2026-03-20T13:51:24+00:00\" \/>\n<meta name=\"twitter:card\" content=\"summary_large_image\" \/>\n<meta name=\"twitter:label1\" content=\"Gesch\u00e4tzte Lesezeit\" \/>\n\t<meta name=\"twitter:data1\" content=\"2\u00a0Minuten\" \/>\n<script type=\"application\/ld+json\" class=\"yoast-schema-graph\">{\"@context\":\"https:\/\/schema.org\",\"@graph\":[{\"@type\":\"WebPage\",\"@id\":\"https:\/\/www.monaandco.ch\/about\/\",\"url\":\"https:\/\/www.monaandco.ch\/about\/\",\"name\":\"About - MONA &amp; Co., Zurich, Switzerland\",\"isPartOf\":{\"@id\":\"https:\/\/www.monaandco.ch\/#website\"},\"datePublished\":\"2026-01-26T13:07:49+00:00\",\"dateModified\":\"2026-03-20T13:51:24+00:00\",\"description\":\"Based in Zurich, Mona & Co. creates for timeless rugs that are defined by exceptional craftsmanship, authenticity, and quiet confidence.\",\"breadcrumb\":{\"@id\":\"https:\/\/www.monaandco.ch\/about\/#breadcrumb\"},\"inLanguage\":\"de-CH\",\"potentialAction\":[{\"@type\":\"ReadAction\",\"target\":[\"https:\/\/www.monaandco.ch\/about\/\"]}]},{\"@type\":\"BreadcrumbList\",\"@id\":\"https:\/\/www.monaandco.ch\/about\/#breadcrumb\",\"itemListElement\":[{\"@type\":\"ListItem\",\"position\":1,\"name\":\"Home\",\"item\":\"https:\/\/www.monaandco.ch\/\"},{\"@type\":\"ListItem\",\"position\":2,\"name\":\"About\"}]},{\"@type\":\"WebSite\",\"@id\":\"https:\/\/www.monaandco.ch\/#website\",\"url\":\"https:\/\/www.monaandco.ch\/\",\"name\":\"MONA &amp; Co.\",\"description\":\"\",\"publisher\":{\"@id\":\"https:\/\/www.monaandco.ch\/#organization\"},\"potentialAction\":[{\"@type\":\"SearchAction\",\"target\":{\"@type\":\"EntryPoint\",\"urlTemplate\":\"https:\/\/www.monaandco.ch\/?s={search_term_string}\"},\"query-input\":{\"@type\":\"PropertyValueSpecification\",\"valueRequired\":true,\"valueName\":\"search_term_string\"}}],\"inLanguage\":\"de-CH\"},{\"@type\":\"Organization\",\"@id\":\"https:\/\/www.monaandco.ch\/#organization\",\"name\":\"MONA &amp; Co.\",\"url\":\"https:\/\/www.monaandco.ch\/\",\"logo\":{\"@type\":\"ImageObject\",\"inLanguage\":\"de-CH\",\"@id\":\"https:\/\/www.monaandco.ch\/#\/schema\/logo\/image\/\",\"url\":\"https:\/\/www.monaandco.ch\/wp-content\/uploads\/2026\/01\/MONA-CO.-Zurich-black-1.png\",\"contentUrl\":\"https:\/\/www.monaandco.ch\/wp-content\/uploads\/2026\/01\/MONA-CO.-Zurich-black-1.png\",\"width\":1032,\"height\":272,\"caption\":\"MONA &amp; Co.\"},\"image\":{\"@id\":\"https:\/\/www.monaandco.ch\/#\/schema\/logo\/image\/\"}}]}<\/script>\n<!-- \/ Yoast SEO plugin. -->","yoast_head_json":{"title":"\u00dcber - MONA &amp; Co., Z\u00fcrich, Schweiz","description":"Das in Z\u00fcrich ans\u00e4ssige Unternehmen Mona &amp; Co. kreiert zeitlose Teppiche, die sich durch au\u00dfergew\u00f6hnliche Handwerkskunst, Authentizit\u00e4t und ruhiges Vertrauen auszeichnen.","robots":{"index":"index","follow":"follow","max-snippet":"max-snippet:-1","max-image-preview":"max-image-preview:large","max-video-preview":"max-video-preview:-1"},"canonical":"https:\/\/www.monaandco.ch\/de\/uber\/","og_locale":"de_DE","og_type":"article","og_title":"About - MONA &amp; Co., Zurich, Switzerland","og_description":"Based in Zurich, Mona & Co. creates for timeless rugs that are defined by exceptional craftsmanship, authenticity, and quiet confidence.","og_url":"https:\/\/www.monaandco.ch\/de\/uber\/","og_site_name":"MONA &amp; Co.","article_modified_time":"2026-03-20T13:51:24+00:00","twitter_card":"summary_large_image","twitter_misc":{"Gesch\u00e4tzte Lesezeit":"2\u00a0Minuten"},"schema":{"@context":"https:\/\/schema.org","@graph":[{"@type":"WebPage","@id":"https:\/\/www.monaandco.ch\/about\/","url":"https:\/\/www.monaandco.ch\/about\/","name":"\u00dcber - MONA &amp; Co., Z\u00fcrich, Schweiz","isPartOf":{"@id":"https:\/\/www.monaandco.ch\/#website"},"datePublished":"2026-01-26T13:07:49+00:00","dateModified":"2026-03-20T13:51:24+00:00","description":"Das in Z\u00fcrich ans\u00e4ssige Unternehmen Mona &amp; Co. kreiert zeitlose Teppiche, die sich durch au\u00dfergew\u00f6hnliche Handwerkskunst, Authentizit\u00e4t und ruhiges Vertrauen auszeichnen.","breadcrumb":{"@id":"https:\/\/www.monaandco.ch\/about\/#breadcrumb"},"inLanguage":"de-CH","potentialAction":[{"@type":"ReadAction","target":["https:\/\/www.monaandco.ch\/about\/"]}]},{"@type":"BreadcrumbList","@id":"https:\/\/www.monaandco.ch\/about\/#breadcrumb","itemListElement":[{"@type":"ListItem","position":1,"name":"Home","item":"https:\/\/www.monaandco.ch\/"},{"@type":"ListItem","position":2,"name":"About"}]},{"@type":"WebSite","@id":"https:\/\/www.monaandco.ch\/#website","url":"https:\/\/www.monaandco.ch\/","name":"MONA &amp; Co.","description":"","publisher":{"@id":"https:\/\/www.monaandco.ch\/#organization"},"potentialAction":[{"@type":"SearchAction","target":{"@type":"EntryPoint","urlTemplate":"https:\/\/www.monaandco.ch\/?s={search_term_string}"},"query-input":{"@type":"PropertyValueSpecification","valueRequired":true,"valueName":"search_term_string"}}],"inLanguage":"de-CH"},{"@type":"Organization","@id":"https:\/\/www.monaandco.ch\/#organization","name":"MONA &amp; Co.","url":"https:\/\/www.monaandco.ch\/","logo":{"@type":"ImageObject","inLanguage":"de-CH","@id":"https:\/\/www.monaandco.ch\/#\/schema\/logo\/image\/","url":"https:\/\/www.monaandco.ch\/wp-content\/uploads\/2026\/01\/MONA-CO.-Zurich-black-1.png","contentUrl":"https:\/\/www.monaandco.ch\/wp-content\/uploads\/2026\/01\/MONA-CO.-Zurich-black-1.png","width":1032,"height":272,"caption":"MONA &amp; Co."},"image":{"@id":"https:\/\/www.monaandco.ch\/#\/schema\/logo\/image\/"}}]}},"_links":{"self":[{"href":"https:\/\/www.monaandco.ch\/de\/wp-json\/wp\/v2\/pages\/166","targetHints":{"allow":["GET"]}}],"collection":[{"href":"https:\/\/www.monaandco.ch\/de\/wp-json\/wp\/v2\/pages"}],"about":[{"href":"https:\/\/www.monaandco.ch\/de\/wp-json\/wp\/v2\/types\/page"}],"author":[{"embeddable":true,"href":"https:\/\/www.monaandco.ch\/de\/wp-json\/wp\/v2\/users\/1"}],"replies":[{"embeddable":true,"href":"https:\/\/www.monaandco.ch\/de\/wp-json\/wp\/v2\/comments?post=166"}],"version-history":[{"count":1,"href":"https:\/\/www.monaandco.ch\/de\/wp-json\/wp\/v2\/pages\/166\/revisions"}],"predecessor-version":[{"id":3104,"href":"https:\/\/www.monaandco.ch\/de\/wp-json\/wp\/v2\/pages\/166\/revisions\/3104"}],"wp:attachment":[{"href":"https:\/\/www.monaandco.ch\/de\/wp-json\/wp\/v2\/media?parent=166"}],"curies":[{"name":"wp","href":"https:\/\/api.w.org\/{rel}","templated":true}]}}