{"id":159,"date":"2026-01-26T13:07:48","date_gmt":"2026-01-26T13:07:48","guid":{"rendered":"https:\/\/www.monaandco.ch\/imprint\/"},"modified":"2026-03-05T14:02:04","modified_gmt":"2026-03-05T14:02:04","slug":"impressum","status":"publish","type":"page","link":"https:\/\/www.monaandco.ch\/de\/imprint\/","title":{"rendered":"Impressum"},"content":{"rendered":"<div data-elementor-type=\"wp-page\" data-elementor-id=\"159\" class=\"elementor elementor-159\" data-elementor-post-type=\"page\">\n\t\t\t\t<div class=\"elementor-element elementor-element-c88ad07 e-flex e-con-boxed e-con e-parent\" data-id=\"c88ad07\" data-element_type=\"container\" data-e-type=\"container\" data-settings=\"{&quot;background_background&quot;:&quot;classic&quot;}\">\n\t\t\t\t\t<div class=\"e-con-inner\">\n\t\t\t\t\t<\/div>\n\t\t\t\t<\/div>\n\t\t<div class=\"elementor-element elementor-element-d2941a8 e-flex e-con-boxed e-con e-parent\" data-id=\"d2941a8\" data-element_type=\"container\" data-e-type=\"container\">\n\t\t\t\t\t<div class=\"e-con-inner\">\n\t\t\t\t<div class=\"elementor-element elementor-element-2f55f85 elementor-widget elementor-widget-text-editor\" data-id=\"2f55f85\" data-element_type=\"widget\" data-e-type=\"widget\" data-widget_type=\"text-editor.default\">\n\t\t\t\t\t\t\t\t\t<p class=\"\" data-start=\"44\" data-end=\"115\"><strong data-start=\"44\" data-end=\"55\">Kontakt<br><\/strong>Sarikaya (MONA &amp; Co.)&nbsp;<br>R\u00e4mistrasse 38<br>8001 Z\u00fcrich&nbsp;<br>Schweiz&nbsp;<\/p>\n<p class=\"\" data-start=\"44\" data-end=\"115\">E-Mail: <a class=\"Hyperlink BCX8 SCXP135107860\" href=\"mailto:contact@monaandco.ch\" target=\"_blank\" rel=\"noopener noreferrer\" data-hyperlinktype=\"0\"><span class=\"TextRun BCX8 SCXP135107860\" lang=\"EN-US\" xml:lang=\"EN-US\" data-usefontface=\"false\" data-contrast=\"none\"><span class=\"NormalTextRun BCX8 SCXP135107860\">contact@monaandco.ch<\/span><\/span><\/a><\/p>\n<p class=\"\" data-start=\"300\" data-end=\"664\"><strong data-start=\"300\" data-end=\"314\">Haftungsausschluss<\/strong><br data-start=\"314\" data-end=\"317\">Trotz sorgf\u00e4ltiger Kontrolle \u00fcbernimmt MONA &amp; Co. keine Haftung f\u00fcr die Richtigkeit, Genauigkeit, Aktualit\u00e4t, Zuverl\u00e4ssigkeit und Vollst\u00e4ndigkeit der ver\u00f6ffentlichten Informationen. Der Autor beh\u00e4lt es sich ausdr\u00fccklich vor, Teile der Seiten oder das gesamte Angebot ohne gesonderte Ank\u00fcndigung zu ver\u00e4ndern, zu erg\u00e4nzen, zu l\u00f6schen oder die Ver\u00f6ffentlichung zeitweise oder endg\u00fcltig einzustellen.<\/p>\n<p class=\"\" data-start=\"666\" data-end=\"873\">Jegliche Haftung f\u00fcr verlinkte Inhalte und Websites Dritter wird abgelehnt. F\u00fcr den Inhalt der verlinkten Seiten sind ausschlie\u00dflich deren Betreiber verantwortlich. Der Zugriff auf und die Nutzung von solchen Websites erfolgt auf eigene Gefahr des Nutzers.<\/p>\n<p class=\"\" data-start=\"875\" data-end=\"1125\"><strong data-start=\"875\" data-end=\"888\">Urheberrecht<\/strong><br data-start=\"888\" data-end=\"891\">Alle Inhalte wie Texte und Bilder sind urheberrechtlich gesch\u00fctzt. Die Wiederverwendung von Bildern und Texten jeglicher Art bedarf der schriftlichen Zustimmung des Urhebers und ist nur bei ordnungsgem\u00e4\u00dfer Nennung des Urheberrechtshinweises gestattet.<\/p>\t\t\t\t\t\t\t\t<\/div>\n\t\t\t\t\t<\/div>\n\t\t\t\t<\/div>\n\t\t\t\t<\/div>","protected":false},"excerpt":{"rendered":"<p>ContactSarikaya (MONA &amp; Co.)&nbsp;R\u00e4mistrasse 388001 Zurich&nbsp;Switzerland&nbsp; Email: contact@monaandco.ch DisclaimerDespite careful control, MONA &amp; Co. assumes no liability for the accuracy, precision, timeliness, reliability, or completeness of the published information. The author expressly reserves the right to change, supplement, delete parts of the pages or the entire offering without prior notice, or to temporarily or permanently [&hellip;]<\/p>\n","protected":false},"author":1,"featured_media":0,"parent":0,"menu_order":0,"comment_status":"closed","ping_status":"closed","template":"elementor_header_footer","meta":{"_acf_changed":false,"footnotes":""},"class_list":["post-159","page","type-page","status-publish","hentry"],"acf":[],"yoast_head":"<!-- This site is optimized with the Yoast SEO plugin v27.2 - https:\/\/yoast.com\/product\/yoast-seo-wordpress\/ -->\n<title>Imprint - MONA &amp; Co.<\/title>\n<meta name=\"robots\" content=\"index, follow, max-snippet:-1, max-image-preview:large, max-video-preview:-1\" \/>\n<link rel=\"canonical\" href=\"https:\/\/www.monaandco.ch\/de\/impressum\/\" \/>\n<meta property=\"og:locale\" content=\"de_DE\" \/>\n<meta property=\"og:type\" content=\"article\" \/>\n<meta property=\"og:title\" content=\"Imprint - MONA &amp; Co.\" \/>\n<meta property=\"og:description\" content=\"ContactSarikaya (MONA &amp; Co.)&nbsp;R\u00e4mistrasse 388001 Zurich&nbsp;Switzerland&nbsp; Email: contact@monaandco.ch DisclaimerDespite careful control, MONA &amp; Co. assumes no liability for the accuracy, precision, timeliness, reliability, or completeness of the published information. The author expressly reserves the right to change, supplement, delete parts of the pages or the entire offering without prior notice, or to temporarily or permanently [&hellip;]\" \/>\n<meta property=\"og:url\" content=\"https:\/\/www.monaandco.ch\/de\/impressum\/\" \/>\n<meta property=\"og:site_name\" content=\"MONA &amp; Co.\" \/>\n<meta property=\"article:modified_time\" content=\"2026-03-05T14:02:04+00:00\" \/>\n<meta name=\"twitter:card\" content=\"summary_large_image\" \/>\n<meta name=\"twitter:label1\" content=\"Gesch\u00e4tzte Lesezeit\" \/>\n\t<meta name=\"twitter:data1\" content=\"1\u00a0Minute\" \/>\n<script type=\"application\/ld+json\" class=\"yoast-schema-graph\">{\"@context\":\"https:\/\/schema.org\",\"@graph\":[{\"@type\":\"WebPage\",\"@id\":\"https:\/\/www.monaandco.ch\/en\/imprint\/\",\"url\":\"https:\/\/www.monaandco.ch\/en\/imprint\/\",\"name\":\"Imprint - MONA &amp; Co.\",\"isPartOf\":{\"@id\":\"https:\/\/www.monaandco.ch\/#website\"},\"datePublished\":\"2026-01-26T13:07:48+00:00\",\"dateModified\":\"2026-03-05T14:02:04+00:00\",\"breadcrumb\":{\"@id\":\"https:\/\/www.monaandco.ch\/en\/imprint\/#breadcrumb\"},\"inLanguage\":\"de-CH\",\"potentialAction\":[{\"@type\":\"ReadAction\",\"target\":[\"https:\/\/www.monaandco.ch\/en\/imprint\/\"]}]},{\"@type\":\"BreadcrumbList\",\"@id\":\"https:\/\/www.monaandco.ch\/en\/imprint\/#breadcrumb\",\"itemListElement\":[{\"@type\":\"ListItem\",\"position\":1,\"name\":\"Home\",\"item\":\"https:\/\/www.monaandco.ch\/\"},{\"@type\":\"ListItem\",\"position\":2,\"name\":\"Imprint\"}]},{\"@type\":\"WebSite\",\"@id\":\"https:\/\/www.monaandco.ch\/#website\",\"url\":\"https:\/\/www.monaandco.ch\/\",\"name\":\"MONA &amp; Co.\",\"description\":\"\",\"publisher\":{\"@id\":\"https:\/\/www.monaandco.ch\/#organization\"},\"potentialAction\":[{\"@type\":\"SearchAction\",\"target\":{\"@type\":\"EntryPoint\",\"urlTemplate\":\"https:\/\/www.monaandco.ch\/?s={search_term_string}\"},\"query-input\":{\"@type\":\"PropertyValueSpecification\",\"valueRequired\":true,\"valueName\":\"search_term_string\"}}],\"inLanguage\":\"de-CH\"},{\"@type\":\"Organization\",\"@id\":\"https:\/\/www.monaandco.ch\/#organization\",\"name\":\"MONA &amp; Co.\",\"url\":\"https:\/\/www.monaandco.ch\/\",\"logo\":{\"@type\":\"ImageObject\",\"inLanguage\":\"de-CH\",\"@id\":\"https:\/\/www.monaandco.ch\/#\/schema\/logo\/image\/\",\"url\":\"https:\/\/www.monaandco.ch\/wp-content\/uploads\/2026\/01\/MONA-CO.-Zurich-black-1.png\",\"contentUrl\":\"https:\/\/www.monaandco.ch\/wp-content\/uploads\/2026\/01\/MONA-CO.-Zurich-black-1.png\",\"width\":1032,\"height\":272,\"caption\":\"MONA &amp; Co.\"},\"image\":{\"@id\":\"https:\/\/www.monaandco.ch\/#\/schema\/logo\/image\/\"}}]}<\/script>\n<!-- \/ Yoast SEO plugin. -->","yoast_head_json":{"title":"Impressum - MONA &amp; Co.","robots":{"index":"index","follow":"follow","max-snippet":"max-snippet:-1","max-image-preview":"max-image-preview:large","max-video-preview":"max-video-preview:-1"},"canonical":"https:\/\/www.monaandco.ch\/de\/impressum\/","og_locale":"de_DE","og_type":"article","og_title":"Imprint - MONA &amp; Co.","og_description":"ContactSarikaya (MONA &amp; Co.)&nbsp;R\u00e4mistrasse 388001 Zurich&nbsp;Switzerland&nbsp; Email: contact@monaandco.ch DisclaimerDespite careful control, MONA &amp; Co. assumes no liability for the accuracy, precision, timeliness, reliability, or completeness of the published information. The author expressly reserves the right to change, supplement, delete parts of the pages or the entire offering without prior notice, or to temporarily or permanently [&hellip;]","og_url":"https:\/\/www.monaandco.ch\/de\/impressum\/","og_site_name":"MONA &amp; Co.","article_modified_time":"2026-03-05T14:02:04+00:00","twitter_card":"summary_large_image","twitter_misc":{"Gesch\u00e4tzte Lesezeit":"1\u00a0Minute"},"schema":{"@context":"https:\/\/schema.org","@graph":[{"@type":"WebPage","@id":"https:\/\/www.monaandco.ch\/en\/imprint\/","url":"https:\/\/www.monaandco.ch\/en\/imprint\/","name":"Impressum - MONA &amp; Co.","isPartOf":{"@id":"https:\/\/www.monaandco.ch\/#website"},"datePublished":"2026-01-26T13:07:48+00:00","dateModified":"2026-03-05T14:02:04+00:00","breadcrumb":{"@id":"https:\/\/www.monaandco.ch\/en\/imprint\/#breadcrumb"},"inLanguage":"de-CH","potentialAction":[{"@type":"ReadAction","target":["https:\/\/www.monaandco.ch\/en\/imprint\/"]}]},{"@type":"BreadcrumbList","@id":"https:\/\/www.monaandco.ch\/en\/imprint\/#breadcrumb","itemListElement":[{"@type":"ListItem","position":1,"name":"Home","item":"https:\/\/www.monaandco.ch\/"},{"@type":"ListItem","position":2,"name":"Imprint"}]},{"@type":"WebSite","@id":"https:\/\/www.monaandco.ch\/#website","url":"https:\/\/www.monaandco.ch\/","name":"MONA &amp; Co.","description":"","publisher":{"@id":"https:\/\/www.monaandco.ch\/#organization"},"potentialAction":[{"@type":"SearchAction","target":{"@type":"EntryPoint","urlTemplate":"https:\/\/www.monaandco.ch\/?s={search_term_string}"},"query-input":{"@type":"PropertyValueSpecification","valueRequired":true,"valueName":"search_term_string"}}],"inLanguage":"de-CH"},{"@type":"Organization","@id":"https:\/\/www.monaandco.ch\/#organization","name":"MONA &amp; Co.","url":"https:\/\/www.monaandco.ch\/","logo":{"@type":"ImageObject","inLanguage":"de-CH","@id":"https:\/\/www.monaandco.ch\/#\/schema\/logo\/image\/","url":"https:\/\/www.monaandco.ch\/wp-content\/uploads\/2026\/01\/MONA-CO.-Zurich-black-1.png","contentUrl":"https:\/\/www.monaandco.ch\/wp-content\/uploads\/2026\/01\/MONA-CO.-Zurich-black-1.png","width":1032,"height":272,"caption":"MONA &amp; Co."},"image":{"@id":"https:\/\/www.monaandco.ch\/#\/schema\/logo\/image\/"}}]}},"_links":{"self":[{"href":"https:\/\/www.monaandco.ch\/de\/wp-json\/wp\/v2\/pages\/159","targetHints":{"allow":["GET"]}}],"collection":[{"href":"https:\/\/www.monaandco.ch\/de\/wp-json\/wp\/v2\/pages"}],"about":[{"href":"https:\/\/www.monaandco.ch\/de\/wp-json\/wp\/v2\/types\/page"}],"author":[{"embeddable":true,"href":"https:\/\/www.monaandco.ch\/de\/wp-json\/wp\/v2\/users\/1"}],"replies":[{"embeddable":true,"href":"https:\/\/www.monaandco.ch\/de\/wp-json\/wp\/v2\/comments?post=159"}],"version-history":[{"count":0,"href":"https:\/\/www.monaandco.ch\/de\/wp-json\/wp\/v2\/pages\/159\/revisions"}],"wp:attachment":[{"href":"https:\/\/www.monaandco.ch\/de\/wp-json\/wp\/v2\/media?parent=159"}],"curies":[{"name":"wp","href":"https:\/\/api.w.org\/{rel}","templated":true}]}}