{"id":141,"date":"2026-01-26T13:07:47","date_gmt":"2026-01-26T13:07:47","guid":{"rendered":"https:\/\/www.monaandco.ch\/important-information\/"},"modified":"2026-03-17T10:31:15","modified_gmt":"2026-03-17T10:31:15","slug":"wichtige-informationen","status":"publish","type":"page","link":"https:\/\/www.monaandco.ch\/de\/important-information\/","title":{"rendered":"N\u00fctzliche Informationen"},"content":{"rendered":"<div data-elementor-type=\"wp-page\" data-elementor-id=\"141\" class=\"elementor elementor-141\" data-elementor-post-type=\"page\">\n\t\t\t\t<div class=\"elementor-element elementor-element-f6aa149 e-flex e-con-boxed e-con e-parent\" data-id=\"f6aa149\" data-element_type=\"container\" data-e-type=\"container\" data-settings=\"{&quot;background_background&quot;:&quot;classic&quot;}\">\n\t\t\t\t\t<div class=\"e-con-inner\">\n\t\t\t\t\t<\/div>\n\t\t\t\t<\/div>\n\t\t<div class=\"elementor-element elementor-element-a91c3a4 e-flex e-con-boxed e-con e-parent\" data-id=\"a91c3a4\" data-element_type=\"container\" data-e-type=\"container\">\n\t\t\t\t\t<div class=\"e-con-inner\">\n\t\t\t\t<div class=\"elementor-element elementor-element-0504126 elementor-widget elementor-widget-heading\" data-id=\"0504126\" data-element_type=\"widget\" data-e-type=\"widget\" data-widget_type=\"heading.default\">\n\t\t\t\t\t<h2 class=\"elementor-heading-title elementor-size-default\">\u00dcberblick: Produkte, Zahlung, Versand und R\u00fcckgabe, Umtausch oder Stornierung<\/h2>\t\t\t\t<\/div>\n\t\t\t\t<div class=\"elementor-element elementor-element-e945a69 elementor-widget elementor-widget-text-editor\" data-id=\"e945a69\" data-element_type=\"widget\" data-e-type=\"widget\" data-widget_type=\"text-editor.default\">\n\t\t\t\t\t\t\t\t\t<p><strong>Wir sind freundliche Menschen und arbeiten in gutem Glauben.  Das Folgende bietet Transparenz \u00fcber wichtige Dinge.  Bitte lesen Sie die Allgemeinen Gesch\u00e4ftsbedingungen f\u00fcr ein vollst\u00e4ndiges Verst\u00e4ndnis.  Mona &amp; Co. ist der Markenname der Firma Sarikaya.<\/strong><\/p><ol><li>Preisgestaltung: Der Kunde wird darauf hingewiesen, dass es f\u00fcr Antiquit\u00e4ten oft keinen Marktpreis gibt. Vielmehr liegt der Wert einer Antiquit\u00e4t im Auge des Betrachters, d.h. die Bewertung einer Antiquit\u00e4t kann subjektiv variieren. Der Kunde t\u00e4tigt Anlagegesch\u00e4fte nach eigenem Ermessen und auf eigenes Risiko.<br \/><br \/><\/li><li>R\u00fcckgabe und Umtausch: Mona &amp; Co. akzeptiert keine R\u00fcckgabe oder Umtausch.<br \/><br \/><\/li><li>Reservierung und Auftragserteilung: Wir erwarten von unseren Kunden, dass sie die erteilten Auftr\u00e4ge auch ausf\u00fchren. Mona &amp; Co. kann nach eigenem Ermessen nachtr\u00e4gliche \u00c4nderungen oder Stornierungen von Bestellungen durch den Kunden akzeptieren. In jedem Fall wird eine Bearbeitungsgeb\u00fchr von CHF 50 f\u00e4llig.  F\u00fcr Produkte aus den Teppichkollektionen ist eine Stornierung nach erfolgter Bestellung nicht m\u00f6glich.<br \/><br \/><\/li><li>Der Kaufpreis richtet sich nach den in der Produktpr\u00e4sentation ausgewiesenen Produktpreisen zum Zeitpunkt der Bestellung. Sofern nicht anders vereinbart, verstehen sich die Preise in Schweizer Franken zuz\u00fcglich Mehrwertsteuer. Die Versandkosten sind nicht inbegriffen, mit Ausnahme des Versands innerhalb der Schweiz. Mona &amp; Co. versendet durch erfahrene und qualitativ hochwertige Spediteure und ist bereit, den vom Kunden bevorzugten Spediteur f\u00fcr andere L\u00e4nder zu akzeptieren.<br \/><br \/><\/li><li>Die Zahlungen erfolgen per Bank\u00fcberweisung f\u00fcr Kunden mit Sitz au\u00dferhalb der Schweiz und \u00fcber das Online-Shopping-Portal f\u00fcr Kunden mit Sitz in der Schweiz.<br \/><br \/><\/li><li>Alle Produkte aus der Collectibles-Kollektion werden so verkauft, wie sie sind, d.h. sie werden so angeboten, wie sie zum Zeitpunkt des Kaufs sind. Unvollkommenheiten und Patina sind nat\u00fcrliche Merkmale eines gealterten Produkts und stellen keinen Mangel dar. Alle Teppiche werden auf Bestellung und von Hand gefertigt. Daher kann es zu leichten Unterschieden in Farbe, Gr\u00f6\u00dfe und Aussehen gegen\u00fcber den Abbildungen auf der Website kommen.  Dies liegt in der Natur von handgefertigten Produkten. Jegliche Garantieanspr\u00fcche sind daher ausdr\u00fccklich ausgeschlossen.<br \/><br \/><\/li><li>Mona &amp; Co. nimmt keine \u00c4nderungen an der Verdrahtung von elektrischen Produkten vor.<br \/><br \/><\/li><li>Die Collectibles-Produkte ben\u00f6tigen besondere Pflege, um ihre Qualit\u00e4t und ihren Charme zu erhalten. Sie sind im Allgemeinen in gutem Zustand, k\u00f6nnen aber aufgrund ihres Alters oder ihrer Gebrauchsspuren zus\u00e4tzliche Pflege ben\u00f6tigen. Mona &amp; Co. haftet jedoch nicht f\u00fcr Sch\u00e4den, die durch unsachgem\u00e4\u00dfe Handhabung oder Pflege der Produkte entstehen. Der K\u00e4ufer ist f\u00fcr die ordnungsgem\u00e4\u00dfe Verwendung und Pflege der Artikel verantwortlich.<br \/><br \/><\/li><li>F\u00fcr die Teppiche gibt es spezielle Pflegehinweise, die der Kunde beachten sollte. Der K\u00e4ufer ist f\u00fcr die ordnungsgem\u00e4\u00dfe Verwendung und Pflege der Produkte verantwortlich.<br \/><br \/><\/li><li>Schutz der Daten: Der Schutz der pers\u00f6nlichen Daten des K\u00e4ufers ist ein wichtiges Anliegen f\u00fcr Mona &amp; Co. Mona &amp; Co. verwendet die Daten, die K\u00e4ufer Mona &amp; Co. zur Verf\u00fcgung stellen, ausschlie\u00dflich zur Abwicklung ihrer Bestellung und zur Kommunikation im Rahmen des Kaufprozesses und wenn Kunden \u00fcber neue Produkte, Marketingaktionen von Mona &amp; Co. oder \u00e4hnliches auf dem Laufenden gehalten werden m\u00f6chten.<br \/><br \/><\/li><li>Die Daten des K\u00e4ufers werden nicht an Dritte weitergegeben. Mona &amp; Co. verpflichtet sich, eine sichere Website bereitzustellen und trifft alle geeigneten technischen und organisatorischen Massnahmen zum Schutz der Daten gem\u00e4ss den Bestimmungen des Bundesgesetzes \u00fcber den Datenschutz (DSG).<\/li><\/ol>\t\t\t\t\t\t\t\t<\/div>\n\t\t\t\t<div class=\"elementor-element elementor-element-63091a6 elementor-widget elementor-widget-text-editor\" data-id=\"63091a6\" data-element_type=\"widget\" data-e-type=\"widget\" data-widget_type=\"text-editor.default\">\n\t\t\t\t\t\t\t\t\t<p style=\"text-align: right;\">Februar 2026<\/p>\t\t\t\t\t\t\t\t<\/div>\n\t\t\t\t\t<\/div>\n\t\t\t\t<\/div>\n\t\t\t\t<\/div>","protected":false},"excerpt":{"rendered":"<p>Overview: Products, Payment, Shipping and Returns, Exchanges or Cancellations We are friendly people and work in good faith.\u00a0 The following provides transparency on important things.\u00a0 Please read the General Terms and Conditions for a full understanding.\u00a0 Mona &amp; Co. is the brand name of the company Sarikaya. Pricing: The customer is advised that antiques often [&hellip;]<\/p>\n","protected":false},"author":1,"featured_media":0,"parent":0,"menu_order":0,"comment_status":"closed","ping_status":"closed","template":"elementor_header_footer","meta":{"_acf_changed":false,"footnotes":""},"class_list":["post-141","page","type-page","status-publish","hentry"],"acf":[],"yoast_head":"<!-- This site is optimized with the Yoast SEO plugin v27.2 - https:\/\/yoast.com\/product\/yoast-seo-wordpress\/ -->\n<title>Useful Information - MONA &amp; Co.<\/title>\n<meta name=\"robots\" content=\"index, follow, max-snippet:-1, max-image-preview:large, max-video-preview:-1\" \/>\n<link rel=\"canonical\" href=\"https:\/\/www.monaandco.ch\/de\/wichtige-informationen\/\" \/>\n<meta property=\"og:locale\" content=\"de_DE\" \/>\n<meta property=\"og:type\" content=\"article\" \/>\n<meta property=\"og:title\" content=\"Useful Information - MONA &amp; Co.\" \/>\n<meta property=\"og:description\" content=\"Overview: Products, Payment, Shipping and Returns, Exchanges or Cancellations We are friendly people and work in good faith.\u00a0 The following provides transparency on important things.\u00a0 Please read the General Terms and Conditions for a full understanding.\u00a0 Mona &amp; Co. is the brand name of the company Sarikaya. Pricing: The customer is advised that antiques often [&hellip;]\" \/>\n<meta property=\"og:url\" content=\"https:\/\/www.monaandco.ch\/de\/wichtige-informationen\/\" \/>\n<meta property=\"og:site_name\" content=\"MONA &amp; Co.\" \/>\n<meta property=\"article:modified_time\" content=\"2026-03-17T10:31:15+00:00\" \/>\n<meta name=\"twitter:card\" content=\"summary_large_image\" \/>\n<meta name=\"twitter:label1\" content=\"Gesch\u00e4tzte Lesezeit\" \/>\n\t<meta name=\"twitter:data1\" content=\"3\u00a0Minuten\" \/>\n<script type=\"application\/ld+json\" class=\"yoast-schema-graph\">{\"@context\":\"https:\/\/schema.org\",\"@graph\":[{\"@type\":\"WebPage\",\"@id\":\"https:\/\/www.monaandco.ch\/important-information\/\",\"url\":\"https:\/\/www.monaandco.ch\/important-information\/\",\"name\":\"Useful Information - MONA &amp; Co.\",\"isPartOf\":{\"@id\":\"https:\/\/www.monaandco.ch\/#website\"},\"datePublished\":\"2026-01-26T13:07:47+00:00\",\"dateModified\":\"2026-03-17T10:31:15+00:00\",\"breadcrumb\":{\"@id\":\"https:\/\/www.monaandco.ch\/important-information\/#breadcrumb\"},\"inLanguage\":\"de-CH\",\"potentialAction\":[{\"@type\":\"ReadAction\",\"target\":[\"https:\/\/www.monaandco.ch\/important-information\/\"]}]},{\"@type\":\"BreadcrumbList\",\"@id\":\"https:\/\/www.monaandco.ch\/important-information\/#breadcrumb\",\"itemListElement\":[{\"@type\":\"ListItem\",\"position\":1,\"name\":\"Home\",\"item\":\"https:\/\/www.monaandco.ch\/\"},{\"@type\":\"ListItem\",\"position\":2,\"name\":\"Useful Information\"}]},{\"@type\":\"WebSite\",\"@id\":\"https:\/\/www.monaandco.ch\/#website\",\"url\":\"https:\/\/www.monaandco.ch\/\",\"name\":\"MONA &amp; Co.\",\"description\":\"\",\"publisher\":{\"@id\":\"https:\/\/www.monaandco.ch\/#organization\"},\"potentialAction\":[{\"@type\":\"SearchAction\",\"target\":{\"@type\":\"EntryPoint\",\"urlTemplate\":\"https:\/\/www.monaandco.ch\/?s={search_term_string}\"},\"query-input\":{\"@type\":\"PropertyValueSpecification\",\"valueRequired\":true,\"valueName\":\"search_term_string\"}}],\"inLanguage\":\"de-CH\"},{\"@type\":\"Organization\",\"@id\":\"https:\/\/www.monaandco.ch\/#organization\",\"name\":\"MONA &amp; Co.\",\"url\":\"https:\/\/www.monaandco.ch\/\",\"logo\":{\"@type\":\"ImageObject\",\"inLanguage\":\"de-CH\",\"@id\":\"https:\/\/www.monaandco.ch\/#\/schema\/logo\/image\/\",\"url\":\"https:\/\/www.monaandco.ch\/wp-content\/uploads\/2026\/01\/MONA-CO.-Zurich-black-1.png\",\"contentUrl\":\"https:\/\/www.monaandco.ch\/wp-content\/uploads\/2026\/01\/MONA-CO.-Zurich-black-1.png\",\"width\":1032,\"height\":272,\"caption\":\"MONA &amp; Co.\"},\"image\":{\"@id\":\"https:\/\/www.monaandco.ch\/#\/schema\/logo\/image\/\"}}]}<\/script>\n<!-- \/ Yoast SEO plugin. -->","yoast_head_json":{"title":"N\u00fctzliche Informationen - MONA &amp; Co.","robots":{"index":"index","follow":"follow","max-snippet":"max-snippet:-1","max-image-preview":"max-image-preview:large","max-video-preview":"max-video-preview:-1"},"canonical":"https:\/\/www.monaandco.ch\/de\/wichtige-informationen\/","og_locale":"de_DE","og_type":"article","og_title":"Useful Information - MONA &amp; Co.","og_description":"Overview: Products, Payment, Shipping and Returns, Exchanges or Cancellations We are friendly people and work in good faith.\u00a0 The following provides transparency on important things.\u00a0 Please read the General Terms and Conditions for a full understanding.\u00a0 Mona &amp; Co. is the brand name of the company Sarikaya. Pricing: The customer is advised that antiques often [&hellip;]","og_url":"https:\/\/www.monaandco.ch\/de\/wichtige-informationen\/","og_site_name":"MONA &amp; Co.","article_modified_time":"2026-03-17T10:31:15+00:00","twitter_card":"summary_large_image","twitter_misc":{"Gesch\u00e4tzte Lesezeit":"3\u00a0Minuten"},"schema":{"@context":"https:\/\/schema.org","@graph":[{"@type":"WebPage","@id":"https:\/\/www.monaandco.ch\/important-information\/","url":"https:\/\/www.monaandco.ch\/important-information\/","name":"N\u00fctzliche Informationen - MONA &amp; Co.","isPartOf":{"@id":"https:\/\/www.monaandco.ch\/#website"},"datePublished":"2026-01-26T13:07:47+00:00","dateModified":"2026-03-17T10:31:15+00:00","breadcrumb":{"@id":"https:\/\/www.monaandco.ch\/important-information\/#breadcrumb"},"inLanguage":"de-CH","potentialAction":[{"@type":"ReadAction","target":["https:\/\/www.monaandco.ch\/important-information\/"]}]},{"@type":"BreadcrumbList","@id":"https:\/\/www.monaandco.ch\/important-information\/#breadcrumb","itemListElement":[{"@type":"ListItem","position":1,"name":"Home","item":"https:\/\/www.monaandco.ch\/"},{"@type":"ListItem","position":2,"name":"Useful Information"}]},{"@type":"WebSite","@id":"https:\/\/www.monaandco.ch\/#website","url":"https:\/\/www.monaandco.ch\/","name":"MONA &amp; Co.","description":"","publisher":{"@id":"https:\/\/www.monaandco.ch\/#organization"},"potentialAction":[{"@type":"SearchAction","target":{"@type":"EntryPoint","urlTemplate":"https:\/\/www.monaandco.ch\/?s={search_term_string}"},"query-input":{"@type":"PropertyValueSpecification","valueRequired":true,"valueName":"search_term_string"}}],"inLanguage":"de-CH"},{"@type":"Organization","@id":"https:\/\/www.monaandco.ch\/#organization","name":"MONA &amp; Co.","url":"https:\/\/www.monaandco.ch\/","logo":{"@type":"ImageObject","inLanguage":"de-CH","@id":"https:\/\/www.monaandco.ch\/#\/schema\/logo\/image\/","url":"https:\/\/www.monaandco.ch\/wp-content\/uploads\/2026\/01\/MONA-CO.-Zurich-black-1.png","contentUrl":"https:\/\/www.monaandco.ch\/wp-content\/uploads\/2026\/01\/MONA-CO.-Zurich-black-1.png","width":1032,"height":272,"caption":"MONA &amp; Co."},"image":{"@id":"https:\/\/www.monaandco.ch\/#\/schema\/logo\/image\/"}}]}},"_links":{"self":[{"href":"https:\/\/www.monaandco.ch\/de\/wp-json\/wp\/v2\/pages\/141","targetHints":{"allow":["GET"]}}],"collection":[{"href":"https:\/\/www.monaandco.ch\/de\/wp-json\/wp\/v2\/pages"}],"about":[{"href":"https:\/\/www.monaandco.ch\/de\/wp-json\/wp\/v2\/types\/page"}],"author":[{"embeddable":true,"href":"https:\/\/www.monaandco.ch\/de\/wp-json\/wp\/v2\/users\/1"}],"replies":[{"embeddable":true,"href":"https:\/\/www.monaandco.ch\/de\/wp-json\/wp\/v2\/comments?post=141"}],"version-history":[{"count":1,"href":"https:\/\/www.monaandco.ch\/de\/wp-json\/wp\/v2\/pages\/141\/revisions"}],"predecessor-version":[{"id":3091,"href":"https:\/\/www.monaandco.ch\/de\/wp-json\/wp\/v2\/pages\/141\/revisions\/3091"}],"wp:attachment":[{"href":"https:\/\/www.monaandco.ch\/de\/wp-json\/wp\/v2\/media?parent=141"}],"curies":[{"name":"wp","href":"https:\/\/api.w.org\/{rel}","templated":true}]}}