{"id":481,"date":"2026-01-26T13:36:56","date_gmt":"2026-01-26T13:36:56","guid":{"rendered":"https:\/\/www.monaandco.ch\/?post_type=product&#038;p=481"},"modified":"2026-01-26T16:08:14","modified_gmt":"2026-01-26T16:08:14","slug":"kronleuchter-aus-messing-und-glas","status":"publish","type":"product","link":"http:\/\/www.monaandco.ch\/de\/product\/brass-and-glass-chandelier\/","title":{"rendered":"Kronleuchter aus Messing und Glas"},"content":{"rendered":"<p>Ein 5-armiger Kronleuchter aus Messing und Glas mit Verzierungen. Dies ist ein seltener und au\u00dfergew\u00f6hnlich sch\u00f6ner Fund. Wir glauben, dass er \u00fcber 75 Jahre alt ist. Bitte beachten Sie, dass dieser Kronleuchter schwer ist (ca. 20-25 kg) und sorgf\u00e4ltig von einem Fachmann installiert werden muss.<\/p>","protected":false},"excerpt":{"rendered":"<p>Alle Produkte werden so verkauft, wie sie sind, das hei\u00dft, sie werden in dem Zustand angeboten, in dem sie sich zum Zeitpunkt des Kaufs befinden. Unvollkommenheiten und Patina sind nat\u00fcrliche Merkmale gealterter Gegenst\u00e4nde und stellen keine M\u00e4ngel dar. Jegliche Gew\u00e4hrleistungsanspr\u00fcche sind daher ausdr\u00fccklich ausgeschlossen.<\/p>","protected":false},"featured_media":646,"comment_status":"closed","ping_status":"closed","template":"","meta":{"_acf_changed":false},"product_brand":[],"product_cat":[41],"product_tag":[],"class_list":{"0":"post-481","1":"product","2":"type-product","3":"status-publish","4":"has-post-thumbnail","6":"product_cat-lights","8":"first","9":"instock","10":"taxable","11":"shipping-taxable","12":"purchasable","13":"product-type-simple"},"acf":[],"yoast_head":"<!-- This site is optimized with the Yoast SEO plugin v27.2 - https:\/\/yoast.com\/product\/yoast-seo-wordpress\/ -->\n<title>Brass and Glass chandelier - MONA &amp; Co.<\/title>\n<meta name=\"description\" content=\"Grand 5 arm antique brass chandelier. A statement piece to wow in all interiors. Beautiful Things from our collection. In Zurich Switzerland.\" \/>\n<meta name=\"robots\" content=\"index, follow, max-snippet:-1, max-image-preview:large, max-video-preview:-1\" \/>\n<link rel=\"canonical\" href=\"https:\/\/www.monaandco.ch\/de\/produkt\/kronleuchter-aus-messing-und-glas\/\" \/>\n<meta property=\"og:locale\" content=\"de_DE\" \/>\n<meta property=\"og:type\" content=\"article\" \/>\n<meta property=\"og:title\" content=\"Brass and Glass chandelier - MONA &amp; Co.\" \/>\n<meta property=\"og:description\" content=\"Grand 5 arm antique brass chandelier. A statement piece to wow in all interiors. Beautiful Things from our collection. In Zurich Switzerland.\" \/>\n<meta property=\"og:url\" content=\"https:\/\/www.monaandco.ch\/de\/produkt\/kronleuchter-aus-messing-und-glas\/\" \/>\n<meta property=\"og:site_name\" content=\"MONA &amp; Co.\" \/>\n<meta property=\"article:modified_time\" content=\"2026-01-26T16:08:14+00:00\" \/>\n<meta property=\"og:image\" content=\"https:\/\/www.monaandco.ch\/wp-content\/uploads\/2026\/01\/Brass-and-Glass-Chandelier-Main.webp\" \/>\n\t<meta property=\"og:image:width\" content=\"2000\" \/>\n\t<meta property=\"og:image:height\" content=\"2000\" \/>\n\t<meta property=\"og:image:type\" content=\"image\/webp\" \/>\n<meta name=\"twitter:card\" content=\"summary_large_image\" \/>\n<meta name=\"twitter:label1\" content=\"Gesch\u00e4tzte Lesezeit\" \/>\n\t<meta name=\"twitter:data1\" content=\"1\u00a0Minute\" \/>\n<script type=\"application\/ld+json\" class=\"yoast-schema-graph\">{\"@context\":\"https:\/\/schema.org\",\"@graph\":[{\"@type\":\"WebPage\",\"@id\":\"https:\/\/www.monaandco.ch\/product\/brass-and-glass-chandelier\/\",\"url\":\"https:\/\/www.monaandco.ch\/product\/brass-and-glass-chandelier\/\",\"name\":\"Brass and Glass chandelier - MONA &amp; Co.\",\"isPartOf\":{\"@id\":\"https:\/\/www.monaandco.ch\/#website\"},\"primaryImageOfPage\":{\"@id\":\"https:\/\/www.monaandco.ch\/product\/brass-and-glass-chandelier\/#primaryimage\"},\"image\":{\"@id\":\"https:\/\/www.monaandco.ch\/product\/brass-and-glass-chandelier\/#primaryimage\"},\"thumbnailUrl\":\"https:\/\/www.monaandco.ch\/wp-content\/uploads\/2026\/01\/Brass-and-Glass-Chandelier-Main.webp\",\"datePublished\":\"2026-01-26T13:36:56+00:00\",\"dateModified\":\"2026-01-26T16:08:14+00:00\",\"description\":\"Grand 5 arm antique brass chandelier. A statement piece to wow in all interiors. Beautiful Things from our collection. In Zurich Switzerland.\",\"breadcrumb\":{\"@id\":\"https:\/\/www.monaandco.ch\/product\/brass-and-glass-chandelier\/#breadcrumb\"},\"inLanguage\":\"de-CH\",\"potentialAction\":[{\"@type\":\"ReadAction\",\"target\":[\"https:\/\/www.monaandco.ch\/product\/brass-and-glass-chandelier\/\"]}]},{\"@type\":\"ImageObject\",\"inLanguage\":\"de-CH\",\"@id\":\"https:\/\/www.monaandco.ch\/product\/brass-and-glass-chandelier\/#primaryimage\",\"url\":\"https:\/\/www.monaandco.ch\/wp-content\/uploads\/2026\/01\/Brass-and-Glass-Chandelier-Main.webp\",\"contentUrl\":\"https:\/\/www.monaandco.ch\/wp-content\/uploads\/2026\/01\/Brass-and-Glass-Chandelier-Main.webp\",\"width\":2000,\"height\":2000},{\"@type\":\"BreadcrumbList\",\"@id\":\"https:\/\/www.monaandco.ch\/product\/brass-and-glass-chandelier\/#breadcrumb\",\"itemListElement\":[{\"@type\":\"ListItem\",\"position\":1,\"name\":\"Home\",\"item\":\"https:\/\/www.monaandco.ch\/\"},{\"@type\":\"ListItem\",\"position\":2,\"name\":\"Products\",\"item\":\"https:\/\/www.monaandco.ch\/yellowdotcollection\/8-revision-v1\/\"},{\"@type\":\"ListItem\",\"position\":3,\"name\":\"Brass and Glass chandelier\"}]},{\"@type\":\"WebSite\",\"@id\":\"https:\/\/www.monaandco.ch\/#website\",\"url\":\"https:\/\/www.monaandco.ch\/\",\"name\":\"MONA &amp; Co.\",\"description\":\"\",\"publisher\":{\"@id\":\"https:\/\/www.monaandco.ch\/#organization\"},\"potentialAction\":[{\"@type\":\"SearchAction\",\"target\":{\"@type\":\"EntryPoint\",\"urlTemplate\":\"https:\/\/www.monaandco.ch\/?s={search_term_string}\"},\"query-input\":{\"@type\":\"PropertyValueSpecification\",\"valueRequired\":true,\"valueName\":\"search_term_string\"}}],\"inLanguage\":\"de-CH\"},{\"@type\":\"Organization\",\"@id\":\"https:\/\/www.monaandco.ch\/#organization\",\"name\":\"MONA &amp; Co.\",\"url\":\"https:\/\/www.monaandco.ch\/\",\"logo\":{\"@type\":\"ImageObject\",\"inLanguage\":\"de-CH\",\"@id\":\"https:\/\/www.monaandco.ch\/#\/schema\/logo\/image\/\",\"url\":\"https:\/\/www.monaandco.ch\/wp-content\/uploads\/2026\/01\/MONA-CO.-Zurich-black-1.png\",\"contentUrl\":\"https:\/\/www.monaandco.ch\/wp-content\/uploads\/2026\/01\/MONA-CO.-Zurich-black-1.png\",\"width\":1032,\"height\":272,\"caption\":\"MONA &amp; Co.\"},\"image\":{\"@id\":\"https:\/\/www.monaandco.ch\/#\/schema\/logo\/image\/\"}}]}<\/script>\n<!-- \/ Yoast SEO plugin. -->","yoast_head_json":{"title":"Kronleuchter aus Messing und Glas - MONA &amp; Co.","description":"Gro\u00dfartiger 5-armiger Kronleuchter aus antikem Messing. Ein auff\u00e4lliges St\u00fcck, das in jedem Interieur beeindruckt. Beautiful Things aus unserer Kollektion. In Z\u00fcrich Schweiz.","robots":{"index":"index","follow":"follow","max-snippet":"max-snippet:-1","max-image-preview":"max-image-preview:large","max-video-preview":"max-video-preview:-1"},"canonical":"https:\/\/www.monaandco.ch\/de\/produkt\/kronleuchter-aus-messing-und-glas\/","og_locale":"de_DE","og_type":"article","og_title":"Brass and Glass chandelier - MONA &amp; Co.","og_description":"Grand 5 arm antique brass chandelier. A statement piece to wow in all interiors. Beautiful Things from our collection. In Zurich Switzerland.","og_url":"https:\/\/www.monaandco.ch\/de\/produkt\/kronleuchter-aus-messing-und-glas\/","og_site_name":"MONA &amp; Co.","article_modified_time":"2026-01-26T16:08:14+00:00","og_image":[{"width":2000,"height":2000,"url":"https:\/\/www.monaandco.ch\/wp-content\/uploads\/2026\/01\/Brass-and-Glass-Chandelier-Main.webp","type":"image\/webp"}],"twitter_card":"summary_large_image","twitter_misc":{"Gesch\u00e4tzte Lesezeit":"1\u00a0Minute"},"schema":{"@context":"https:\/\/schema.org","@graph":[{"@type":"WebPage","@id":"https:\/\/www.monaandco.ch\/product\/brass-and-glass-chandelier\/","url":"https:\/\/www.monaandco.ch\/product\/brass-and-glass-chandelier\/","name":"Kronleuchter aus Messing und Glas - MONA &amp; Co.","isPartOf":{"@id":"https:\/\/www.monaandco.ch\/#website"},"primaryImageOfPage":{"@id":"https:\/\/www.monaandco.ch\/product\/brass-and-glass-chandelier\/#primaryimage"},"image":{"@id":"https:\/\/www.monaandco.ch\/product\/brass-and-glass-chandelier\/#primaryimage"},"thumbnailUrl":"https:\/\/www.monaandco.ch\/wp-content\/uploads\/2026\/01\/Brass-and-Glass-Chandelier-Main.webp","datePublished":"2026-01-26T13:36:56+00:00","dateModified":"2026-01-26T16:08:14+00:00","description":"Gro\u00dfartiger 5-armiger Kronleuchter aus antikem Messing. Ein auff\u00e4lliges St\u00fcck, das in jedem Interieur beeindruckt. Beautiful Things aus unserer Kollektion. In Z\u00fcrich Schweiz.","breadcrumb":{"@id":"https:\/\/www.monaandco.ch\/product\/brass-and-glass-chandelier\/#breadcrumb"},"inLanguage":"de-CH","potentialAction":[{"@type":"ReadAction","target":["https:\/\/www.monaandco.ch\/product\/brass-and-glass-chandelier\/"]}]},{"@type":"ImageObject","inLanguage":"de-CH","@id":"https:\/\/www.monaandco.ch\/product\/brass-and-glass-chandelier\/#primaryimage","url":"https:\/\/www.monaandco.ch\/wp-content\/uploads\/2026\/01\/Brass-and-Glass-Chandelier-Main.webp","contentUrl":"https:\/\/www.monaandco.ch\/wp-content\/uploads\/2026\/01\/Brass-and-Glass-Chandelier-Main.webp","width":2000,"height":2000},{"@type":"BreadcrumbList","@id":"https:\/\/www.monaandco.ch\/product\/brass-and-glass-chandelier\/#breadcrumb","itemListElement":[{"@type":"ListItem","position":1,"name":"Home","item":"https:\/\/www.monaandco.ch\/"},{"@type":"ListItem","position":2,"name":"Products","item":"https:\/\/www.monaandco.ch\/yellowdotcollection\/8-revision-v1\/"},{"@type":"ListItem","position":3,"name":"Brass and Glass chandelier"}]},{"@type":"WebSite","@id":"https:\/\/www.monaandco.ch\/#website","url":"https:\/\/www.monaandco.ch\/","name":"MONA &amp; Co.","description":"","publisher":{"@id":"https:\/\/www.monaandco.ch\/#organization"},"potentialAction":[{"@type":"SearchAction","target":{"@type":"EntryPoint","urlTemplate":"https:\/\/www.monaandco.ch\/?s={search_term_string}"},"query-input":{"@type":"PropertyValueSpecification","valueRequired":true,"valueName":"search_term_string"}}],"inLanguage":"de-CH"},{"@type":"Organization","@id":"https:\/\/www.monaandco.ch\/#organization","name":"MONA &amp; Co.","url":"https:\/\/www.monaandco.ch\/","logo":{"@type":"ImageObject","inLanguage":"de-CH","@id":"https:\/\/www.monaandco.ch\/#\/schema\/logo\/image\/","url":"https:\/\/www.monaandco.ch\/wp-content\/uploads\/2026\/01\/MONA-CO.-Zurich-black-1.png","contentUrl":"https:\/\/www.monaandco.ch\/wp-content\/uploads\/2026\/01\/MONA-CO.-Zurich-black-1.png","width":1032,"height":272,"caption":"MONA &amp; Co."},"image":{"@id":"https:\/\/www.monaandco.ch\/#\/schema\/logo\/image\/"}}]}},"_links":{"self":[{"href":"http:\/\/www.monaandco.ch\/de\/wp-json\/wp\/v2\/product\/481","targetHints":{"allow":["GET"]}}],"collection":[{"href":"http:\/\/www.monaandco.ch\/de\/wp-json\/wp\/v2\/product"}],"about":[{"href":"http:\/\/www.monaandco.ch\/de\/wp-json\/wp\/v2\/types\/product"}],"replies":[{"embeddable":true,"href":"http:\/\/www.monaandco.ch\/de\/wp-json\/wp\/v2\/comments?post=481"}],"wp:featuredmedia":[{"embeddable":true,"href":"http:\/\/www.monaandco.ch\/de\/wp-json\/wp\/v2\/media\/646"}],"wp:attachment":[{"href":"http:\/\/www.monaandco.ch\/de\/wp-json\/wp\/v2\/media?parent=481"}],"wp:term":[{"taxonomy":"product_brand","embeddable":true,"href":"http:\/\/www.monaandco.ch\/de\/wp-json\/wp\/v2\/product_brand?post=481"},{"taxonomy":"product_cat","embeddable":true,"href":"http:\/\/www.monaandco.ch\/de\/wp-json\/wp\/v2\/product_cat?post=481"},{"taxonomy":"product_tag","embeddable":true,"href":"http:\/\/www.monaandco.ch\/de\/wp-json\/wp\/v2\/product_tag?post=481"}],"curies":[{"name":"wp","href":"https:\/\/api.w.org\/{rel}","templated":true}]}}