{"id":436,"date":"2026-01-26T13:35:43","date_gmt":"2026-01-26T13:35:43","guid":{"rendered":"https:\/\/www.monaandco.ch\/?post_type=product&#038;p=436"},"modified":"2026-01-26T15:53:52","modified_gmt":"2026-01-26T15:53:52","slug":"napoleon-iii-sessel-aus-vergoldetem-holz","status":"publish","type":"product","link":"http:\/\/www.monaandco.ch\/de\/product\/napoleon-iii-giltwood-armchairs\/","title":{"rendered":"Napoleon III Giltwood Sessel"},"content":{"rendered":"<p>Diese vergoldeten Ohrensessel haben einen wundersch\u00f6n geschnitzten Holzrahmen, der mit zarten Blattgolddetails verziert ist. Sie wurden vor kurzem renoviert und mit luxuri\u00f6ser reiner Seide neu gepolstert, wobei neue Daunenkissen f\u00fcr mehr Komfort hinzugef\u00fcgt wurden. Die St\u00fchle verk\u00f6rpern Opulenz und Charme der alten Welt. Es sind zwei St\u00fchle erh\u00e4ltlich.<\/p>","protected":false},"excerpt":{"rendered":"<p>Alle Produkte werden so verkauft, wie sie sind, das hei\u00dft, sie werden in dem Zustand angeboten, in dem sie sich zum Zeitpunkt des Kaufs befinden. Unvollkommenheiten und Patina sind nat\u00fcrliche Merkmale gealterter Gegenst\u00e4nde und stellen keine M\u00e4ngel dar. Jegliche Gew\u00e4hrleistungsanspr\u00fcche sind daher ausdr\u00fccklich ausgeschlossen.<\/p>","protected":false},"featured_media":524,"comment_status":"closed","ping_status":"closed","template":"","meta":{"_acf_changed":false},"product_brand":[],"product_cat":[39],"product_tag":[],"class_list":{"0":"post-436","1":"product","2":"type-product","3":"status-publish","4":"has-post-thumbnail","6":"product_cat-furniture","8":"first","9":"instock","10":"taxable","11":"shipping-taxable","12":"purchasable","13":"product-type-simple"},"acf":[],"yoast_head":"<!-- This site is optimized with the Yoast SEO plugin v27.2 - https:\/\/yoast.com\/product\/yoast-seo-wordpress\/ -->\n<title>Napoleon III Giltwood Armchairs - MONA &amp; Co.<\/title>\n<meta name=\"description\" content=\"Antique Giltwood wingback armchairs with a carved wood frame with gold leaf detailing. Upholstered in luxurious pure silk. Beautiful. Zurich Switzerland\" \/>\n<meta name=\"robots\" content=\"index, follow, max-snippet:-1, max-image-preview:large, max-video-preview:-1\" \/>\n<link rel=\"canonical\" href=\"https:\/\/www.monaandco.ch\/de\/produkt\/napoleon-iii-sessel-aus-vergoldetem-holz\/\" \/>\n<meta property=\"og:locale\" content=\"de_DE\" \/>\n<meta property=\"og:type\" content=\"article\" \/>\n<meta property=\"og:title\" content=\"Napoleon III Giltwood Armchairs - MONA &amp; Co.\" \/>\n<meta property=\"og:description\" content=\"Antique Giltwood wingback armchairs with a carved wood frame with gold leaf detailing. Upholstered in luxurious pure silk. Beautiful. Zurich Switzerland\" \/>\n<meta property=\"og:url\" content=\"https:\/\/www.monaandco.ch\/de\/produkt\/napoleon-iii-sessel-aus-vergoldetem-holz\/\" \/>\n<meta property=\"og:site_name\" content=\"MONA &amp; Co.\" \/>\n<meta property=\"article:modified_time\" content=\"2026-01-26T15:53:52+00:00\" \/>\n<meta property=\"og:image\" content=\"https:\/\/www.monaandco.ch\/wp-content\/uploads\/2026\/01\/Giltwood-Wingback-Chair-Main.jpg\" \/>\n\t<meta property=\"og:image:width\" content=\"2000\" \/>\n\t<meta property=\"og:image:height\" content=\"2000\" \/>\n\t<meta property=\"og:image:type\" content=\"image\/jpeg\" \/>\n<meta name=\"twitter:card\" content=\"summary_large_image\" \/>\n<meta name=\"twitter:label1\" content=\"Gesch\u00e4tzte Lesezeit\" \/>\n\t<meta name=\"twitter:data1\" content=\"1\u00a0Minute\" \/>\n<script type=\"application\/ld+json\" class=\"yoast-schema-graph\">{\"@context\":\"https:\/\/schema.org\",\"@graph\":[{\"@type\":\"WebPage\",\"@id\":\"https:\/\/www.monaandco.ch\/product\/napoleon-iii-giltwood-armchairs\/\",\"url\":\"https:\/\/www.monaandco.ch\/product\/napoleon-iii-giltwood-armchairs\/\",\"name\":\"Napoleon III Giltwood Armchairs - MONA &amp; Co.\",\"isPartOf\":{\"@id\":\"https:\/\/www.monaandco.ch\/#website\"},\"primaryImageOfPage\":{\"@id\":\"https:\/\/www.monaandco.ch\/product\/napoleon-iii-giltwood-armchairs\/#primaryimage\"},\"image\":{\"@id\":\"https:\/\/www.monaandco.ch\/product\/napoleon-iii-giltwood-armchairs\/#primaryimage\"},\"thumbnailUrl\":\"https:\/\/www.monaandco.ch\/wp-content\/uploads\/2026\/01\/Giltwood-Wingback-Chair-Main.jpg\",\"datePublished\":\"2026-01-26T13:35:43+00:00\",\"dateModified\":\"2026-01-26T15:53:52+00:00\",\"description\":\"Antique Giltwood wingback armchairs with a carved wood frame with gold leaf detailing. Upholstered in luxurious pure silk. Beautiful. Zurich Switzerland\",\"breadcrumb\":{\"@id\":\"https:\/\/www.monaandco.ch\/product\/napoleon-iii-giltwood-armchairs\/#breadcrumb\"},\"inLanguage\":\"de-CH\",\"potentialAction\":[{\"@type\":\"ReadAction\",\"target\":[\"https:\/\/www.monaandco.ch\/product\/napoleon-iii-giltwood-armchairs\/\"]}]},{\"@type\":\"ImageObject\",\"inLanguage\":\"de-CH\",\"@id\":\"https:\/\/www.monaandco.ch\/product\/napoleon-iii-giltwood-armchairs\/#primaryimage\",\"url\":\"https:\/\/www.monaandco.ch\/wp-content\/uploads\/2026\/01\/Giltwood-Wingback-Chair-Main.jpg\",\"contentUrl\":\"https:\/\/www.monaandco.ch\/wp-content\/uploads\/2026\/01\/Giltwood-Wingback-Chair-Main.jpg\",\"width\":2000,\"height\":2000},{\"@type\":\"BreadcrumbList\",\"@id\":\"https:\/\/www.monaandco.ch\/product\/napoleon-iii-giltwood-armchairs\/#breadcrumb\",\"itemListElement\":[{\"@type\":\"ListItem\",\"position\":1,\"name\":\"Home\",\"item\":\"https:\/\/www.monaandco.ch\/\"},{\"@type\":\"ListItem\",\"position\":2,\"name\":\"Products\",\"item\":\"https:\/\/www.monaandco.ch\/yellowdotcollection\/8-revision-v1\/\"},{\"@type\":\"ListItem\",\"position\":3,\"name\":\"Napoleon III Giltwood Armchairs\"}]},{\"@type\":\"WebSite\",\"@id\":\"https:\/\/www.monaandco.ch\/#website\",\"url\":\"https:\/\/www.monaandco.ch\/\",\"name\":\"MONA &amp; Co.\",\"description\":\"\",\"publisher\":{\"@id\":\"https:\/\/www.monaandco.ch\/#organization\"},\"potentialAction\":[{\"@type\":\"SearchAction\",\"target\":{\"@type\":\"EntryPoint\",\"urlTemplate\":\"https:\/\/www.monaandco.ch\/?s={search_term_string}\"},\"query-input\":{\"@type\":\"PropertyValueSpecification\",\"valueRequired\":true,\"valueName\":\"search_term_string\"}}],\"inLanguage\":\"de-CH\"},{\"@type\":\"Organization\",\"@id\":\"https:\/\/www.monaandco.ch\/#organization\",\"name\":\"MONA &amp; Co.\",\"url\":\"https:\/\/www.monaandco.ch\/\",\"logo\":{\"@type\":\"ImageObject\",\"inLanguage\":\"de-CH\",\"@id\":\"https:\/\/www.monaandco.ch\/#\/schema\/logo\/image\/\",\"url\":\"https:\/\/www.monaandco.ch\/wp-content\/uploads\/2026\/01\/MONA-CO.-Zurich-black-1.png\",\"contentUrl\":\"https:\/\/www.monaandco.ch\/wp-content\/uploads\/2026\/01\/MONA-CO.-Zurich-black-1.png\",\"width\":1032,\"height\":272,\"caption\":\"MONA &amp; Co.\"},\"image\":{\"@id\":\"https:\/\/www.monaandco.ch\/#\/schema\/logo\/image\/\"}}]}<\/script>\n<!-- \/ Yoast SEO plugin. -->","yoast_head_json":{"title":"Sessel aus Giltwood Napoleon III - MONA &amp; Co.","description":"Antike Ohrensessel aus Giltwood mit geschnitztem Holzrahmen und Blattgoldverzierungen. Gepolstert mit luxuri\u00f6ser reiner Seide. Sch\u00f6n. Z\u00fcrich Schweiz","robots":{"index":"index","follow":"follow","max-snippet":"max-snippet:-1","max-image-preview":"max-image-preview:large","max-video-preview":"max-video-preview:-1"},"canonical":"https:\/\/www.monaandco.ch\/de\/produkt\/napoleon-iii-sessel-aus-vergoldetem-holz\/","og_locale":"de_DE","og_type":"article","og_title":"Napoleon III Giltwood Armchairs - MONA &amp; Co.","og_description":"Antique Giltwood wingback armchairs with a carved wood frame with gold leaf detailing. Upholstered in luxurious pure silk. Beautiful. Zurich Switzerland","og_url":"https:\/\/www.monaandco.ch\/de\/produkt\/napoleon-iii-sessel-aus-vergoldetem-holz\/","og_site_name":"MONA &amp; Co.","article_modified_time":"2026-01-26T15:53:52+00:00","og_image":[{"width":2000,"height":2000,"url":"https:\/\/www.monaandco.ch\/wp-content\/uploads\/2026\/01\/Giltwood-Wingback-Chair-Main.jpg","type":"image\/jpeg"}],"twitter_card":"summary_large_image","twitter_misc":{"Gesch\u00e4tzte Lesezeit":"1\u00a0Minute"},"schema":{"@context":"https:\/\/schema.org","@graph":[{"@type":"WebPage","@id":"https:\/\/www.monaandco.ch\/product\/napoleon-iii-giltwood-armchairs\/","url":"https:\/\/www.monaandco.ch\/product\/napoleon-iii-giltwood-armchairs\/","name":"Sessel aus Giltwood Napoleon III - MONA &amp; Co.","isPartOf":{"@id":"https:\/\/www.monaandco.ch\/#website"},"primaryImageOfPage":{"@id":"https:\/\/www.monaandco.ch\/product\/napoleon-iii-giltwood-armchairs\/#primaryimage"},"image":{"@id":"https:\/\/www.monaandco.ch\/product\/napoleon-iii-giltwood-armchairs\/#primaryimage"},"thumbnailUrl":"https:\/\/www.monaandco.ch\/wp-content\/uploads\/2026\/01\/Giltwood-Wingback-Chair-Main.jpg","datePublished":"2026-01-26T13:35:43+00:00","dateModified":"2026-01-26T15:53:52+00:00","description":"Antike Ohrensessel aus Giltwood mit geschnitztem Holzrahmen und Blattgoldverzierungen. Gepolstert mit luxuri\u00f6ser reiner Seide. Sch\u00f6n. Z\u00fcrich Schweiz","breadcrumb":{"@id":"https:\/\/www.monaandco.ch\/product\/napoleon-iii-giltwood-armchairs\/#breadcrumb"},"inLanguage":"de-CH","potentialAction":[{"@type":"ReadAction","target":["https:\/\/www.monaandco.ch\/product\/napoleon-iii-giltwood-armchairs\/"]}]},{"@type":"ImageObject","inLanguage":"de-CH","@id":"https:\/\/www.monaandco.ch\/product\/napoleon-iii-giltwood-armchairs\/#primaryimage","url":"https:\/\/www.monaandco.ch\/wp-content\/uploads\/2026\/01\/Giltwood-Wingback-Chair-Main.jpg","contentUrl":"https:\/\/www.monaandco.ch\/wp-content\/uploads\/2026\/01\/Giltwood-Wingback-Chair-Main.jpg","width":2000,"height":2000},{"@type":"BreadcrumbList","@id":"https:\/\/www.monaandco.ch\/product\/napoleon-iii-giltwood-armchairs\/#breadcrumb","itemListElement":[{"@type":"ListItem","position":1,"name":"Home","item":"https:\/\/www.monaandco.ch\/"},{"@type":"ListItem","position":2,"name":"Products","item":"https:\/\/www.monaandco.ch\/yellowdotcollection\/8-revision-v1\/"},{"@type":"ListItem","position":3,"name":"Napoleon III Giltwood Armchairs"}]},{"@type":"WebSite","@id":"https:\/\/www.monaandco.ch\/#website","url":"https:\/\/www.monaandco.ch\/","name":"MONA &amp; Co.","description":"","publisher":{"@id":"https:\/\/www.monaandco.ch\/#organization"},"potentialAction":[{"@type":"SearchAction","target":{"@type":"EntryPoint","urlTemplate":"https:\/\/www.monaandco.ch\/?s={search_term_string}"},"query-input":{"@type":"PropertyValueSpecification","valueRequired":true,"valueName":"search_term_string"}}],"inLanguage":"de-CH"},{"@type":"Organization","@id":"https:\/\/www.monaandco.ch\/#organization","name":"MONA &amp; Co.","url":"https:\/\/www.monaandco.ch\/","logo":{"@type":"ImageObject","inLanguage":"de-CH","@id":"https:\/\/www.monaandco.ch\/#\/schema\/logo\/image\/","url":"https:\/\/www.monaandco.ch\/wp-content\/uploads\/2026\/01\/MONA-CO.-Zurich-black-1.png","contentUrl":"https:\/\/www.monaandco.ch\/wp-content\/uploads\/2026\/01\/MONA-CO.-Zurich-black-1.png","width":1032,"height":272,"caption":"MONA &amp; Co."},"image":{"@id":"https:\/\/www.monaandco.ch\/#\/schema\/logo\/image\/"}}]}},"_links":{"self":[{"href":"http:\/\/www.monaandco.ch\/de\/wp-json\/wp\/v2\/product\/436","targetHints":{"allow":["GET"]}}],"collection":[{"href":"http:\/\/www.monaandco.ch\/de\/wp-json\/wp\/v2\/product"}],"about":[{"href":"http:\/\/www.monaandco.ch\/de\/wp-json\/wp\/v2\/types\/product"}],"replies":[{"embeddable":true,"href":"http:\/\/www.monaandco.ch\/de\/wp-json\/wp\/v2\/comments?post=436"}],"wp:featuredmedia":[{"embeddable":true,"href":"http:\/\/www.monaandco.ch\/de\/wp-json\/wp\/v2\/media\/524"}],"wp:attachment":[{"href":"http:\/\/www.monaandco.ch\/de\/wp-json\/wp\/v2\/media?parent=436"}],"wp:term":[{"taxonomy":"product_brand","embeddable":true,"href":"http:\/\/www.monaandco.ch\/de\/wp-json\/wp\/v2\/product_brand?post=436"},{"taxonomy":"product_cat","embeddable":true,"href":"http:\/\/www.monaandco.ch\/de\/wp-json\/wp\/v2\/product_cat?post=436"},{"taxonomy":"product_tag","embeddable":true,"href":"http:\/\/www.monaandco.ch\/de\/wp-json\/wp\/v2\/product_tag?post=436"}],"curies":[{"name":"wp","href":"https:\/\/api.w.org\/{rel}","templated":true}]}}