{"id":2132,"date":"2026-02-19T15:58:55","date_gmt":"2026-02-19T15:58:55","guid":{"rendered":"https:\/\/www.monaandco.ch\/?post_type=product&#038;p=2132"},"modified":"2026-03-26T10:26:22","modified_gmt":"2026-03-26T10:26:22","slug":"strata","status":"publish","type":"product","link":"http:\/\/www.monaandco.ch\/de\/product\/strata\/","title":{"rendered":"Strata"},"content":{"rendered":"<p>Ein markantes lineares Design, das durch handgeschnitzte Details aufgewertet wird. Luxuri\u00f6s weicher Flor.<\/p>\n<ul>\n<li>Material: Neuseel\u00e4ndische Wolle<\/li>\n<li>Weben: Handgekn\u00fcpft<\/li>\n<li>Florh\u00f6he: 8-12MM<\/li>\n<li>Farbe: Creme Perle<\/li>\n<\/ul>","protected":false},"excerpt":{"rendered":"<p>Die Lieferung von Mustern dauert 2-3 Wochen.<br \/>\nHerstellungs- und Lieferzeiten: Handgekn\u00fcpfte Teppiche 10-15 Wochen. Handgewebte Teppiche 6-8 Wochen. Getuftete und flachgewebte Teppiche 4-5 Wochen.<br \/>\nWenn Sie eine individuelle Gr\u00f6\u00dfe oder Farbe w\u00fcnschen, verwenden Sie bitte das Anfrageformular. F\u00fcr diesen Service fallen keine zus\u00e4tzlichen Kosten an.<br \/>\nAlle Teppiche werden nur auf Bestellung gefertigt. Die Natur der Handarbeit ist, dass es einen Unterschied in der Farbe, Gr\u00f6\u00dfe oder Textur Variation auf das Web und die Bestellung platziert werden kann. Wir tun alles, um sicherzustellen, dass die Unterschiede minimal sind.<\/p>","protected":false},"featured_media":2133,"comment_status":"open","ping_status":"closed","template":"","meta":{"_acf_changed":false},"product_brand":[],"product_cat":[58,54,51],"product_tag":[],"class_list":{"0":"post-2132","1":"product","2":"type-product","3":"status-publish","4":"has-post-thumbnail","6":"product_cat-hand-knotted","7":"product_cat-new-zealand-wool","8":"product_cat-patterned-rugs","10":"first","11":"instock","12":"taxable","13":"shipping-taxable","14":"purchasable","15":"product-type-variable","16":"has-default-attributes"},"acf":[],"yoast_head":"<!-- This site is optimized with the Yoast SEO plugin v27.2 - https:\/\/yoast.com\/product\/yoast-seo-wordpress\/ -->\n<title>Strata Rug - MONA &amp; Co.<\/title>\n<meta name=\"description\" content=\"A striking linear design enhanced by hand-carved detailing. Luxuriously soft pile. Hand knotted with cream pearl New Zealand wool.\" \/>\n<meta name=\"robots\" content=\"index, follow, max-snippet:-1, max-image-preview:large, max-video-preview:-1\" \/>\n<link rel=\"canonical\" href=\"https:\/\/www.monaandco.ch\/de\/produkt\/strata\/\" \/>\n<meta property=\"og:locale\" content=\"de_DE\" \/>\n<meta property=\"og:type\" content=\"article\" \/>\n<meta property=\"og:title\" content=\"Strata Rug - MONA &amp; Co.\" \/>\n<meta property=\"og:description\" content=\"A striking linear design enhanced by hand-carved detailing. Luxuriously soft pile. Hand knotted with cream pearl New Zealand wool.\" \/>\n<meta property=\"og:url\" content=\"https:\/\/www.monaandco.ch\/de\/produkt\/strata\/\" \/>\n<meta property=\"og:site_name\" content=\"MONA &amp; Co.\" \/>\n<meta property=\"article:modified_time\" content=\"2026-03-26T10:26:22+00:00\" \/>\n<meta property=\"og:image\" content=\"https:\/\/www.monaandco.ch\/wp-content\/uploads\/2026\/02\/Strata-Main.webp\" \/>\n\t<meta property=\"og:image:width\" content=\"1920\" \/>\n\t<meta property=\"og:image:height\" content=\"1919\" \/>\n\t<meta property=\"og:image:type\" content=\"image\/webp\" \/>\n<meta name=\"twitter:card\" content=\"summary_large_image\" \/>\n<meta name=\"twitter:label1\" content=\"Gesch\u00e4tzte Lesezeit\" \/>\n\t<meta name=\"twitter:data1\" content=\"1\u00a0Minute\" \/>\n<script type=\"application\/ld+json\" class=\"yoast-schema-graph\">{\"@context\":\"https:\/\/schema.org\",\"@graph\":[{\"@type\":\"WebPage\",\"@id\":\"https:\/\/www.monaandco.ch\/product\/strata\/\",\"url\":\"https:\/\/www.monaandco.ch\/product\/strata\/\",\"name\":\"Strata Rug - MONA &amp; Co.\",\"isPartOf\":{\"@id\":\"https:\/\/www.monaandco.ch\/#website\"},\"primaryImageOfPage\":{\"@id\":\"https:\/\/www.monaandco.ch\/product\/strata\/#primaryimage\"},\"image\":{\"@id\":\"https:\/\/www.monaandco.ch\/product\/strata\/#primaryimage\"},\"thumbnailUrl\":\"https:\/\/www.monaandco.ch\/wp-content\/uploads\/2026\/02\/Strata-Main.webp\",\"datePublished\":\"2026-02-19T15:58:55+00:00\",\"dateModified\":\"2026-03-26T10:26:22+00:00\",\"description\":\"A striking linear design enhanced by hand-carved detailing. Luxuriously soft pile. Hand knotted with cream pearl New Zealand wool.\",\"breadcrumb\":{\"@id\":\"https:\/\/www.monaandco.ch\/product\/strata\/#breadcrumb\"},\"inLanguage\":\"de-CH\",\"potentialAction\":[{\"@type\":\"ReadAction\",\"target\":[\"https:\/\/www.monaandco.ch\/product\/strata\/\"]}]},{\"@type\":\"ImageObject\",\"inLanguage\":\"de-CH\",\"@id\":\"https:\/\/www.monaandco.ch\/product\/strata\/#primaryimage\",\"url\":\"https:\/\/www.monaandco.ch\/wp-content\/uploads\/2026\/02\/Strata-Main.webp\",\"contentUrl\":\"https:\/\/www.monaandco.ch\/wp-content\/uploads\/2026\/02\/Strata-Main.webp\",\"width\":1920,\"height\":1919,\"caption\":\"Strata Rug\"},{\"@type\":\"BreadcrumbList\",\"@id\":\"https:\/\/www.monaandco.ch\/product\/strata\/#breadcrumb\",\"itemListElement\":[{\"@type\":\"ListItem\",\"position\":1,\"name\":\"Home\",\"item\":\"https:\/\/www.monaandco.ch\/\"},{\"@type\":\"ListItem\",\"position\":2,\"name\":\"Products\",\"item\":\"https:\/\/www.monaandco.ch\/yellowdotcollection\/8-revision-v1\/\"},{\"@type\":\"ListItem\",\"position\":3,\"name\":\"Strata\"}]},{\"@type\":\"WebSite\",\"@id\":\"https:\/\/www.monaandco.ch\/#website\",\"url\":\"https:\/\/www.monaandco.ch\/\",\"name\":\"MONA &amp; Co.\",\"description\":\"\",\"publisher\":{\"@id\":\"https:\/\/www.monaandco.ch\/#organization\"},\"potentialAction\":[{\"@type\":\"SearchAction\",\"target\":{\"@type\":\"EntryPoint\",\"urlTemplate\":\"https:\/\/www.monaandco.ch\/?s={search_term_string}\"},\"query-input\":{\"@type\":\"PropertyValueSpecification\",\"valueRequired\":true,\"valueName\":\"search_term_string\"}}],\"inLanguage\":\"de-CH\"},{\"@type\":\"Organization\",\"@id\":\"https:\/\/www.monaandco.ch\/#organization\",\"name\":\"MONA &amp; Co.\",\"url\":\"https:\/\/www.monaandco.ch\/\",\"logo\":{\"@type\":\"ImageObject\",\"inLanguage\":\"de-CH\",\"@id\":\"https:\/\/www.monaandco.ch\/#\/schema\/logo\/image\/\",\"url\":\"https:\/\/www.monaandco.ch\/wp-content\/uploads\/2026\/01\/MONA-CO.-Zurich-black-1.png\",\"contentUrl\":\"https:\/\/www.monaandco.ch\/wp-content\/uploads\/2026\/01\/MONA-CO.-Zurich-black-1.png\",\"width\":1032,\"height\":272,\"caption\":\"MONA &amp; Co.\"},\"image\":{\"@id\":\"https:\/\/www.monaandco.ch\/#\/schema\/logo\/image\/\"}}]}<\/script>\n<!-- \/ Yoast SEO plugin. -->","yoast_head_json":{"title":"Strata-Teppich - MONA &amp; Co.","description":"Ein markantes lineares Design, das durch handgeschnitzte Details aufgewertet wird. Luxuri\u00f6s weicher Flor. Handgekn\u00fcpft mit cremefarbener Perlwolle aus Neuseeland.","robots":{"index":"index","follow":"follow","max-snippet":"max-snippet:-1","max-image-preview":"max-image-preview:large","max-video-preview":"max-video-preview:-1"},"canonical":"https:\/\/www.monaandco.ch\/de\/produkt\/strata\/","og_locale":"de_DE","og_type":"article","og_title":"Strata Rug - MONA &amp; Co.","og_description":"A striking linear design enhanced by hand-carved detailing. Luxuriously soft pile. Hand knotted with cream pearl New Zealand wool.","og_url":"https:\/\/www.monaandco.ch\/de\/produkt\/strata\/","og_site_name":"MONA &amp; Co.","article_modified_time":"2026-03-26T10:26:22+00:00","og_image":[{"width":1920,"height":1919,"url":"https:\/\/www.monaandco.ch\/wp-content\/uploads\/2026\/02\/Strata-Main.webp","type":"image\/webp"}],"twitter_card":"summary_large_image","twitter_misc":{"Gesch\u00e4tzte Lesezeit":"1\u00a0Minute"},"schema":{"@context":"https:\/\/schema.org","@graph":[{"@type":"WebPage","@id":"https:\/\/www.monaandco.ch\/product\/strata\/","url":"https:\/\/www.monaandco.ch\/product\/strata\/","name":"Strata-Teppich - MONA &amp; Co.","isPartOf":{"@id":"https:\/\/www.monaandco.ch\/#website"},"primaryImageOfPage":{"@id":"https:\/\/www.monaandco.ch\/product\/strata\/#primaryimage"},"image":{"@id":"https:\/\/www.monaandco.ch\/product\/strata\/#primaryimage"},"thumbnailUrl":"https:\/\/www.monaandco.ch\/wp-content\/uploads\/2026\/02\/Strata-Main.webp","datePublished":"2026-02-19T15:58:55+00:00","dateModified":"2026-03-26T10:26:22+00:00","description":"Ein markantes lineares Design, das durch handgeschnitzte Details aufgewertet wird. Luxuri\u00f6s weicher Flor. Handgekn\u00fcpft mit cremefarbener Perlwolle aus Neuseeland.","breadcrumb":{"@id":"https:\/\/www.monaandco.ch\/product\/strata\/#breadcrumb"},"inLanguage":"de-CH","potentialAction":[{"@type":"ReadAction","target":["https:\/\/www.monaandco.ch\/product\/strata\/"]}]},{"@type":"ImageObject","inLanguage":"de-CH","@id":"https:\/\/www.monaandco.ch\/product\/strata\/#primaryimage","url":"https:\/\/www.monaandco.ch\/wp-content\/uploads\/2026\/02\/Strata-Main.webp","contentUrl":"https:\/\/www.monaandco.ch\/wp-content\/uploads\/2026\/02\/Strata-Main.webp","width":1920,"height":1919,"caption":"Strata Rug"},{"@type":"BreadcrumbList","@id":"https:\/\/www.monaandco.ch\/product\/strata\/#breadcrumb","itemListElement":[{"@type":"ListItem","position":1,"name":"Home","item":"https:\/\/www.monaandco.ch\/"},{"@type":"ListItem","position":2,"name":"Products","item":"https:\/\/www.monaandco.ch\/yellowdotcollection\/8-revision-v1\/"},{"@type":"ListItem","position":3,"name":"Strata"}]},{"@type":"WebSite","@id":"https:\/\/www.monaandco.ch\/#website","url":"https:\/\/www.monaandco.ch\/","name":"MONA &amp; Co.","description":"","publisher":{"@id":"https:\/\/www.monaandco.ch\/#organization"},"potentialAction":[{"@type":"SearchAction","target":{"@type":"EntryPoint","urlTemplate":"https:\/\/www.monaandco.ch\/?s={search_term_string}"},"query-input":{"@type":"PropertyValueSpecification","valueRequired":true,"valueName":"search_term_string"}}],"inLanguage":"de-CH"},{"@type":"Organization","@id":"https:\/\/www.monaandco.ch\/#organization","name":"MONA &amp; Co.","url":"https:\/\/www.monaandco.ch\/","logo":{"@type":"ImageObject","inLanguage":"de-CH","@id":"https:\/\/www.monaandco.ch\/#\/schema\/logo\/image\/","url":"https:\/\/www.monaandco.ch\/wp-content\/uploads\/2026\/01\/MONA-CO.-Zurich-black-1.png","contentUrl":"https:\/\/www.monaandco.ch\/wp-content\/uploads\/2026\/01\/MONA-CO.-Zurich-black-1.png","width":1032,"height":272,"caption":"MONA &amp; Co."},"image":{"@id":"https:\/\/www.monaandco.ch\/#\/schema\/logo\/image\/"}}]}},"_links":{"self":[{"href":"http:\/\/www.monaandco.ch\/de\/wp-json\/wp\/v2\/product\/2132","targetHints":{"allow":["GET"]}}],"collection":[{"href":"http:\/\/www.monaandco.ch\/de\/wp-json\/wp\/v2\/product"}],"about":[{"href":"http:\/\/www.monaandco.ch\/de\/wp-json\/wp\/v2\/types\/product"}],"replies":[{"embeddable":true,"href":"http:\/\/www.monaandco.ch\/de\/wp-json\/wp\/v2\/comments?post=2132"}],"wp:featuredmedia":[{"embeddable":true,"href":"http:\/\/www.monaandco.ch\/de\/wp-json\/wp\/v2\/media\/2133"}],"wp:attachment":[{"href":"http:\/\/www.monaandco.ch\/de\/wp-json\/wp\/v2\/media?parent=2132"}],"wp:term":[{"taxonomy":"product_brand","embeddable":true,"href":"http:\/\/www.monaandco.ch\/de\/wp-json\/wp\/v2\/product_brand?post=2132"},{"taxonomy":"product_cat","embeddable":true,"href":"http:\/\/www.monaandco.ch\/de\/wp-json\/wp\/v2\/product_cat?post=2132"},{"taxonomy":"product_tag","embeddable":true,"href":"http:\/\/www.monaandco.ch\/de\/wp-json\/wp\/v2\/product_tag?post=2132"}],"curies":[{"name":"wp","href":"https:\/\/api.w.org\/{rel}","templated":true}]}}