{"id":2108,"date":"2026-02-19T13:09:31","date_gmt":"2026-02-19T13:09:31","guid":{"rendered":"https:\/\/www.monaandco.ch\/?page_id=2108"},"modified":"2026-03-05T12:24:47","modified_gmt":"2026-03-05T12:24:47","slug":"teppiche-look-book","status":"publish","type":"page","link":"http:\/\/www.monaandco.ch\/de\/rugs-look-book\/","title":{"rendered":"Teppiche Look Book"},"content":{"rendered":"<div data-elementor-type=\"wp-page\" data-elementor-id=\"2108\" class=\"elementor elementor-2108\" data-elementor-post-type=\"page\">\n\t\t\t\t<div class=\"elementor-element elementor-element-8381b69 e-flex e-con-boxed e-con e-parent\" data-id=\"8381b69\" data-element_type=\"container\" data-e-type=\"container\">\n\t\t\t\t\t<div class=\"e-con-inner\">\n\t\t\t\t<div class=\"elementor-element elementor-element-8bbebb2 elementor-widget elementor-widget-heading\" data-id=\"8bbebb2\" data-element_type=\"widget\" data-e-type=\"widget\" data-widget_type=\"heading.default\">\n\t\t\t\t\t<h2 class=\"elementor-heading-title elementor-size-default\">Teppiche | Moderne handgefertigte Teppiche f\u00fcr inspirierte Innenr\u00e4ume<\/h2>\t\t\t\t<\/div>\n\t\t\t\t<div class=\"elementor-element elementor-element-a8def64 elementor-widget elementor-widget-text-editor\" data-id=\"a8def64\" data-element_type=\"widget\" data-e-type=\"widget\" data-widget_type=\"text-editor.default\">\n\t\t\t\t\t\t\t\t\t<p>Entdecken Sie unsere Auswahl an modernen, handgefertigten Teppichen, die in durchdachten Interieurs eingesetzt werden, und sehen Sie, wie Gr\u00f6\u00dfe und Struktur einen Raum definieren. Gefertigt aus hochwertiger Wolle und Seide, spiegelt jedes St\u00fcck au\u00dfergew\u00f6hnliche Qualit\u00e4t und ruhige Raffinesse wider. Diese luxuri\u00f6sen Teppiche wurden f\u00fcr das zeitgen\u00f6ssische Leben entworfen und bieten Weichheit ohne \u00dcberma\u00df, um einen raffinierten, m\u00fchelosen Stil zu schaffen. Wir hoffen, dass wir Sie dazu inspirieren k\u00f6nnen, sich vorzustellen, wie unsere Teppiche Ihren eigenen Raum definieren k\u00f6nnen.<\/p>\t\t\t\t\t\t\t\t<\/div>\n\t\t<div class=\"elementor-element elementor-element-9f12c78 e-con-full e-flex e-con e-child\" data-id=\"9f12c78\" data-element_type=\"container\" data-e-type=\"container\">\n\t\t<div class=\"elementor-element elementor-element-3397cd1 e-grid e-con-full e-con e-child\" data-id=\"3397cd1\" data-element_type=\"container\" data-e-type=\"container\">\n\t\t<div class=\"elementor-element elementor-element-7beb8fd e-con-full e-flex e-con e-child\" data-id=\"7beb8fd\" data-element_type=\"container\" data-e-type=\"container\">\n\t\t\t\t<div class=\"elementor-element elementor-element-774b33a elementor-widget elementor-widget-image\" data-id=\"774b33a\" data-element_type=\"widget\" data-e-type=\"widget\" data-widget_type=\"image.default\">\n\t\t\t\t\t\t\t\t\t\t\t\t\t\t\t<img fetchpriority=\"high\" decoding=\"async\" width=\"800\" height=\"800\" src=\"https:\/\/www.monaandco.ch\/wp-content\/uploads\/2026\/03\/Bed-2.jpg\" class=\"attachment-large size-large wp-image-2868\" alt=\"\" srcset=\"https:\/\/www.monaandco.ch\/wp-content\/uploads\/2026\/03\/Bed-2.jpg 1024w, https:\/\/www.monaandco.ch\/wp-content\/uploads\/2026\/03\/Bed-2-300x300.jpg 300w, https:\/\/www.monaandco.ch\/wp-content\/uploads\/2026\/03\/Bed-2-150x150.jpg 150w, https:\/\/www.monaandco.ch\/wp-content\/uploads\/2026\/03\/Bed-2-768x768.jpg 768w, https:\/\/www.monaandco.ch\/wp-content\/uploads\/2026\/03\/Bed-2-12x12.jpg 12w, https:\/\/www.monaandco.ch\/wp-content\/uploads\/2026\/03\/Bed-2-600x600.jpg 600w, https:\/\/www.monaandco.ch\/wp-content\/uploads\/2026\/03\/Bed-2-100x100.jpg 100w, https:\/\/www.monaandco.ch\/wp-content\/uploads\/2026\/03\/Bed-2-50x50.jpg 50w\" sizes=\"(max-width: 800px) 100vw, 800px\" \/>\t\t\t\t\t\t\t\t\t\t\t\t\t\t\t<\/div>\n\t\t\t\t<div class=\"elementor-element elementor-element-db3a2e3 elementor-widget elementor-widget-text-editor\" data-id=\"db3a2e3\" data-element_type=\"widget\" data-e-type=\"widget\" data-widget_type=\"text-editor.default\">\n\t\t\t\t\t\t\t\t\t<p><a href=\"https:\/\/www.monaandco.ch\/de\/teppiche-aussehen-buch-schlafzimmer\/\">Schlafzimmer<\/a><\/p>\t\t\t\t\t\t\t\t<\/div>\n\t\t\t\t<\/div>\n\t\t<div class=\"elementor-element elementor-element-8e5b725 e-con-full e-flex e-con e-child\" data-id=\"8e5b725\" data-element_type=\"container\" data-e-type=\"container\">\n\t\t\t\t<div class=\"elementor-element elementor-element-ff9fef6 elementor-widget elementor-widget-image\" data-id=\"ff9fef6\" data-element_type=\"widget\" data-e-type=\"widget\" data-widget_type=\"image.default\">\n\t\t\t\t\t\t\t\t\t\t\t\t\t\t\t<img decoding=\"async\" width=\"800\" height=\"800\" src=\"https:\/\/www.monaandco.ch\/wp-content\/uploads\/2026\/03\/Dining-1.jpg\" class=\"attachment-large size-large wp-image-2864\" alt=\"Essen\" srcset=\"https:\/\/www.monaandco.ch\/wp-content\/uploads\/2026\/03\/Dining-1.jpg 1024w, https:\/\/www.monaandco.ch\/wp-content\/uploads\/2026\/03\/Dining-1-300x300.jpg 300w, https:\/\/www.monaandco.ch\/wp-content\/uploads\/2026\/03\/Dining-1-150x150.jpg 150w, https:\/\/www.monaandco.ch\/wp-content\/uploads\/2026\/03\/Dining-1-768x768.jpg 768w, https:\/\/www.monaandco.ch\/wp-content\/uploads\/2026\/03\/Dining-1-12x12.jpg 12w, https:\/\/www.monaandco.ch\/wp-content\/uploads\/2026\/03\/Dining-1-600x600.jpg 600w, https:\/\/www.monaandco.ch\/wp-content\/uploads\/2026\/03\/Dining-1-100x100.jpg 100w, https:\/\/www.monaandco.ch\/wp-content\/uploads\/2026\/03\/Dining-1-50x50.jpg 50w\" sizes=\"(max-width: 800px) 100vw, 800px\" \/>\t\t\t\t\t\t\t\t\t\t\t\t\t\t\t<\/div>\n\t\t\t\t<div class=\"elementor-element elementor-element-a424619 elementor-widget elementor-widget-text-editor\" data-id=\"a424619\" data-element_type=\"widget\" data-e-type=\"widget\" data-widget_type=\"text-editor.default\">\n\t\t\t\t\t\t\t\t\t<p><a href=\"https:\/\/www.monaandco.ch\/de\/teppiche-look-book-esszimmer\/\">Esszimmer<\/a><\/p>\t\t\t\t\t\t\t\t<\/div>\n\t\t\t\t<\/div>\n\t\t<div class=\"elementor-element elementor-element-2fd3bd5 e-con-full e-flex e-con e-child\" data-id=\"2fd3bd5\" data-element_type=\"container\" data-e-type=\"container\">\n\t\t\t\t<div class=\"elementor-element elementor-element-fd153b5 elementor-widget elementor-widget-image\" data-id=\"fd153b5\" data-element_type=\"widget\" data-e-type=\"widget\" data-widget_type=\"image.default\">\n\t\t\t\t\t\t\t\t\t\t\t\t\t\t\t<img decoding=\"async\" width=\"800\" height=\"800\" src=\"https:\/\/www.monaandco.ch\/wp-content\/uploads\/2026\/03\/Drawing-1.webp\" class=\"attachment-large size-large wp-image-2865\" alt=\"Zeichensaal - Wohnzimmer\" srcset=\"https:\/\/www.monaandco.ch\/wp-content\/uploads\/2026\/03\/Drawing-1.webp 1024w, https:\/\/www.monaandco.ch\/wp-content\/uploads\/2026\/03\/Drawing-1-300x300.jpg 300w, https:\/\/www.monaandco.ch\/wp-content\/uploads\/2026\/03\/Drawing-1-150x150.jpg 150w, https:\/\/www.monaandco.ch\/wp-content\/uploads\/2026\/03\/Drawing-1-768x768.jpg 768w, https:\/\/www.monaandco.ch\/wp-content\/uploads\/2026\/03\/Drawing-1-12x12.jpg 12w, https:\/\/www.monaandco.ch\/wp-content\/uploads\/2026\/03\/Drawing-1-600x600.jpg 600w, https:\/\/www.monaandco.ch\/wp-content\/uploads\/2026\/03\/Drawing-1-100x100.jpg 100w, https:\/\/www.monaandco.ch\/wp-content\/uploads\/2026\/03\/Drawing-1-50x50.jpg 50w\" sizes=\"(max-width: 800px) 100vw, 800px\" \/>\t\t\t\t\t\t\t\t\t\t\t\t\t\t\t<\/div>\n\t\t\t\t<div class=\"elementor-element elementor-element-d53623e elementor-widget elementor-widget-text-editor\" data-id=\"d53623e\" data-element_type=\"widget\" data-e-type=\"widget\" data-widget_type=\"text-editor.default\">\n\t\t\t\t\t\t\t\t\t<p><a href=\"https:\/\/www.monaandco.ch\/de\/teppiche-aussehen-buch-salon-wohnzimmer\/\">Zeichensaal. Wohnzimmer \u2192 Wohnzimmer<\/a><\/p>\t\t\t\t\t\t\t\t<\/div>\n\t\t\t\t<\/div>\n\t\t<div class=\"elementor-element elementor-element-9f901a8 e-con-full e-flex e-con e-child\" data-id=\"9f901a8\" data-element_type=\"container\" data-e-type=\"container\">\n\t\t\t\t<div class=\"elementor-element elementor-element-ec7ada3 elementor-widget elementor-widget-image\" data-id=\"ec7ada3\" data-element_type=\"widget\" data-e-type=\"widget\" data-widget_type=\"image.default\">\n\t\t\t\t\t\t\t\t\t\t\t\t\t\t\t<img loading=\"lazy\" decoding=\"async\" width=\"800\" height=\"800\" src=\"https:\/\/www.monaandco.ch\/wp-content\/uploads\/2026\/03\/Office-1.jpg\" class=\"attachment-large size-large wp-image-2866\" alt=\"\" srcset=\"https:\/\/www.monaandco.ch\/wp-content\/uploads\/2026\/03\/Office-1.jpg 1024w, https:\/\/www.monaandco.ch\/wp-content\/uploads\/2026\/03\/Office-1-300x300.jpg 300w, https:\/\/www.monaandco.ch\/wp-content\/uploads\/2026\/03\/Office-1-150x150.jpg 150w, https:\/\/www.monaandco.ch\/wp-content\/uploads\/2026\/03\/Office-1-768x768.jpg 768w, https:\/\/www.monaandco.ch\/wp-content\/uploads\/2026\/03\/Office-1-12x12.jpg 12w, https:\/\/www.monaandco.ch\/wp-content\/uploads\/2026\/03\/Office-1-600x600.jpg 600w, https:\/\/www.monaandco.ch\/wp-content\/uploads\/2026\/03\/Office-1-100x100.jpg 100w, https:\/\/www.monaandco.ch\/wp-content\/uploads\/2026\/03\/Office-1-50x50.jpg 50w\" sizes=\"(max-width: 800px) 100vw, 800px\" \/>\t\t\t\t\t\t\t\t\t\t\t\t\t\t\t<\/div>\n\t\t\t\t<div class=\"elementor-element elementor-element-a4e8e2a elementor-widget elementor-widget-text-editor\" data-id=\"a4e8e2a\" data-element_type=\"widget\" data-e-type=\"widget\" data-widget_type=\"text-editor.default\">\n\t\t\t\t\t\t\t\t\t<p><a href=\"https:\/\/www.monaandco.ch\/de\/teppiche-aussehen-buch-buro\/\">B\u00fcro \u2192.<\/a><\/p>\t\t\t\t\t\t\t\t<\/div>\n\t\t\t\t<\/div>\n\t\t\t\t<\/div>\n\t\t\t\t<\/div>\n\t\t\t\t\t<\/div>\n\t\t\t\t<\/div>\n\t\t\t\t<\/div>","protected":false},"excerpt":{"rendered":"<p>Rugs | Modern Handmade Rugs for Inspired Interiors Explore our selection of modern handmade rugs styled in thoughtfully designed interiors, and see how scale and texture define a room. Crafted from premium wool and silk, each piece reflects exceptional quality and quiet sophistication. Designed for contemporary living, these luxury rugs bring softness without excess to [&hellip;]<\/p>\n","protected":false},"author":1,"featured_media":0,"parent":0,"menu_order":0,"comment_status":"closed","ping_status":"closed","template":"","meta":{"_acf_changed":false,"footnotes":""},"class_list":["post-2108","page","type-page","status-publish","hentry"],"acf":[],"yoast_head":"<!-- This site is optimized with the Yoast SEO plugin v27.2 - https:\/\/yoast.com\/product\/yoast-seo-wordpress\/ -->\n<title>Rugs Look Book - MONA &amp; Co.<\/title>\n<meta name=\"robots\" content=\"index, follow, max-snippet:-1, max-image-preview:large, max-video-preview:-1\" \/>\n<link rel=\"canonical\" href=\"https:\/\/www.monaandco.ch\/de\/teppiche-look-book\/\" \/>\n<meta property=\"og:locale\" content=\"de_DE\" \/>\n<meta property=\"og:type\" content=\"article\" \/>\n<meta property=\"og:title\" content=\"Rugs Look Book - MONA &amp; Co.\" \/>\n<meta property=\"og:description\" content=\"Rugs | Modern Handmade Rugs for Inspired Interiors Explore our selection of modern handmade rugs styled in thoughtfully designed interiors, and see how scale and texture define a room. Crafted from premium wool and silk, each piece reflects exceptional quality and quiet sophistication. Designed for contemporary living, these luxury rugs bring softness without excess to [&hellip;]\" \/>\n<meta property=\"og:url\" content=\"https:\/\/www.monaandco.ch\/de\/teppiche-look-book\/\" \/>\n<meta property=\"og:site_name\" content=\"MONA &amp; Co.\" \/>\n<meta property=\"article:modified_time\" content=\"2026-03-05T12:24:47+00:00\" \/>\n<meta property=\"og:image\" content=\"https:\/\/www.monaandco.ch\/wp-content\/uploads\/2026\/03\/Bed-2.jpg\" \/>\n\t<meta property=\"og:image:width\" content=\"1024\" \/>\n\t<meta property=\"og:image:height\" content=\"1024\" \/>\n\t<meta property=\"og:image:type\" content=\"image\/jpeg\" \/>\n<meta name=\"twitter:card\" content=\"summary_large_image\" \/>\n<meta name=\"twitter:label1\" content=\"Gesch\u00e4tzte Lesezeit\" \/>\n\t<meta name=\"twitter:data1\" content=\"1\u00a0Minute\" \/>\n<script type=\"application\/ld+json\" class=\"yoast-schema-graph\">{\"@context\":\"https:\/\/schema.org\",\"@graph\":[{\"@type\":\"WebPage\",\"@id\":\"https:\/\/www.monaandco.ch\/rugs-look-book\/\",\"url\":\"https:\/\/www.monaandco.ch\/rugs-look-book\/\",\"name\":\"Rugs Look Book - MONA &amp; Co.\",\"isPartOf\":{\"@id\":\"https:\/\/www.monaandco.ch\/#website\"},\"primaryImageOfPage\":{\"@id\":\"https:\/\/www.monaandco.ch\/rugs-look-book\/#primaryimage\"},\"image\":{\"@id\":\"https:\/\/www.monaandco.ch\/rugs-look-book\/#primaryimage\"},\"thumbnailUrl\":\"https:\/\/www.monaandco.ch\/wp-content\/uploads\/2026\/03\/Bed-2.jpg\",\"datePublished\":\"2026-02-19T13:09:31+00:00\",\"dateModified\":\"2026-03-05T12:24:47+00:00\",\"breadcrumb\":{\"@id\":\"https:\/\/www.monaandco.ch\/rugs-look-book\/#breadcrumb\"},\"inLanguage\":\"de-CH\",\"potentialAction\":[{\"@type\":\"ReadAction\",\"target\":[\"https:\/\/www.monaandco.ch\/rugs-look-book\/\"]}]},{\"@type\":\"ImageObject\",\"inLanguage\":\"de-CH\",\"@id\":\"https:\/\/www.monaandco.ch\/rugs-look-book\/#primaryimage\",\"url\":\"https:\/\/www.monaandco.ch\/wp-content\/uploads\/2026\/03\/Bed-2.jpg\",\"contentUrl\":\"https:\/\/www.monaandco.ch\/wp-content\/uploads\/2026\/03\/Bed-2.jpg\"},{\"@type\":\"BreadcrumbList\",\"@id\":\"https:\/\/www.monaandco.ch\/rugs-look-book\/#breadcrumb\",\"itemListElement\":[{\"@type\":\"ListItem\",\"position\":1,\"name\":\"Home\",\"item\":\"https:\/\/www.monaandco.ch\/\"},{\"@type\":\"ListItem\",\"position\":2,\"name\":\"Rugs Look Book\"}]},{\"@type\":\"WebSite\",\"@id\":\"https:\/\/www.monaandco.ch\/#website\",\"url\":\"https:\/\/www.monaandco.ch\/\",\"name\":\"MONA &amp; Co.\",\"description\":\"\",\"publisher\":{\"@id\":\"https:\/\/www.monaandco.ch\/#organization\"},\"potentialAction\":[{\"@type\":\"SearchAction\",\"target\":{\"@type\":\"EntryPoint\",\"urlTemplate\":\"https:\/\/www.monaandco.ch\/?s={search_term_string}\"},\"query-input\":{\"@type\":\"PropertyValueSpecification\",\"valueRequired\":true,\"valueName\":\"search_term_string\"}}],\"inLanguage\":\"de-CH\"},{\"@type\":\"Organization\",\"@id\":\"https:\/\/www.monaandco.ch\/#organization\",\"name\":\"MONA &amp; Co.\",\"url\":\"https:\/\/www.monaandco.ch\/\",\"logo\":{\"@type\":\"ImageObject\",\"inLanguage\":\"de-CH\",\"@id\":\"https:\/\/www.monaandco.ch\/#\/schema\/logo\/image\/\",\"url\":\"https:\/\/www.monaandco.ch\/wp-content\/uploads\/2026\/01\/MONA-CO.-Zurich-black-1.png\",\"contentUrl\":\"https:\/\/www.monaandco.ch\/wp-content\/uploads\/2026\/01\/MONA-CO.-Zurich-black-1.png\",\"width\":1032,\"height\":272,\"caption\":\"MONA &amp; Co.\"},\"image\":{\"@id\":\"https:\/\/www.monaandco.ch\/#\/schema\/logo\/image\/\"}}]}<\/script>\n<!-- \/ Yoast SEO plugin. -->","yoast_head_json":{"title":"Look Book f\u00fcr Teppiche - MONA &amp; Co.","robots":{"index":"index","follow":"follow","max-snippet":"max-snippet:-1","max-image-preview":"max-image-preview:large","max-video-preview":"max-video-preview:-1"},"canonical":"https:\/\/www.monaandco.ch\/de\/teppiche-look-book\/","og_locale":"de_DE","og_type":"article","og_title":"Rugs Look Book - MONA &amp; Co.","og_description":"Rugs | Modern Handmade Rugs for Inspired Interiors Explore our selection of modern handmade rugs styled in thoughtfully designed interiors, and see how scale and texture define a room. Crafted from premium wool and silk, each piece reflects exceptional quality and quiet sophistication. Designed for contemporary living, these luxury rugs bring softness without excess to [&hellip;]","og_url":"https:\/\/www.monaandco.ch\/de\/teppiche-look-book\/","og_site_name":"MONA &amp; Co.","article_modified_time":"2026-03-05T12:24:47+00:00","og_image":[{"width":1024,"height":1024,"url":"https:\/\/www.monaandco.ch\/wp-content\/uploads\/2026\/03\/Bed-2.jpg","type":"image\/jpeg"}],"twitter_card":"summary_large_image","twitter_misc":{"Gesch\u00e4tzte Lesezeit":"1\u00a0Minute"},"schema":{"@context":"https:\/\/schema.org","@graph":[{"@type":"WebPage","@id":"https:\/\/www.monaandco.ch\/rugs-look-book\/","url":"https:\/\/www.monaandco.ch\/rugs-look-book\/","name":"Look Book f\u00fcr Teppiche - MONA &amp; Co.","isPartOf":{"@id":"https:\/\/www.monaandco.ch\/#website"},"primaryImageOfPage":{"@id":"https:\/\/www.monaandco.ch\/rugs-look-book\/#primaryimage"},"image":{"@id":"https:\/\/www.monaandco.ch\/rugs-look-book\/#primaryimage"},"thumbnailUrl":"https:\/\/www.monaandco.ch\/wp-content\/uploads\/2026\/03\/Bed-2.jpg","datePublished":"2026-02-19T13:09:31+00:00","dateModified":"2026-03-05T12:24:47+00:00","breadcrumb":{"@id":"https:\/\/www.monaandco.ch\/rugs-look-book\/#breadcrumb"},"inLanguage":"de-CH","potentialAction":[{"@type":"ReadAction","target":["https:\/\/www.monaandco.ch\/rugs-look-book\/"]}]},{"@type":"ImageObject","inLanguage":"de-CH","@id":"https:\/\/www.monaandco.ch\/rugs-look-book\/#primaryimage","url":"https:\/\/www.monaandco.ch\/wp-content\/uploads\/2026\/03\/Bed-2.jpg","contentUrl":"https:\/\/www.monaandco.ch\/wp-content\/uploads\/2026\/03\/Bed-2.jpg"},{"@type":"BreadcrumbList","@id":"https:\/\/www.monaandco.ch\/rugs-look-book\/#breadcrumb","itemListElement":[{"@type":"ListItem","position":1,"name":"Home","item":"https:\/\/www.monaandco.ch\/"},{"@type":"ListItem","position":2,"name":"Rugs Look Book"}]},{"@type":"WebSite","@id":"https:\/\/www.monaandco.ch\/#website","url":"https:\/\/www.monaandco.ch\/","name":"MONA &amp; Co.","description":"","publisher":{"@id":"https:\/\/www.monaandco.ch\/#organization"},"potentialAction":[{"@type":"SearchAction","target":{"@type":"EntryPoint","urlTemplate":"https:\/\/www.monaandco.ch\/?s={search_term_string}"},"query-input":{"@type":"PropertyValueSpecification","valueRequired":true,"valueName":"search_term_string"}}],"inLanguage":"de-CH"},{"@type":"Organization","@id":"https:\/\/www.monaandco.ch\/#organization","name":"MONA &amp; Co.","url":"https:\/\/www.monaandco.ch\/","logo":{"@type":"ImageObject","inLanguage":"de-CH","@id":"https:\/\/www.monaandco.ch\/#\/schema\/logo\/image\/","url":"https:\/\/www.monaandco.ch\/wp-content\/uploads\/2026\/01\/MONA-CO.-Zurich-black-1.png","contentUrl":"https:\/\/www.monaandco.ch\/wp-content\/uploads\/2026\/01\/MONA-CO.-Zurich-black-1.png","width":1032,"height":272,"caption":"MONA &amp; Co."},"image":{"@id":"https:\/\/www.monaandco.ch\/#\/schema\/logo\/image\/"}}]}},"_links":{"self":[{"href":"http:\/\/www.monaandco.ch\/de\/wp-json\/wp\/v2\/pages\/2108","targetHints":{"allow":["GET"]}}],"collection":[{"href":"http:\/\/www.monaandco.ch\/de\/wp-json\/wp\/v2\/pages"}],"about":[{"href":"http:\/\/www.monaandco.ch\/de\/wp-json\/wp\/v2\/types\/page"}],"author":[{"embeddable":true,"href":"http:\/\/www.monaandco.ch\/de\/wp-json\/wp\/v2\/users\/1"}],"replies":[{"embeddable":true,"href":"http:\/\/www.monaandco.ch\/de\/wp-json\/wp\/v2\/comments?post=2108"}],"version-history":[{"count":0,"href":"http:\/\/www.monaandco.ch\/de\/wp-json\/wp\/v2\/pages\/2108\/revisions"}],"wp:attachment":[{"href":"http:\/\/www.monaandco.ch\/de\/wp-json\/wp\/v2\/media?parent=2108"}],"curies":[{"name":"wp","href":"https:\/\/api.w.org\/{rel}","templated":true}]}}