{"id":1220,"date":"2026-02-02T15:45:11","date_gmt":"2026-02-02T15:45:11","guid":{"rendered":"https:\/\/www.monaandco.ch\/?page_id=1220"},"modified":"2026-03-20T13:54:07","modified_gmt":"2026-03-20T13:54:07","slug":"handgefertigte-teppiche","status":"publish","type":"page","link":"https:\/\/www.monaandco.ch\/de\/handmade-rugs\/","title":{"rendered":"Handgefertigte Teppiche"},"content":{"rendered":"<div data-elementor-type=\"wp-page\" data-elementor-id=\"1220\" class=\"elementor elementor-1220\" data-elementor-post-type=\"page\">\n\t\t\t\t<div class=\"elementor-element elementor-element-77fe4e6 e-flex e-con-boxed e-con e-parent\" data-id=\"77fe4e6\" data-element_type=\"container\" data-e-type=\"container\">\n\t\t\t\t\t<div class=\"e-con-inner\">\n\t\t\t\t<div class=\"elementor-element elementor-element-14bd288 elementor-widget elementor-widget-heading\" data-id=\"14bd288\" data-element_type=\"widget\" data-e-type=\"widget\" data-widget_type=\"heading.default\">\n\t\t\t\t\t<h2 class=\"elementor-heading-title elementor-size-default\">Luxuri\u00f6se handgekn\u00fcpfte moderne Teppiche aus Seide und Wolle<\/h2>\t\t\t\t<\/div>\n\t\t\t\t<div class=\"elementor-element elementor-element-f076647 elementor-widget elementor-widget-text-editor\" data-id=\"f076647\" data-element_type=\"widget\" data-e-type=\"widget\" data-widget_type=\"text-editor.default\">\n\t\t\t\t\t\t\t\t\t<p>Entworfen in Z\u00fcrich. Hergestellt in Indien.<\/p><p>Wir entwerfen und kreieren luxuri\u00f6se handgekn\u00fcpfte moderne Teppiche, die auf Bestellung aus reiner Seide und feinster Naturwolle gefertigt werden. Jedes St\u00fcck wird von Meisterhandwerkern mit altehrw\u00fcrdigen, nachhaltigen Techniken gewebt, die von Generation zu Generation weitergegeben werden. Unsere Teppiche, die in der traditionellen Handwerkskunst verwurzelt sind und dennoch f\u00fcr zeitgen\u00f6ssische Interieurs entworfen wurden, vereinen Tradition mit modernen Formen und einer Verpflichtung zur Umweltverantwortung. Jeder Teppich ist eine Ma\u00dfanfertigung, die ausschlie\u00dflich auf Bestellung hergestellt wird und niemals in Massenproduktion oder auf Lager ist.<\/p><p>Unsere handgekn\u00fcpften Teppiche, f\u00fcr die ausschlie\u00dflich hochwertige Naturmaterialien verwendet werden, verleihen einem Raum Tiefe, Textur und eine ruhige architektonische Pr\u00e4senz. Sie sollen einen Raum verankern und bilden die Grundlage f\u00fcr Kunst, M\u00f6bel und \u00fcberlegtes Wohnen. Das ist Handwerkskunst ohne Kompromisse.<\/p><p>Wir wenden Schweizer Design auf indische Handarbeit an und schaffen St\u00fccke, die Pr\u00e4zision, Seele und Nachhaltigkeit verk\u00f6rpern.<\/p><p>Entdecken Sie die Kollektion und bestellen Sie das St\u00fcck, das wie geschaffen f\u00fcr Ihr Zuhause ist - ob es nun Ihr erstes oder Ihr endg\u00fcltiges Zuhause ist.<\/p>\t\t\t\t\t\t\t\t<\/div>\n\t\t\t\t<div class=\"elementor-element elementor-element-9e4d3f9 elementor-grid-3 elementor-grid-tablet-3 elementor-grid-mobile-2 elementor-products-grid elementor-wc-products elementor-widget elementor-widget-wc-categories\" data-id=\"9e4d3f9\" data-element_type=\"widget\" data-e-type=\"widget\" data-widget_type=\"wc-categories.default\">\n\t\t\t\t\t<div class=\"woocommerce columns-3\"><ul class=\"products elementor-grid columns-3\">\n<li class=\"product-category product first\">\n\t<a aria-label=\"Produktkategorie Pure Silk besuchen\" href=\"https:\/\/www.monaandco.ch\/de\/product-category\/rugs\/silk-rugs\/\" data-no-translation-aria-label=\"\"><img fetchpriority=\"high\" decoding=\"async\" src=\"https:\/\/www.monaandco.ch\/wp-content\/uploads\/2026\/02\/Silk-Rug-Category-300x300.jpeg\" alt=\"Reine Seide\" width=\"300\" height=\"300\" srcset=\"https:\/\/www.monaandco.ch\/wp-content\/uploads\/2026\/02\/Silk-Rug-Category-300x300.jpeg 300w, https:\/\/www.monaandco.ch\/wp-content\/uploads\/2026\/02\/Silk-Rug-Category-150x150.jpeg 150w, https:\/\/www.monaandco.ch\/wp-content\/uploads\/2026\/02\/Silk-Rug-Category-12x12.jpeg 12w, https:\/\/www.monaandco.ch\/wp-content\/uploads\/2026\/02\/Silk-Rug-Category-100x100.jpeg 100w, https:\/\/www.monaandco.ch\/wp-content\/uploads\/2026\/02\/Silk-Rug-Category-50x50.jpeg 50w\" sizes=\"(max-width: 300px) 100vw, 300px\" \/>\t\t<h2 class=\"woocommerce-loop-category__title\">\n\t\t\tReine Seide <mark class=\"count\">(1)<\/mark>\t\t<\/h2>\n\t\t<\/a><\/li>\n<li class=\"product-category product\">\n\t<a aria-label=\"Produktkategorie Pure Wool besuchen\" href=\"https:\/\/www.monaandco.ch\/de\/product-category\/rugs\/wool-rugs\/\" data-no-translation-aria-label=\"\"><img decoding=\"async\" src=\"https:\/\/www.monaandco.ch\/wp-content\/uploads\/2026\/02\/Wool-Rug-Category-300x300.webp\" alt=\"Reine Wolle\" width=\"300\" height=\"300\" srcset=\"https:\/\/www.monaandco.ch\/wp-content\/uploads\/2026\/02\/Wool-Rug-Category-300x300.webp 300w, https:\/\/www.monaandco.ch\/wp-content\/uploads\/2026\/02\/Wool-Rug-Category-150x150.webp 150w, https:\/\/www.monaandco.ch\/wp-content\/uploads\/2026\/02\/Wool-Rug-Category-100x100.webp 100w\" sizes=\"(max-width: 300px) 100vw, 300px\" \/>\t\t<h2 class=\"woocommerce-loop-category__title\">\n\t\t\tReine Wolle <mark class=\"count\">(6)<\/mark>\t\t<\/h2>\n\t\t<\/a><\/li>\n<li class=\"product-category product last\">\n\t<a aria-label=\"Produktkategorie Pure Pattern besuchen\" href=\"https:\/\/www.monaandco.ch\/de\/product-category\/rugs\/patterned-rugs\/\" data-no-translation-aria-label=\"\"><img decoding=\"async\" src=\"https:\/\/www.monaandco.ch\/wp-content\/uploads\/2026\/02\/Patterned-Rug-Category-300x300.jpeg\" alt=\"Reines Muster\" width=\"300\" height=\"300\" srcset=\"https:\/\/www.monaandco.ch\/wp-content\/uploads\/2026\/02\/Patterned-Rug-Category-300x300.jpeg 300w, https:\/\/www.monaandco.ch\/wp-content\/uploads\/2026\/02\/Patterned-Rug-Category-150x150.jpeg 150w, https:\/\/www.monaandco.ch\/wp-content\/uploads\/2026\/02\/Patterned-Rug-Category-768x768.jpeg 768w, https:\/\/www.monaandco.ch\/wp-content\/uploads\/2026\/02\/Patterned-Rug-Category-12x12.jpeg 12w, https:\/\/www.monaandco.ch\/wp-content\/uploads\/2026\/02\/Patterned-Rug-Category-600x600.jpeg 600w, https:\/\/www.monaandco.ch\/wp-content\/uploads\/2026\/02\/Patterned-Rug-Category-100x100.jpeg 100w, https:\/\/www.monaandco.ch\/wp-content\/uploads\/2026\/02\/Patterned-Rug-Category-50x50.jpeg 50w, https:\/\/www.monaandco.ch\/wp-content\/uploads\/2026\/02\/Patterned-Rug-Category.jpeg 1024w\" sizes=\"(max-width: 300px) 100vw, 300px\" \/>\t\t<h2 class=\"woocommerce-loop-category__title\">\n\t\t\tReines Muster <mark class=\"count\">(16)<\/mark>\t\t<\/h2>\n\t\t<\/a><\/li>\n<\/ul>\n<\/div>\t\t\t\t<\/div>\n\t\t\t\t\t<\/div>\n\t\t\t\t<\/div>\n\t\t\t\t<\/div>","protected":false},"excerpt":{"rendered":"<p>Luxury Hand-Knotted Modern Rugs in Silk &amp; Wool Designed in Zurich. Made in India. We design and create luxury hand-knotted modern rugs crafted to order in pure silk and the finest natural wool. Every piece is woven by master artisans using time-honored, sustainable techniques passed down through generations. Rooted in heritage craftsmanship yet designed for [&hellip;]<\/p>\n","protected":false},"author":1,"featured_media":0,"parent":0,"menu_order":0,"comment_status":"closed","ping_status":"closed","template":"","meta":{"_acf_changed":false,"footnotes":""},"class_list":["post-1220","page","type-page","status-publish","hentry"],"acf":[],"yoast_head":"<!-- This site is optimized with the Yoast SEO plugin v27.4 - https:\/\/yoast.com\/product\/yoast-seo-wordpress\/ -->\n<title>Handmade Silk and Wool Rugs - MONA &amp; Co., Zurich, Switzerland<\/title>\n<meta name=\"description\" content=\"We design and create luxury hand-knotted modern rugs crafted to order in pure silk and the finest natural wool. Designed in Zurich Switzerland\" \/>\n<meta name=\"robots\" content=\"index, follow, max-snippet:-1, max-image-preview:large, max-video-preview:-1\" \/>\n<link rel=\"canonical\" href=\"https:\/\/www.monaandco.ch\/de\/handgefertigte-teppiche\/\" \/>\n<meta property=\"og:locale\" content=\"de_DE\" \/>\n<meta property=\"og:type\" content=\"article\" \/>\n<meta property=\"og:title\" content=\"Handmade Silk and Wool Rugs - MONA &amp; Co., Zurich, Switzerland\" \/>\n<meta property=\"og:description\" content=\"We design and create luxury hand-knotted modern rugs crafted to order in pure silk and the finest natural wool. Designed in Zurich Switzerland\" \/>\n<meta property=\"og:url\" content=\"https:\/\/www.monaandco.ch\/de\/handgefertigte-teppiche\/\" \/>\n<meta property=\"og:site_name\" content=\"MONA &amp; Co.\" \/>\n<meta property=\"article:modified_time\" content=\"2026-03-20T13:54:07+00:00\" \/>\n<meta name=\"twitter:card\" content=\"summary_large_image\" \/>\n<meta name=\"twitter:label1\" content=\"Gesch\u00e4tzte Lesezeit\" \/>\n\t<meta name=\"twitter:data1\" content=\"1\u00a0Minute\" \/>\n<script type=\"application\/ld+json\" class=\"yoast-schema-graph\">{\"@context\":\"https:\\\/\\\/schema.org\",\"@graph\":[{\"@type\":\"WebPage\",\"@id\":\"https:\\\/\\\/www.monaandco.ch\\\/handmade-rugs\\\/\",\"url\":\"https:\\\/\\\/www.monaandco.ch\\\/handmade-rugs\\\/\",\"name\":\"Handmade Silk and Wool Rugs - MONA &amp; Co., Zurich, Switzerland\",\"isPartOf\":{\"@id\":\"https:\\\/\\\/www.monaandco.ch\\\/#website\"},\"datePublished\":\"2026-02-02T15:45:11+00:00\",\"dateModified\":\"2026-03-20T13:54:07+00:00\",\"description\":\"We design and create luxury hand-knotted modern rugs crafted to order in pure silk and the finest natural wool. Designed in Zurich Switzerland\",\"breadcrumb\":{\"@id\":\"https:\\\/\\\/www.monaandco.ch\\\/handmade-rugs\\\/#breadcrumb\"},\"inLanguage\":\"de-CH\",\"potentialAction\":[{\"@type\":\"ReadAction\",\"target\":[\"https:\\\/\\\/www.monaandco.ch\\\/handmade-rugs\\\/\"]}]},{\"@type\":\"BreadcrumbList\",\"@id\":\"https:\\\/\\\/www.monaandco.ch\\\/handmade-rugs\\\/#breadcrumb\",\"itemListElement\":[{\"@type\":\"ListItem\",\"position\":1,\"name\":\"Home\",\"item\":\"https:\\\/\\\/www.monaandco.ch\\\/en\\\/\"},{\"@type\":\"ListItem\",\"position\":2,\"name\":\"Handmade Rugs\"}]},{\"@type\":\"WebSite\",\"@id\":\"https:\\\/\\\/www.monaandco.ch\\\/#website\",\"url\":\"https:\\\/\\\/www.monaandco.ch\\\/\",\"name\":\"MONA &amp; Co.\",\"description\":\"\",\"publisher\":{\"@id\":\"https:\\\/\\\/www.monaandco.ch\\\/#organization\"},\"potentialAction\":[{\"@type\":\"SearchAction\",\"target\":{\"@type\":\"EntryPoint\",\"urlTemplate\":\"https:\\\/\\\/www.monaandco.ch\\\/?s={search_term_string}\"},\"query-input\":{\"@type\":\"PropertyValueSpecification\",\"valueRequired\":true,\"valueName\":\"search_term_string\"}}],\"inLanguage\":\"de-CH\"},{\"@type\":\"Organization\",\"@id\":\"https:\\\/\\\/www.monaandco.ch\\\/#organization\",\"name\":\"MONA &amp; Co.\",\"url\":\"https:\\\/\\\/www.monaandco.ch\\\/\",\"logo\":{\"@type\":\"ImageObject\",\"inLanguage\":\"de-CH\",\"@id\":\"https:\\\/\\\/www.monaandco.ch\\\/#\\\/schema\\\/logo\\\/image\\\/\",\"url\":\"https:\\\/\\\/www.monaandco.ch\\\/wp-content\\\/uploads\\\/2026\\\/01\\\/MONA-CO.-Zurich-black-1.png\",\"contentUrl\":\"https:\\\/\\\/www.monaandco.ch\\\/wp-content\\\/uploads\\\/2026\\\/01\\\/MONA-CO.-Zurich-black-1.png\",\"width\":1032,\"height\":272,\"caption\":\"MONA &amp; Co.\"},\"image\":{\"@id\":\"https:\\\/\\\/www.monaandco.ch\\\/#\\\/schema\\\/logo\\\/image\\\/\"}}]}<\/script>\n<!-- \/ Yoast SEO plugin. -->","yoast_head_json":{"title":"Handgefertigte Teppiche aus Seide und Wolle - MONA &amp; Co., Z\u00fcrich, Schweiz","description":"Wir entwerfen und kreieren luxuri\u00f6se handgekn\u00fcpfte moderne Teppiche, die auf Bestellung aus reiner Seide und feinster Naturwolle gefertigt werden. Entworfen in Z\u00fcrich, Schweiz","robots":{"index":"index","follow":"follow","max-snippet":"max-snippet:-1","max-image-preview":"max-image-preview:large","max-video-preview":"max-video-preview:-1"},"canonical":"https:\/\/www.monaandco.ch\/de\/handgefertigte-teppiche\/","og_locale":"de_DE","og_type":"article","og_title":"Handmade Silk and Wool Rugs - MONA &amp; Co., Zurich, Switzerland","og_description":"We design and create luxury hand-knotted modern rugs crafted to order in pure silk and the finest natural wool. Designed in Zurich Switzerland","og_url":"https:\/\/www.monaandco.ch\/de\/handgefertigte-teppiche\/","og_site_name":"MONA &amp; Co.","article_modified_time":"2026-03-20T13:54:07+00:00","twitter_card":"summary_large_image","twitter_misc":{"Gesch\u00e4tzte Lesezeit":"1\u00a0Minute"},"schema":{"@context":"https:\/\/schema.org","@graph":[{"@type":"WebPage","@id":"https:\/\/www.monaandco.ch\/handmade-rugs\/","url":"https:\/\/www.monaandco.ch\/handmade-rugs\/","name":"Handgefertigte Teppiche aus Seide und Wolle - MONA &amp; Co., Z\u00fcrich, Schweiz","isPartOf":{"@id":"https:\/\/www.monaandco.ch\/#website"},"datePublished":"2026-02-02T15:45:11+00:00","dateModified":"2026-03-20T13:54:07+00:00","description":"Wir entwerfen und kreieren luxuri\u00f6se handgekn\u00fcpfte moderne Teppiche, die auf Bestellung aus reiner Seide und feinster Naturwolle gefertigt werden. Entworfen in Z\u00fcrich, Schweiz","breadcrumb":{"@id":"https:\/\/www.monaandco.ch\/handmade-rugs\/#breadcrumb"},"inLanguage":"de-CH","potentialAction":[{"@type":"ReadAction","target":["https:\/\/www.monaandco.ch\/handmade-rugs\/"]}]},{"@type":"BreadcrumbList","@id":"https:\/\/www.monaandco.ch\/handmade-rugs\/#breadcrumb","itemListElement":[{"@type":"ListItem","position":1,"name":"Home","item":"https:\/\/www.monaandco.ch\/en\/"},{"@type":"ListItem","position":2,"name":"Handmade Rugs"}]},{"@type":"WebSite","@id":"https:\/\/www.monaandco.ch\/#website","url":"https:\/\/www.monaandco.ch\/","name":"MONA &amp; Co.","description":"","publisher":{"@id":"https:\/\/www.monaandco.ch\/#organization"},"potentialAction":[{"@type":"SearchAction","target":{"@type":"EntryPoint","urlTemplate":"https:\/\/www.monaandco.ch\/?s={search_term_string}"},"query-input":{"@type":"PropertyValueSpecification","valueRequired":true,"valueName":"search_term_string"}}],"inLanguage":"de-CH"},{"@type":"Organization","@id":"https:\/\/www.monaandco.ch\/#organization","name":"MONA &amp; Co.","url":"https:\/\/www.monaandco.ch\/","logo":{"@type":"ImageObject","inLanguage":"de-CH","@id":"https:\/\/www.monaandco.ch\/#\/schema\/logo\/image\/","url":"https:\/\/www.monaandco.ch\/wp-content\/uploads\/2026\/01\/MONA-CO.-Zurich-black-1.png","contentUrl":"https:\/\/www.monaandco.ch\/wp-content\/uploads\/2026\/01\/MONA-CO.-Zurich-black-1.png","width":1032,"height":272,"caption":"MONA &amp; Co."},"image":{"@id":"https:\/\/www.monaandco.ch\/#\/schema\/logo\/image\/"}}]}},"_links":{"self":[{"href":"https:\/\/www.monaandco.ch\/de\/wp-json\/wp\/v2\/pages\/1220","targetHints":{"allow":["GET"]}}],"collection":[{"href":"https:\/\/www.monaandco.ch\/de\/wp-json\/wp\/v2\/pages"}],"about":[{"href":"https:\/\/www.monaandco.ch\/de\/wp-json\/wp\/v2\/types\/page"}],"author":[{"embeddable":true,"href":"https:\/\/www.monaandco.ch\/de\/wp-json\/wp\/v2\/users\/1"}],"replies":[{"embeddable":true,"href":"https:\/\/www.monaandco.ch\/de\/wp-json\/wp\/v2\/comments?post=1220"}],"version-history":[{"count":1,"href":"https:\/\/www.monaandco.ch\/de\/wp-json\/wp\/v2\/pages\/1220\/revisions"}],"predecessor-version":[{"id":3105,"href":"https:\/\/www.monaandco.ch\/de\/wp-json\/wp\/v2\/pages\/1220\/revisions\/3105"}],"wp:attachment":[{"href":"https:\/\/www.monaandco.ch\/de\/wp-json\/wp\/v2\/media?parent=1220"}],"curies":[{"name":"wp","href":"https:\/\/api.w.org\/{rel}","templated":true}]}}